{"id":217606,"date":"2024-10-10T16:42:05","date_gmt":"2024-10-10T15:42:05","guid":{"rendered":"https:\/\/www.delicias-uk.com\/product\/adega-mayor-selecao-bio-vinho-tinto-75cl\/"},"modified":"2025-08-27T15:16:56","modified_gmt":"2025-08-27T14:16:56","slug":"adega-mayor-selecao-bio-vinho-tinto-75cl","status":"publish","type":"product","link":"https:\/\/www.delicias-uk.com\/pt-pt\/produto\/adega-mayor-selecao-bio-vinho-tinto-75cl\/","title":{"rendered":"Adega Mayor Selecao Bio Vinho Tinto 75cl"},"content":{"rendered":"<p data-start=\"60\" data-end=\"93\"><strong data-start=\"60\" data-end=\"91\">Adega Mayor Sele\u00e7\u00e3o Organic<\/strong><\/p>\n<p data-start=\"95\" data-end=\"463\">Do respeito pela natureza nasceu a nova linha Sele\u00e7\u00e3o Bio \u2013 vinhos 100% biol\u00f3gicos da Adega Mayor. A nova Sele\u00e7\u00e3o Bio prov\u00e9m de vinhas biol\u00f3gicas com m\u00ednima interven\u00e7\u00e3o humana. Puros e exuberantes, cheios de fruta expressiva e alguns vegetais frescos, sugerem notas de groselha, ginja, framboesa, esteva e flores silvestres. Um vinho que abre os sentidos \u00e0 natureza.<\/p>\n<p data-start=\"465\" data-end=\"844\">Vinho de cor rubi-violeta, de intensidade m\u00e9dia. Aromaticamente \u00e9 puro e exuberante, cheio de fruta expressiva e alguns vegetais frescos, sugerindo notas de groselha, ginja, framboesa, esteva e flores silvestres. Na boca revela acidez, corpo e taninos polidos; a pureza da fruta percorre toda a prova, mostrando ser um vinho direto e descomplicado, com grande poder de atra\u00e7\u00e3o.<\/p>\n<p data-start=\"846\" data-end=\"1116\">Um tinto alentejano fresco e vers\u00e1til, que se revela uma excelente companhia para uma grande variedade de pratos. Caril de gr\u00e3o, alm\u00f4ndegas de lentilhas, refei\u00e7\u00f5es leves, petiscos, t\u00e1buas de queijos e enchidos ou at\u00e9 carnes grelhadas, ser\u00e3o certamente uma boa escolha.<\/p>\n<p data-start=\"1118\" data-end=\"1338\"><strong data-start=\"1118\" data-end=\"1131\">Produtor:<\/strong> Adega Mayor<br data-start=\"1143\" data-end=\"1146\" \/><strong data-start=\"1146\" data-end=\"1157\">Regi\u00e3o:<\/strong> Alentejo, Portugal<br data-start=\"1176\" data-end=\"1179\" \/><strong data-start=\"1179\" data-end=\"1190\">Estilo:<\/strong> Vinho Tinto<br data-start=\"1202\" data-end=\"1205\" \/><strong data-start=\"1205\" data-end=\"1216\">Castas:<\/strong> 55% Aragonez, 25% Castel\u00e3o e 20% Trincadeira<br data-start=\"1261\" data-end=\"1264\" \/><strong data-start=\"1264\" data-end=\"1275\" data-is-only-node=\"\">Volume:<\/strong> 75cl<br data-start=\"1280\" data-end=\"1283\" \/><strong data-start=\"1283\" data-end=\"1294\">\u00c1lcool:<\/strong> 13%<br data-start=\"1298\" data-end=\"1301\" \/><strong data-start=\"1301\" data-end=\"1328\">Temperatura de Servi\u00e7o:<\/strong> 16\u201318\u00baC<\/p>\n","protected":false},"excerpt":{"rendered":"<ul>\n<li><strong data-start=\"1118\" data-end=\"1131\">Produtor:<\/strong> Adega Mayor<\/li>\n<li><strong data-start=\"1146\" data-end=\"1157\">Regi\u00e3o:<\/strong> Alentejo, Portugal<\/li>\n<li><strong data-start=\"1179\" data-end=\"1190\">Estilo:<\/strong> Vinho Tinto<\/li>\n<li><strong data-start=\"1205\" data-end=\"1216\">Castas:<\/strong> 55% Aragonez, 25% Castel\u00e3o e 20% Trincadeira<\/li>\n<li><strong data-start=\"1264\" data-end=\"1275\" data-is-only-node=\"\">Volume:<\/strong> 75cl<\/li>\n<li><strong data-start=\"1283\" data-end=\"1294\">\u00c1lcool:<\/strong> 13%<\/li>\n<li><strong data-start=\"1301\" data-end=\"1328\">Temperatura de Servi\u00e7o:<\/strong> 16\u201318\u00baC<\/li>\n<\/ul>\n","protected":false},"author":43533,"featured_media":234058,"comment_status":"open","ping_status":"closed","template":"","meta":[],"pwb-brand":[],"product_brand":[],"product_cat":[8289,8291,8431,8449,8685],"product_tag":[9239,9237,9238],"class_list":{"0":"post-217606","1":"product","2":"type-product","3":"status-publish","4":"has-post-thumbnail","6":"product_cat-inicio","7":"product_cat-produtos-portugueses","8":"product_cat-vinhos-pt-pt","9":"product_cat-vinho-tinto","10":"product_cat-alentejo-pt-pt","11":"product_tag-alentejo-pt-pt","12":"product_tag-red-wine-pt-pt","13":"product_tag-wine-pt-pt","15":"first","16":"outofstock","17":"taxable","18":"shipping-taxable","19":"purchasable","20":"product-type-simple"},"aioseo_notices":[],"brands":[],"_links":{"self":[{"href":"https:\/\/www.delicias-uk.com\/pt-pt\/wp-json\/wp\/v2\/product\/217606","targetHints":{"allow":["GET"]}}],"collection":[{"href":"https:\/\/www.delicias-uk.com\/pt-pt\/wp-json\/wp\/v2\/product"}],"about":[{"href":"https:\/\/www.delicias-uk.com\/pt-pt\/wp-json\/wp\/v2\/types\/product"}],"author":[{"embeddable":true,"href":"https:\/\/www.delicias-uk.com\/pt-pt\/wp-json\/wp\/v2\/users\/43533"}],"replies":[{"embeddable":true,"href":"https:\/\/www.delicias-uk.com\/pt-pt\/wp-json\/wp\/v2\/comments?post=217606"}],"wp:featuredmedia":[{"embeddable":true,"href":"https:\/\/www.delicias-uk.com\/pt-pt\/wp-json\/wp\/v2\/media\/234058"}],"wp:attachment":[{"href":"https:\/\/www.delicias-uk.com\/pt-pt\/wp-json\/wp\/v2\/media?parent=217606"}],"wp:term":[{"taxonomy":"pwb-brand","embeddable":true,"href":"https:\/\/www.delicias-uk.com\/pt-pt\/wp-json\/wp\/v2\/pwb-brand?post=217606"},{"taxonomy":"product_brand","embeddable":true,"href":"https:\/\/www.delicias-uk.com\/pt-pt\/wp-json\/wp\/v2\/product_brand?post=217606"},{"taxonomy":"product_cat","embeddable":true,"href":"https:\/\/www.delicias-uk.com\/pt-pt\/wp-json\/wp\/v2\/product_cat?post=217606"},{"taxonomy":"product_tag","embeddable":true,"href":"https:\/\/www.delicias-uk.com\/pt-pt\/wp-json\/wp\/v2\/product_tag?post=217606"}],"curies":[{"name":"wp","href":"https:\/\/api.w.org\/{rel}","templated":true}]}}