{"id":217604,"date":"2024-10-10T10:30:19","date_gmt":"2024-10-10T10:30:19","guid":{"rendered":"https:\/\/www.delicias-uk.com\/product\/molho-base-para-moamba-guineas-lata-410g\/"},"modified":"2026-03-30T09:03:37","modified_gmt":"2026-03-30T08:03:37","slug":"molho-base-para-moamba-guineas-lata-410g","status":"publish","type":"product","link":"https:\/\/www.delicias-uk.com\/pt-pt\/produto\/molho-base-para-moamba-guineas-lata-410g\/","title":{"rendered":"Molho Base para Moamba Guineas Lata 410g"},"content":{"rendered":"<p>O Molho Base Moamba da Guin\u00e9 \u00e9 uma explos\u00e3o de sabores africanos numa s\u00f3 embalagem. Elaborado com ingredientes selecionados, como pimento, tomate e especiarias, proporciona uma experi\u00eancia diferente, \u00fanica e deliciosa. Ideal para quem procura um toque picante e aut\u00eantico nos seus pratos.<\/p>\n<p><strong>Ingredientes<\/strong>: Palma (58%), \u00e1gua, sal e especiarias.<\/p>\n<p><strong>Alerg\u00e9nios<\/strong>: nenhum<\/p>\n<p><strong>Informa\u00e7\u00e3o nutricional por 100g:<\/strong><\/p>\n<ul style=\"list-style-type:disc;\">\n<li>Energia 652 Kj \/ 199 kcal<\/li>\n<li>Gorduras 21g<\/li>\n<li>dos quais saturados 10g<\/li>\n<li>Hidratos de carbono 0g<\/li>\n<li>dos quais a\u00e7\u00facares 0g<\/li>\n<li>Prote\u00ednas 0,9g<\/li>\n<li>Fibra 0g<\/li>\n<li>Sal 0,33g<\/li>\n<\/ul>\n<p><strong>Pa\u00eds de origem<\/strong>: Mal\u00e1sia.<\/p>\n<p><em>Devido a poss\u00edveis altera\u00e7\u00f5es nas embalagens e\/ou r\u00f3tulos, deve sempre considerar a informa\u00e7\u00e3o que acompanha o produto que recebe.<\/em><\/p>\n","protected":false},"excerpt":{"rendered":"<ul style=\"list-style-type:disc;\">\n<li>Peso l\u00edquido 410g<\/li>\n<li>Ingredientes 100% naturais<\/li>\n<li>Pronto a consumir<\/li>\n<\/ul>\n","protected":false},"author":43533,"featured_media":145517,"comment_status":"open","ping_status":"closed","template":"","meta":[],"pwb-brand":[],"product_brand":[],"product_cat":[8703],"product_tag":[],"class_list":{"0":"post-217604","1":"product","2":"type-product","3":"status-publish","4":"has-post-thumbnail","6":"product_cat-marinada","8":"first","9":"instock","10":"taxable","11":"shipping-taxable","12":"purchasable","13":"product-type-simple"},"aioseo_notices":[],"brands":[],"_links":{"self":[{"href":"https:\/\/www.delicias-uk.com\/pt-pt\/wp-json\/wp\/v2\/product\/217604","targetHints":{"allow":["GET"]}}],"collection":[{"href":"https:\/\/www.delicias-uk.com\/pt-pt\/wp-json\/wp\/v2\/product"}],"about":[{"href":"https:\/\/www.delicias-uk.com\/pt-pt\/wp-json\/wp\/v2\/types\/product"}],"author":[{"embeddable":true,"href":"https:\/\/www.delicias-uk.com\/pt-pt\/wp-json\/wp\/v2\/users\/43533"}],"replies":[{"embeddable":true,"href":"https:\/\/www.delicias-uk.com\/pt-pt\/wp-json\/wp\/v2\/comments?post=217604"}],"wp:featuredmedia":[{"embeddable":true,"href":"https:\/\/www.delicias-uk.com\/pt-pt\/wp-json\/wp\/v2\/media\/145517"}],"wp:attachment":[{"href":"https:\/\/www.delicias-uk.com\/pt-pt\/wp-json\/wp\/v2\/media?parent=217604"}],"wp:term":[{"taxonomy":"pwb-brand","embeddable":true,"href":"https:\/\/www.delicias-uk.com\/pt-pt\/wp-json\/wp\/v2\/pwb-brand?post=217604"},{"taxonomy":"product_brand","embeddable":true,"href":"https:\/\/www.delicias-uk.com\/pt-pt\/wp-json\/wp\/v2\/product_brand?post=217604"},{"taxonomy":"product_cat","embeddable":true,"href":"https:\/\/www.delicias-uk.com\/pt-pt\/wp-json\/wp\/v2\/product_cat?post=217604"},{"taxonomy":"product_tag","embeddable":true,"href":"https:\/\/www.delicias-uk.com\/pt-pt\/wp-json\/wp\/v2\/product_tag?post=217604"}],"curies":[{"name":"wp","href":"https:\/\/api.w.org\/{rel}","templated":true}]}}