{"id":217600,"date":"2024-10-09T13:38:34","date_gmt":"2024-10-09T12:38:34","guid":{"rendered":"https:\/\/www.delicias-uk.com\/product\/asa-de-raia-com-pele-salgada-seca-lugrade-1kg\/"},"modified":"2025-11-18T12:13:34","modified_gmt":"2025-11-18T12:13:34","slug":"asa-de-raia-com-pele-salgada-seca-lugrade-1kg","status":"publish","type":"product","link":"https:\/\/www.delicias-uk.com\/pt-pt\/produto\/asa-de-raia-com-pele-salgada-seca-lugrade-1kg\/","title":{"rendered":"Asa de Raia com Pele Salgada Seca Lugrade 1kg"},"content":{"rendered":"<p>Proveniente dos mares Atl\u00e2nticos, a Raia, ap\u00f3s passar por processos de matura\u00e7\u00e3o e secagem, adquire caracter\u00edsticas organol\u00e9ticas \u00fanicas. Apresenta carne branca, cheiro e sabor caracter\u00edsticos com predomin\u00e2ncia de sal e sabor marinho e textura filamentosa firme e suculenta.<\/p>\n<p><strong>Ingredientes<\/strong>: Raia (dipturus batis) e sal.<\/p>\n<p><strong>Alerg\u00e9nios<\/strong>: nenhum.<\/p>\n<p><strong>Informa\u00e7\u00e3o nutricional por 100g:<\/strong><\/p>\n<ul style=\"list-style-type:disc;\">\n<li>Energia 649 Kj \/ 153 kcal<\/li>\n<li>Gorduras 0,9g<\/li>\n<li>dos quais saturados 0,3g<\/li>\n<li>Hidratos de carbono 0,9g<\/li>\n<li>dos quais a\u00e7\u00facares 0,4g<\/li>\n<li>Prote\u00ednas 35,4g<\/li>\n<li>Fibra 0g<\/li>\n<li>Sal 16,7g<\/li>\n<\/ul>\n<p><strong>Pa\u00eds de origem<\/strong>: Atl\u00e2ntico Nordeste<\/p>\n<p><em>Devido a poss\u00edveis altera\u00e7\u00f5es nas embalagens e\/ou r\u00f3tulos, deve sempre considerar a informa\u00e7\u00e3o que acompanha o produto que recebe.<\/em><\/p>\n","protected":false},"excerpt":{"rendered":"<ul style=\"list-style-type:disc;\">\n<li>Peso l\u00edquido 1kg<\/li>\n<li>Fonte de prote\u00edna<\/li>\n<li>Capturado no Atl\u00e2ntico Nordeste<\/li>\n<\/ul>\n","protected":false},"author":43533,"featured_media":241486,"comment_status":"open","ping_status":"closed","template":"","meta":[],"pwb-brand":[],"product_brand":[],"product_cat":[8289,8291,8387,8411,8605],"product_tag":[],"class_list":{"0":"post-217600","1":"product","2":"type-product","3":"status-publish","4":"has-post-thumbnail","6":"product_cat-inicio","7":"product_cat-produtos-portugueses","8":"product_cat-bacalhau-seco","9":"product_cat-conservas","10":"product_cat-outros","12":"first","13":"outofstock","14":"taxable","15":"shipping-taxable","16":"purchasable","17":"product-type-simple"},"aioseo_notices":[],"brands":[],"_links":{"self":[{"href":"https:\/\/www.delicias-uk.com\/pt-pt\/wp-json\/wp\/v2\/product\/217600","targetHints":{"allow":["GET"]}}],"collection":[{"href":"https:\/\/www.delicias-uk.com\/pt-pt\/wp-json\/wp\/v2\/product"}],"about":[{"href":"https:\/\/www.delicias-uk.com\/pt-pt\/wp-json\/wp\/v2\/types\/product"}],"author":[{"embeddable":true,"href":"https:\/\/www.delicias-uk.com\/pt-pt\/wp-json\/wp\/v2\/users\/43533"}],"replies":[{"embeddable":true,"href":"https:\/\/www.delicias-uk.com\/pt-pt\/wp-json\/wp\/v2\/comments?post=217600"}],"wp:featuredmedia":[{"embeddable":true,"href":"https:\/\/www.delicias-uk.com\/pt-pt\/wp-json\/wp\/v2\/media\/241486"}],"wp:attachment":[{"href":"https:\/\/www.delicias-uk.com\/pt-pt\/wp-json\/wp\/v2\/media?parent=217600"}],"wp:term":[{"taxonomy":"pwb-brand","embeddable":true,"href":"https:\/\/www.delicias-uk.com\/pt-pt\/wp-json\/wp\/v2\/pwb-brand?post=217600"},{"taxonomy":"product_brand","embeddable":true,"href":"https:\/\/www.delicias-uk.com\/pt-pt\/wp-json\/wp\/v2\/product_brand?post=217600"},{"taxonomy":"product_cat","embeddable":true,"href":"https:\/\/www.delicias-uk.com\/pt-pt\/wp-json\/wp\/v2\/product_cat?post=217600"},{"taxonomy":"product_tag","embeddable":true,"href":"https:\/\/www.delicias-uk.com\/pt-pt\/wp-json\/wp\/v2\/product_tag?post=217600"}],"curies":[{"name":"wp","href":"https:\/\/api.w.org\/{rel}","templated":true}]}}