{"id":217596,"date":"2024-10-09T11:19:13","date_gmt":"2024-10-09T11:19:13","guid":{"rendered":"https:\/\/www.delicias-uk.com\/product\/bacalhau-salgado-e-seco-em-trocos-lugrade-700g\/"},"modified":"2025-09-05T16:11:24","modified_gmt":"2025-09-05T15:11:24","slug":"bacalhau-salgado-e-seco-em-trocos-lugrade-700g","status":"publish","type":"product","link":"https:\/\/www.delicias-uk.com\/pt-pt\/produto\/bacalhau-salgado-e-seco-em-trocos-lugrade-700g\/","title":{"rendered":"Bacalhau Salgado Seco em Trocos Lugrade 700g"},"content":{"rendered":"<p>Bacalhau salgado e seco capturado no Oceano Atl\u00e2ntico, no Mar da Noruega. Qualidade e tradi\u00e7\u00e3o Lugrade.<\/p>\n<p><strong>Ingredientes<\/strong>: bacalhau e sal.<\/p>\n<p><strong>Alerg\u00e9nios<\/strong>: nenhum.<\/p>\n<p><strong>Informa\u00e7\u00e3o nutricional por 100g:<\/strong><\/p>\n<ul style=\"list-style-type:disc;\">\n<li>Energia 516 Kj \/ 122 kcal<\/li>\n<li>Gorduras 0,4g<\/li>\n<li>dos quais saturados 0,1g<\/li>\n<li>Hidratos de carbono 0,2g<\/li>\n<li>dos quais os a\u00e7\u00facares &lt;0,2g<\/li>\n<li>Prote\u00ednas 29,8g<\/li>\n<li>Fibra 0g<\/li>\n<li>Sal 20,2g<\/li>\n<\/ul>\n<p><strong>Pa\u00eds de origem<\/strong>: Oceano Atl\u00e2ntico.<\/p>\n<p><em>Devido a poss\u00edveis altera\u00e7\u00f5es nas embalagens e\/ou r\u00f3tulos, deve sempre considerar a informa\u00e7\u00e3o que acompanha o produto que recebe.<\/em><\/p>\n","protected":false},"excerpt":{"rendered":"<ul style=\"list-style-type:disc;\">\n<li>Peso l\u00edquido 700g<\/li>\n<li>Fonte de prote\u00edna<\/li>\n<li>Cortado em trocos<\/li>\n<\/ul>\n","protected":false},"author":43533,"featured_media":145487,"comment_status":"open","ping_status":"closed","template":"","meta":[],"pwb-brand":[],"product_brand":[],"product_cat":[9328,8289,8291,8387],"product_tag":[],"class_list":{"0":"post-217596","1":"product","2":"type-product","3":"status-publish","4":"has-post-thumbnail","6":"product_cat-outros-pt-pt-3","7":"product_cat-inicio","8":"product_cat-produtos-portugueses","9":"product_cat-bacalhau-seco","11":"first","12":"outofstock","13":"taxable","14":"shipping-taxable","15":"purchasable","16":"product-type-simple"},"aioseo_notices":[],"brands":[],"_links":{"self":[{"href":"https:\/\/www.delicias-uk.com\/pt-pt\/wp-json\/wp\/v2\/product\/217596","targetHints":{"allow":["GET"]}}],"collection":[{"href":"https:\/\/www.delicias-uk.com\/pt-pt\/wp-json\/wp\/v2\/product"}],"about":[{"href":"https:\/\/www.delicias-uk.com\/pt-pt\/wp-json\/wp\/v2\/types\/product"}],"author":[{"embeddable":true,"href":"https:\/\/www.delicias-uk.com\/pt-pt\/wp-json\/wp\/v2\/users\/43533"}],"replies":[{"embeddable":true,"href":"https:\/\/www.delicias-uk.com\/pt-pt\/wp-json\/wp\/v2\/comments?post=217596"}],"wp:featuredmedia":[{"embeddable":true,"href":"https:\/\/www.delicias-uk.com\/pt-pt\/wp-json\/wp\/v2\/media\/145487"}],"wp:attachment":[{"href":"https:\/\/www.delicias-uk.com\/pt-pt\/wp-json\/wp\/v2\/media?parent=217596"}],"wp:term":[{"taxonomy":"pwb-brand","embeddable":true,"href":"https:\/\/www.delicias-uk.com\/pt-pt\/wp-json\/wp\/v2\/pwb-brand?post=217596"},{"taxonomy":"product_brand","embeddable":true,"href":"https:\/\/www.delicias-uk.com\/pt-pt\/wp-json\/wp\/v2\/product_brand?post=217596"},{"taxonomy":"product_cat","embeddable":true,"href":"https:\/\/www.delicias-uk.com\/pt-pt\/wp-json\/wp\/v2\/product_cat?post=217596"},{"taxonomy":"product_tag","embeddable":true,"href":"https:\/\/www.delicias-uk.com\/pt-pt\/wp-json\/wp\/v2\/product_tag?post=217596"}],"curies":[{"name":"wp","href":"https:\/\/api.w.org\/{rel}","templated":true}]}}