{"id":217588,"date":"2024-10-09T09:17:49","date_gmt":"2024-10-09T08:17:49","guid":{"rendered":"https:\/\/www.delicias-uk.com\/product\/casa-de-santar-doc-dao-vinho-tinto-75cl\/"},"modified":"2025-12-14T19:42:16","modified_gmt":"2025-12-14T19:42:16","slug":"casa-de-santar-doc-dao-vinho-tinto-75cl","status":"publish","type":"product","link":"https:\/\/www.delicias-uk.com\/pt-pt\/produto\/casa-de-santar-doc-dao-vinho-tinto-75cl\/","title":{"rendered":"Casa de Santar Doc 75cl"},"content":{"rendered":"<h3 data-start=\"126\" data-end=\"146\">Casa de Santar<\/h3>\n<p data-start=\"147\" data-end=\"619\">Com aspeto l\u00edmpido, apresenta uma cor rubi profunda e intensa. O aroma \u00e9 dominado pela fruta vermelha macerada e compota de amora, com notas tostadas, de torrefa\u00e7\u00e3o de caf\u00e9 e nuances bals\u00e2micas conferidas pelo est\u00e1gio de 6 meses em barrica. Na prova revela sedosidade, forte presen\u00e7a de fruta bem madura, mostrando a eleg\u00e2ncia de um vinho vers\u00e1til e completo. \u00c0 mesa, harmoniza com pratos regionais de carnes, enchidos, ca\u00e7a, assados de peixe ou queijos densos e fortes.<\/p>\n<ul data-start=\"621\" data-end=\"863\">\n<li data-start=\"621\" data-end=\"653\">\n<p data-start=\"623\" data-end=\"653\"><strong data-start=\"623\" data-end=\"636\">Produtor:<\/strong> Casa de Santar<\/p>\n<\/li>\n<li data-start=\"654\" data-end=\"683\">\n<p data-start=\"656\" data-end=\"683\"><strong data-start=\"656\" data-end=\"667\">Regi\u00e3o:<\/strong> D\u00e3o, Portugal<\/p>\n<\/li>\n<li data-start=\"684\" data-end=\"711\">\n<p data-start=\"686\" data-end=\"711\"><strong data-start=\"686\" data-end=\"697\">Estilo:<\/strong> Vinho Tinto<\/p>\n<\/li>\n<li data-start=\"712\" data-end=\"779\">\n<p data-start=\"714\" data-end=\"779\"><strong data-start=\"714\" data-end=\"725\">Castas:<\/strong> 50% Aragonez, 30% Touriga Nacional, 20% Alfrocheiro<\/p>\n<\/li>\n<li data-start=\"780\" data-end=\"801\">\n<p data-start=\"782\" data-end=\"801\"><strong data-start=\"782\" data-end=\"794\">Garrafa:<\/strong> 75cl<\/p>\n<\/li>\n<li data-start=\"802\" data-end=\"823\">\n<p data-start=\"804\" data-end=\"823\"><strong data-start=\"804\" data-end=\"815\">\u00c1lcool:<\/strong> 13,5%<\/p>\n<\/li>\n<li data-start=\"824\" data-end=\"863\">\n<p data-start=\"826\" data-end=\"863\"><strong data-start=\"826\" data-end=\"853\">Temperatura de Servi\u00e7o:<\/strong> 16\u201318\u00baC<\/p>\n<\/li>\n<\/ul>\n<p data-start=\"865\" data-end=\"965\"><strong data-start=\"865\" data-end=\"881\">Vinifica\u00e7\u00e3o:<\/strong><br data-start=\"881\" data-end=\"884\" \/>Desengace total, fermenta\u00e7\u00e3o alco\u00f3lica a 26\u00b0C e macera\u00e7\u00e3o prolongada com peles.<\/p>\n<p data-start=\"967\" data-end=\"1040\"><strong data-start=\"967\" data-end=\"981\">Matura\u00e7\u00e3o:<\/strong><br data-start=\"981\" data-end=\"984\" \/>6 meses em barrica de carvalho franc\u00eas de segundo uso.<\/p>\n<p data-start=\"1042\" data-end=\"1143\"><strong data-start=\"1042\" data-end=\"1053\">Aromas:<\/strong><br data-start=\"1053\" data-end=\"1056\" \/>Intenso em compota de frutos vermelhos, nuances tostadas e ligeiras notas especiadas.<\/p>\n<p data-start=\"1145\" data-end=\"1237\"><strong data-start=\"1145\" data-end=\"1155\">Sabor:<\/strong><br data-start=\"1155\" data-end=\"1158\" \/>Complexo, bem estruturado, elegante, harmonioso e com taninos bastante finos.<\/p>\n<p data-start=\"1239\" data-end=\"1357\"><strong data-start=\"1239\" data-end=\"1256\">Harmoniza\u00e7\u00e3o:<\/strong><br data-start=\"1256\" data-end=\"1259\" \/>Ideal com carnes vermelhas, peixes no forno, massas, ca\u00e7a e queijos estruturados. Servir a 18\u00baC.<\/p>\n","protected":false},"excerpt":{"rendered":"<ul>\n<li data-start=\"623\" data-end=\"653\"><strong data-start=\"623\" data-end=\"636\">Produtor:<\/strong> Casa de Santar<\/li>\n<li data-start=\"656\" data-end=\"683\"><strong data-start=\"656\" data-end=\"667\">Regi\u00e3o:<\/strong> D\u00e3o, Portugal<\/li>\n<li data-start=\"686\" data-end=\"711\"><strong data-start=\"686\" data-end=\"697\">Estilo:<\/strong> Vinho Tinto<\/li>\n<li data-start=\"714\" data-end=\"779\"><strong data-start=\"714\" data-end=\"725\">Castas:<\/strong> 50% Aragonez, 30% Touriga Nacional, 20% Alfrocheiro<\/li>\n<li data-start=\"782\" data-end=\"801\"><strong data-start=\"782\" data-end=\"794\">Garrafa:<\/strong> 75cl<\/li>\n<li data-start=\"804\" data-end=\"823\"><strong data-start=\"804\" data-end=\"815\">\u00c1lcool:<\/strong> 13,5%<\/li>\n<li data-start=\"826\" data-end=\"863\"><strong data-start=\"826\" data-end=\"853\">Temperatura de Servi\u00e7o:<\/strong> 16\u201318\u00baC<\/li>\n<\/ul>\n","protected":false},"author":43533,"featured_media":234446,"comment_status":"open","ping_status":"closed","template":"","meta":[],"pwb-brand":[],"product_brand":[],"product_cat":[9348,8289,8291,8431,8449,8789],"product_tag":[],"class_list":{"0":"post-217588","1":"product","2":"type-product","3":"status-publish","4":"has-post-thumbnail","6":"product_cat-vinho-tinto-pt-pt-2","7":"product_cat-inicio","8":"product_cat-produtos-portugueses","9":"product_cat-vinhos-pt-pt","10":"product_cat-vinho-tinto","11":"product_cat-dao-pt-pt","13":"first","14":"instock","15":"taxable","16":"shipping-taxable","17":"purchasable","18":"product-type-simple"},"aioseo_notices":[],"brands":[],"_links":{"self":[{"href":"https:\/\/www.delicias-uk.com\/pt-pt\/wp-json\/wp\/v2\/product\/217588","targetHints":{"allow":["GET"]}}],"collection":[{"href":"https:\/\/www.delicias-uk.com\/pt-pt\/wp-json\/wp\/v2\/product"}],"about":[{"href":"https:\/\/www.delicias-uk.com\/pt-pt\/wp-json\/wp\/v2\/types\/product"}],"author":[{"embeddable":true,"href":"https:\/\/www.delicias-uk.com\/pt-pt\/wp-json\/wp\/v2\/users\/43533"}],"replies":[{"embeddable":true,"href":"https:\/\/www.delicias-uk.com\/pt-pt\/wp-json\/wp\/v2\/comments?post=217588"}],"wp:featuredmedia":[{"embeddable":true,"href":"https:\/\/www.delicias-uk.com\/pt-pt\/wp-json\/wp\/v2\/media\/234446"}],"wp:attachment":[{"href":"https:\/\/www.delicias-uk.com\/pt-pt\/wp-json\/wp\/v2\/media?parent=217588"}],"wp:term":[{"taxonomy":"pwb-brand","embeddable":true,"href":"https:\/\/www.delicias-uk.com\/pt-pt\/wp-json\/wp\/v2\/pwb-brand?post=217588"},{"taxonomy":"product_brand","embeddable":true,"href":"https:\/\/www.delicias-uk.com\/pt-pt\/wp-json\/wp\/v2\/product_brand?post=217588"},{"taxonomy":"product_cat","embeddable":true,"href":"https:\/\/www.delicias-uk.com\/pt-pt\/wp-json\/wp\/v2\/product_cat?post=217588"},{"taxonomy":"product_tag","embeddable":true,"href":"https:\/\/www.delicias-uk.com\/pt-pt\/wp-json\/wp\/v2\/product_tag?post=217588"}],"curies":[{"name":"wp","href":"https:\/\/api.w.org\/{rel}","templated":true}]}}