{"id":217586,"date":"2024-10-08T16:50:32","date_gmt":"2024-10-08T15:50:32","guid":{"rendered":"https:\/\/www.delicias-uk.com\/product\/frize-laranja-250ml-x-4\/"},"modified":"2025-12-14T15:06:55","modified_gmt":"2025-12-14T15:06:55","slug":"frize-laranja-250ml-x-4","status":"publish","type":"product","link":"https:\/\/www.delicias-uk.com\/pt-pt\/produto\/frize-laranja-250ml-x-4\/","title":{"rendered":"Frize Laranja 250ml x 4"},"content":{"rendered":"<p>Infundida com a ess\u00eancia picante das laranjas verdadeiras, esta \u00e1gua com g\u00e1s oferece uma explos\u00e3o de sabor c\u00edtrico com um toque refrescante e borbulhante.<\/p>\n<p><strong>Ingredientes<\/strong>: \u00c1gua mineral natural com g\u00e1s Frise (99,3%), regulador de acidez: \u00e1cido c\u00edtrico, sumo de laranja (0,1%): \u00e0 base de concentrado, aroma natural de laranja, aromatizantes, conservante: benzoato de s\u00f3dio e ado\u00e7ante: sucralose.<\/p>\n<p><strong>Alerg\u00e9nios<\/strong>: nenhum.<\/p>\n<p><strong>Informa\u00e7\u00e3o nutricional por 100g:<\/strong><\/p>\n<ul style=\"list-style-type:disc;\">\n<li>Energia 3 Kj \/ 1 kcal<\/li>\n<li>Gorduras 0g<\/li>\n<li>dos quais saturados 0g<\/li>\n<li>Hidratos de carbono 0g<\/li>\n<li>dos quais a\u00e7\u00facares 0g<\/li>\n<li>Prote\u00ednas 0g<\/li>\n<li>Fibra 0g<\/li>\n<li>Sal 0,15g<\/li>\n<\/ul>\n<p><strong>Pa\u00eds de origem<\/strong>: Portugal<\/p>\n<p><em>Devido a poss\u00edveis altera\u00e7\u00f5es nas embalagens e\/ou r\u00f3tulos, deve sempre considerar a informa\u00e7\u00e3o que acompanha o produto que recebe.<\/em><\/p>\n","protected":false},"excerpt":{"rendered":"<ul style=\"list-style-type:disc;\">\n<li>Peso l\u00edquido 250ml<\/li>\n<li>Pronto para beber<\/li>\n<li>Com sabor a laranja<\/li>\n<\/ul>\n","protected":false},"author":43533,"featured_media":145458,"comment_status":"open","ping_status":"closed","template":"","meta":[],"pwb-brand":[],"product_brand":[],"product_cat":[8289,8291,8423,8587],"product_tag":[],"class_list":{"0":"post-217586","1":"product","2":"type-product","3":"status-publish","4":"has-post-thumbnail","6":"product_cat-inicio","7":"product_cat-produtos-portugueses","8":"product_cat-bebidas-pt-pt","9":"product_cat-agua","11":"first","12":"instock","13":"taxable","14":"shipping-taxable","15":"purchasable","16":"product-type-simple"},"aioseo_notices":[],"brands":[],"_links":{"self":[{"href":"https:\/\/www.delicias-uk.com\/pt-pt\/wp-json\/wp\/v2\/product\/217586","targetHints":{"allow":["GET"]}}],"collection":[{"href":"https:\/\/www.delicias-uk.com\/pt-pt\/wp-json\/wp\/v2\/product"}],"about":[{"href":"https:\/\/www.delicias-uk.com\/pt-pt\/wp-json\/wp\/v2\/types\/product"}],"author":[{"embeddable":true,"href":"https:\/\/www.delicias-uk.com\/pt-pt\/wp-json\/wp\/v2\/users\/43533"}],"replies":[{"embeddable":true,"href":"https:\/\/www.delicias-uk.com\/pt-pt\/wp-json\/wp\/v2\/comments?post=217586"}],"wp:featuredmedia":[{"embeddable":true,"href":"https:\/\/www.delicias-uk.com\/pt-pt\/wp-json\/wp\/v2\/media\/145458"}],"wp:attachment":[{"href":"https:\/\/www.delicias-uk.com\/pt-pt\/wp-json\/wp\/v2\/media?parent=217586"}],"wp:term":[{"taxonomy":"pwb-brand","embeddable":true,"href":"https:\/\/www.delicias-uk.com\/pt-pt\/wp-json\/wp\/v2\/pwb-brand?post=217586"},{"taxonomy":"product_brand","embeddable":true,"href":"https:\/\/www.delicias-uk.com\/pt-pt\/wp-json\/wp\/v2\/product_brand?post=217586"},{"taxonomy":"product_cat","embeddable":true,"href":"https:\/\/www.delicias-uk.com\/pt-pt\/wp-json\/wp\/v2\/product_cat?post=217586"},{"taxonomy":"product_tag","embeddable":true,"href":"https:\/\/www.delicias-uk.com\/pt-pt\/wp-json\/wp\/v2\/product_tag?post=217586"}],"curies":[{"name":"wp","href":"https:\/\/api.w.org\/{rel}","templated":true}]}}