{"id":217584,"date":"2024-10-08T15:00:09","date_gmt":"2024-10-08T15:00:09","guid":{"rendered":"https:\/\/www.delicias-uk.com\/product\/chipa-de-queijo-congelada-quitanda-real-400g\/"},"modified":"2025-02-06T17:25:02","modified_gmt":"2025-02-06T17:25:02","slug":"chipa-de-queijo-congelada-quitanda-real-400g","status":"publish","type":"product","link":"https:\/\/www.delicias-uk.com\/pt-pt\/produto\/chipa-de-queijo-congelada-quitanda-real-400g\/","title":{"rendered":"Chipa de Queijo Congelada Quitanda Real 400g"},"content":{"rendered":"<p>Tradicionais no Paraguai, as saborosas chipas fazem lembrar muito o p\u00e3o de queijo brasileiro. A receita leva ainda f\u00e9cula de tapioca, mas tem menos gordura na massa e muito mais queijo. Com este modo de prepara\u00e7\u00e3o, os chips adquirem um charme \u00fanico: o biscoito fica muito crocante por fora e macio por dentro.<\/p>\n<p><strong>Ingredientes<\/strong>: \u00c1gua, f\u00e9cula de mandioca, OVO, \u00f3leo alimentar (girassol e milho), queijo (LEITE), batata desidratada (SULFITOS), LEITE em p\u00f3 magro, sal. N\u00c3O CONT\u00c9M GLUTEN.<\/p>\n<p><strong>Alerg\u00e9nios<\/strong>: cont\u00e9m <strong>OVOS<\/strong>, <strong>LACTOSE<\/strong> e <strong>SULFITOS<\/strong>. Pode conter vest\u00edgios de <strong>SOJA<\/strong>.<\/p>\n<p><strong>Informa\u00e7\u00e3o nutricional por 100g:<\/strong><\/p>\n<ul style=\"list-style-type:disc;\">\n<li>Energia 1118 Kj \/ 267 kcal<\/li>\n<li>Gorduras 14g<\/li>\n<li>dos quais saturados 3,4g<\/li>\n<li>Hidratos de carbono 30g<\/li>\n<li>dos quais a\u00e7\u00facares 0,9g<\/li>\n<li>Prote\u00ednas 4,4g<\/li>\n<li>Fibra &lt;0,5g<\/li>\n<li>Sal 1,3g<\/li>\n<\/ul>\n<p><strong>Pa\u00eds de origem<\/strong>: Portugal.<\/p>\n<p><em>Devido a poss\u00edveis altera\u00e7\u00f5es nas embalagens e\/ou r\u00f3tulos, deve sempre considerar a informa\u00e7\u00e3o que acompanha o produto que recebe.<\/em><\/p>\n","protected":false},"excerpt":{"rendered":"<ul style=\"list-style-type:disc;\">\n<li>Peso l\u00edquido 400g<\/li>\n<li>Cont\u00e9m aprox. 20 unidades por saco<\/li>\n<li>N\u00e3o cont\u00e9m gl\u00faten<\/li>\n<\/ul>\n","protected":false},"author":43533,"featured_media":145451,"comment_status":"open","ping_status":"closed","template":"","meta":[],"pwb-brand":[],"product_brand":[],"product_cat":[8289,8305,8313,8499],"product_tag":[],"class_list":{"0":"post-217584","1":"product","2":"type-product","3":"status-publish","4":"has-post-thumbnail","6":"product_cat-inicio","7":"product_cat-produtos-congelados","8":"product_cat-pao-congelado","9":"product_cat-sem-glutem","11":"first","12":"instock","13":"taxable","14":"shipping-taxable","15":"purchasable","16":"product-type-simple"},"aioseo_notices":[],"brands":[],"_links":{"self":[{"href":"https:\/\/www.delicias-uk.com\/pt-pt\/wp-json\/wp\/v2\/product\/217584","targetHints":{"allow":["GET"]}}],"collection":[{"href":"https:\/\/www.delicias-uk.com\/pt-pt\/wp-json\/wp\/v2\/product"}],"about":[{"href":"https:\/\/www.delicias-uk.com\/pt-pt\/wp-json\/wp\/v2\/types\/product"}],"author":[{"embeddable":true,"href":"https:\/\/www.delicias-uk.com\/pt-pt\/wp-json\/wp\/v2\/users\/43533"}],"replies":[{"embeddable":true,"href":"https:\/\/www.delicias-uk.com\/pt-pt\/wp-json\/wp\/v2\/comments?post=217584"}],"wp:featuredmedia":[{"embeddable":true,"href":"https:\/\/www.delicias-uk.com\/pt-pt\/wp-json\/wp\/v2\/media\/145451"}],"wp:attachment":[{"href":"https:\/\/www.delicias-uk.com\/pt-pt\/wp-json\/wp\/v2\/media?parent=217584"}],"wp:term":[{"taxonomy":"pwb-brand","embeddable":true,"href":"https:\/\/www.delicias-uk.com\/pt-pt\/wp-json\/wp\/v2\/pwb-brand?post=217584"},{"taxonomy":"product_brand","embeddable":true,"href":"https:\/\/www.delicias-uk.com\/pt-pt\/wp-json\/wp\/v2\/product_brand?post=217584"},{"taxonomy":"product_cat","embeddable":true,"href":"https:\/\/www.delicias-uk.com\/pt-pt\/wp-json\/wp\/v2\/product_cat?post=217584"},{"taxonomy":"product_tag","embeddable":true,"href":"https:\/\/www.delicias-uk.com\/pt-pt\/wp-json\/wp\/v2\/product_tag?post=217584"}],"curies":[{"name":"wp","href":"https:\/\/api.w.org\/{rel}","templated":true}]}}