{"id":217582,"date":"2025-09-23T11:49:42","date_gmt":"2025-09-23T10:49:42","guid":{"rendered":"https:\/\/www.delicias-uk.com\/?post_type=product&#038;p=217582"},"modified":"2026-03-05T17:49:37","modified_gmt":"2026-03-05T17:49:37","slug":"cha-matte-leao-com-gas-sabor-limao-lata-290ml-x-6","status":"publish","type":"product","link":"https:\/\/www.delicias-uk.com\/pt-pt\/produto\/cha-matte-leao-com-gas-sabor-limao-lata-290ml-x-6\/","title":{"rendered":"Cha Matte Leao com G\u00e1s Sabor Limao Lata 290ml x 6"},"content":{"rendered":"<p>O ch\u00e1 com g\u00e1s Matte Le\u00e3o Lim\u00e3o \u00e9 a bebida que mistura a leveza do ch\u00e1 com a refresc\u00e2ncia da \u00e1gua com g\u00e1s!<\/p>\n<p><strong>Ingredientes<\/strong>: \u00c1gua gaseificada, a\u00e7\u00facar, extrato aquoso de mate, sumo concentrado de lim\u00e3o, vitamina C, aroma, sequestrantes hexametafosfato de s\u00f3dio e edta de c\u00e1lcio diss\u00f3dico, conservantes benzoato de s\u00f3dio e sorbato de pot\u00e1ssio e antiespumante dimetilpolissiloxano.<\/p>\n<p><strong>Alerg\u00e9nios<\/strong>: nenhum.<\/p>\n<p><strong>Informa\u00e7\u00e3o nutricional por 100g:<\/strong><\/p>\n<ul style=\"list-style-type:disc\">\n<li>Energia 101 Kj\/27 kcal<\/li>\n<li>Gorduras 0g<\/li>\n<li>dos quais saturados 0g<\/li>\n<li>Hidratos de carbono 6,5g<\/li>\n<li>dos quais a\u00e7\u00facares 6,4g<\/li>\n<li>Prote\u00ednas 0g<\/li>\n<li>Fibra 0g<\/li>\n<li>Sal 0,031g<\/li>\n<\/ul>\n<p><strong>Pa\u00eds de origem<\/strong>: Brasil.<\/p>\n<p><em>Devido a poss\u00edveis altera\u00e7\u00f5es nas embalagens e\/ou r\u00f3tulos, deve sempre considerar a informa\u00e7\u00e3o que acompanha o produto que recebe.<\/em><\/p>\n","protected":false},"excerpt":{"rendered":"<ul style=\"list-style-type:disc\">\n<li>Peso l\u00edquido 290ml x 6<\/li>\n<li>Refrescante e pronto para beber<\/li>\n<li>Sem gl\u00faten e lactose<\/li>\n<\/ul>\n","protected":false},"author":43533,"featured_media":238023,"comment_status":"open","ping_status":"closed","template":"","meta":[],"pwb-brand":[],"product_brand":[],"product_cat":[8289,8293,8415,8585],"product_tag":[],"class_list":{"0":"post-217582","1":"product","2":"type-product","3":"status-publish","4":"has-post-thumbnail","6":"product_cat-inicio","7":"product_cat-produtos-brasileiros","8":"product_cat-bebidas","9":"product_cat-cha-gelado-pt-pt","11":"first","12":"outofstock","13":"taxable","14":"shipping-taxable","15":"purchasable","16":"product-type-simple"},"aioseo_notices":[],"brands":[],"_links":{"self":[{"href":"https:\/\/www.delicias-uk.com\/pt-pt\/wp-json\/wp\/v2\/product\/217582","targetHints":{"allow":["GET"]}}],"collection":[{"href":"https:\/\/www.delicias-uk.com\/pt-pt\/wp-json\/wp\/v2\/product"}],"about":[{"href":"https:\/\/www.delicias-uk.com\/pt-pt\/wp-json\/wp\/v2\/types\/product"}],"author":[{"embeddable":true,"href":"https:\/\/www.delicias-uk.com\/pt-pt\/wp-json\/wp\/v2\/users\/43533"}],"replies":[{"embeddable":true,"href":"https:\/\/www.delicias-uk.com\/pt-pt\/wp-json\/wp\/v2\/comments?post=217582"}],"wp:featuredmedia":[{"embeddable":true,"href":"https:\/\/www.delicias-uk.com\/pt-pt\/wp-json\/wp\/v2\/media\/238023"}],"wp:attachment":[{"href":"https:\/\/www.delicias-uk.com\/pt-pt\/wp-json\/wp\/v2\/media?parent=217582"}],"wp:term":[{"taxonomy":"pwb-brand","embeddable":true,"href":"https:\/\/www.delicias-uk.com\/pt-pt\/wp-json\/wp\/v2\/pwb-brand?post=217582"},{"taxonomy":"product_brand","embeddable":true,"href":"https:\/\/www.delicias-uk.com\/pt-pt\/wp-json\/wp\/v2\/product_brand?post=217582"},{"taxonomy":"product_cat","embeddable":true,"href":"https:\/\/www.delicias-uk.com\/pt-pt\/wp-json\/wp\/v2\/product_cat?post=217582"},{"taxonomy":"product_tag","embeddable":true,"href":"https:\/\/www.delicias-uk.com\/pt-pt\/wp-json\/wp\/v2\/product_tag?post=217582"}],"curies":[{"name":"wp","href":"https:\/\/api.w.org\/{rel}","templated":true}]}}