{"id":217568,"date":"2024-10-07T14:32:56","date_gmt":"2024-10-07T13:32:56","guid":{"rendered":"https:\/\/www.delicias-uk.com\/product\/cha-matte-leao-com-limao-pet-450ml\/"},"modified":"2025-05-13T15:11:53","modified_gmt":"2025-05-13T14:11:53","slug":"cha-matte-leao-com-limao-pet-450ml","status":"publish","type":"product","link":"https:\/\/www.delicias-uk.com\/pt-pt\/produto\/cha-matte-leao-com-limao-pet-450ml\/","title":{"rendered":"Cha Matte Leao com Limao Pet 450ml"},"content":{"rendered":"<p>Esta bebida refrescante oferece uma deliciosa mistura de lim\u00e3o picante e ch\u00e1 verde revigorante, perfeita para um est\u00edmulo r\u00e1pido. Com o seu tamanho pr\u00e1tico e ingredientes naturais, \u00e9 a bebida ideal para uma experi\u00eancia refrescante e rejuvenescedora.<\/p>\n<p><strong>Ingredientes<\/strong>: \u00c1gua, a\u00e7\u00facar, extrato aquoso de mate (Ilex paraguariensis St. Hil.), sumo, concentrado de lim\u00e3o, aroma sint\u00e9tico id\u00eantico ao natural, antioxidante \u00e1cido asc\u00f3rbico, conservantes sorbato de pot\u00e1ssio e benzoato de s\u00f3dio.<\/p>\n<p><strong>Alerg\u00e9nios<\/strong>: nenhum.<\/p>\n<p><strong>Informa\u00e7\u00e3o nutricional por 100g<\/strong>: N\u00e3o cont\u00e9m quantidade significativa de valor energ\u00e9tico e hidratos de carbono, prote\u00ednas, gordura total, gordura saturada, gordura trans, fibra alimentar e s\u00f3dio.<\/p>\n<p><strong>Pa\u00eds de origem<\/strong>: Brasil.<\/p>\n<p><em>Devido a poss\u00edveis altera\u00e7\u00f5es nas embalagens e\/ou r\u00f3tulos, deve sempre considerar a informa\u00e7\u00e3o que acompanha o produto que recebe.<\/em><\/p>\n","protected":false},"excerpt":{"rendered":"<ul style=\"list-style-type: disc;\">\n<li>Peso l\u00edquido 450ml<\/li>\n<li>Refrescante e pronto para beber<\/li>\n<li>Sem gl\u00faten e lactose<\/li>\n<\/ul>\n","protected":false},"author":43533,"featured_media":145403,"comment_status":"open","ping_status":"closed","template":"","meta":[],"pwb-brand":[],"product_brand":[],"product_cat":[8289,8293,8415,8585],"product_tag":[],"class_list":{"0":"post-217568","1":"product","2":"type-product","3":"status-publish","4":"has-post-thumbnail","6":"product_cat-inicio","7":"product_cat-produtos-brasileiros","8":"product_cat-bebidas","9":"product_cat-cha-gelado-pt-pt","11":"first","12":"instock","13":"taxable","14":"shipping-taxable","15":"purchasable","16":"product-type-simple"},"aioseo_notices":[],"brands":[],"_links":{"self":[{"href":"https:\/\/www.delicias-uk.com\/pt-pt\/wp-json\/wp\/v2\/product\/217568","targetHints":{"allow":["GET"]}}],"collection":[{"href":"https:\/\/www.delicias-uk.com\/pt-pt\/wp-json\/wp\/v2\/product"}],"about":[{"href":"https:\/\/www.delicias-uk.com\/pt-pt\/wp-json\/wp\/v2\/types\/product"}],"author":[{"embeddable":true,"href":"https:\/\/www.delicias-uk.com\/pt-pt\/wp-json\/wp\/v2\/users\/43533"}],"replies":[{"embeddable":true,"href":"https:\/\/www.delicias-uk.com\/pt-pt\/wp-json\/wp\/v2\/comments?post=217568"}],"wp:featuredmedia":[{"embeddable":true,"href":"https:\/\/www.delicias-uk.com\/pt-pt\/wp-json\/wp\/v2\/media\/145403"}],"wp:attachment":[{"href":"https:\/\/www.delicias-uk.com\/pt-pt\/wp-json\/wp\/v2\/media?parent=217568"}],"wp:term":[{"taxonomy":"pwb-brand","embeddable":true,"href":"https:\/\/www.delicias-uk.com\/pt-pt\/wp-json\/wp\/v2\/pwb-brand?post=217568"},{"taxonomy":"product_brand","embeddable":true,"href":"https:\/\/www.delicias-uk.com\/pt-pt\/wp-json\/wp\/v2\/product_brand?post=217568"},{"taxonomy":"product_cat","embeddable":true,"href":"https:\/\/www.delicias-uk.com\/pt-pt\/wp-json\/wp\/v2\/product_cat?post=217568"},{"taxonomy":"product_tag","embeddable":true,"href":"https:\/\/www.delicias-uk.com\/pt-pt\/wp-json\/wp\/v2\/product_tag?post=217568"}],"curies":[{"name":"wp","href":"https:\/\/api.w.org\/{rel}","templated":true}]}}