{"id":217562,"date":"2024-10-04T12:39:46","date_gmt":"2024-10-04T11:39:46","guid":{"rendered":"https:\/\/www.delicias-uk.com\/product\/leite-uht-acores-magro-1lt-x-1-3\/"},"modified":"2026-02-24T11:51:37","modified_gmt":"2026-02-24T11:51:37","slug":"leite-uht-acores-magro-1lt-x-1-3","status":"publish","type":"product","link":"https:\/\/www.delicias-uk.com\/pt-pt\/produto\/leite-uht-acores-magro-1lt-x-1-3\/","title":{"rendered":"Leite UHT Nova A\u00e7ores Magro 1L"},"content":{"rendered":"<p>O leite magro uht nova a\u00e7ores \u00e9 um leite puro, rico em nutrientes e sem gordura. Com apenas 33 kcal por cada 100 ml de produto, desfrute de forma saud\u00e1vel de todo o sabor do verdadeiro leite dos a\u00e7ores sem gordura.<\/p>\n","protected":false},"excerpt":{"rendered":"<p>O leite magro uht nova a\u00e7ores \u00e9 um leite puro, rico em nutrientes e sem gordura. Com apenas 33 kcal por cada 100 ml de produto, desfrute de forma saud\u00e1vel de todo o sabor do verdadeiro leite dos a\u00e7ores sem gordura.<\/p>\n","protected":false},"author":43533,"featured_media":145389,"comment_status":"open","ping_status":"closed","template":"","meta":[],"pwb-brand":[],"product_brand":[],"product_cat":[8291,8377,8551,8699,8499,8363],"product_tag":[],"class_list":{"0":"post-217562","1":"product","2":"type-product","3":"status-publish","4":"has-post-thumbnail","6":"product_cat-produtos-portugueses","7":"product_cat-lacticinios","8":"product_cat-leite-e-creme","9":"product_cat-leite","10":"product_cat-sem-glutem","11":"product_cat-halal-pt-pt","13":"first","14":"instock","15":"taxable","16":"shipping-taxable","17":"purchasable","18":"product-type-simple"},"aioseo_notices":[],"brands":[],"_links":{"self":[{"href":"https:\/\/www.delicias-uk.com\/pt-pt\/wp-json\/wp\/v2\/product\/217562","targetHints":{"allow":["GET"]}}],"collection":[{"href":"https:\/\/www.delicias-uk.com\/pt-pt\/wp-json\/wp\/v2\/product"}],"about":[{"href":"https:\/\/www.delicias-uk.com\/pt-pt\/wp-json\/wp\/v2\/types\/product"}],"author":[{"embeddable":true,"href":"https:\/\/www.delicias-uk.com\/pt-pt\/wp-json\/wp\/v2\/users\/43533"}],"replies":[{"embeddable":true,"href":"https:\/\/www.delicias-uk.com\/pt-pt\/wp-json\/wp\/v2\/comments?post=217562"}],"wp:featuredmedia":[{"embeddable":true,"href":"https:\/\/www.delicias-uk.com\/pt-pt\/wp-json\/wp\/v2\/media\/145389"}],"wp:attachment":[{"href":"https:\/\/www.delicias-uk.com\/pt-pt\/wp-json\/wp\/v2\/media?parent=217562"}],"wp:term":[{"taxonomy":"pwb-brand","embeddable":true,"href":"https:\/\/www.delicias-uk.com\/pt-pt\/wp-json\/wp\/v2\/pwb-brand?post=217562"},{"taxonomy":"product_brand","embeddable":true,"href":"https:\/\/www.delicias-uk.com\/pt-pt\/wp-json\/wp\/v2\/product_brand?post=217562"},{"taxonomy":"product_cat","embeddable":true,"href":"https:\/\/www.delicias-uk.com\/pt-pt\/wp-json\/wp\/v2\/product_cat?post=217562"},{"taxonomy":"product_tag","embeddable":true,"href":"https:\/\/www.delicias-uk.com\/pt-pt\/wp-json\/wp\/v2\/product_tag?post=217562"}],"curies":[{"name":"wp","href":"https:\/\/api.w.org\/{rel}","templated":true}]}}