{"id":217550,"date":"2024-10-03T11:55:38","date_gmt":"2024-10-03T11:55:38","guid":{"rendered":"https:\/\/www.delicias-uk.com\/product\/wafer-de-baunilha-avo-elvira-160g\/"},"modified":"2026-03-31T18:28:54","modified_gmt":"2026-03-31T17:28:54","slug":"wafer-de-baunilha-avo-elvira-160g","status":"publish","type":"product","link":"https:\/\/www.delicias-uk.com\/pt-pt\/produto\/wafer-de-baunilha-avo-elvira-160g\/","title":{"rendered":"Wafer de Baunilha Avo Elvira 160g"},"content":{"rendered":"<p>As famosas e tradicionais bolachas de baunilha. Estes foram dos primeiros biscoitos com recheio a surgir no mercado tradicional portugu\u00eas. Bolachas crocantes e estaladi\u00e7as, com um intenso sabor a baunilha, elaboradas segundo uma receita antiga com margarinas 100% vegetais.<\/p>\n<p><strong>Ingredientes<\/strong>: \u00e1gua, farinha de TRIGO, soro de leite pasteurizado, emulsionante (lecitina de SOJA), \u00f3leo de girassol, levedura (bicarbonato de s\u00f3dio), amido de milho. Recheio: a\u00e7\u00facar (a\u00e7\u00facar branco granulado), gordura vegetal [\u00f3leos vegetais refinados n\u00e3o hidrogenados e gorduras de palma e seus derivados e antioxidante (palmitato de ascorbilo e extrato rico em tocofer\u00f3is)], vanilina (&lt;0,1%) \u00abEU\u00bb e espessante ( goma xantana).<\/p>\n<p><strong>Alerg\u00e9nios<\/strong>: cont\u00e9m <strong>GL\u00daTEN<\/strong>, <strong>LACTOSE<\/strong> e <strong>SOJA<\/strong>. Pode conter vest\u00edgios de F<strong>RUTOS DE CASCA RIJA, OVOS <\/strong>e <strong>SEMENTES DE S\u00c9SAMO<\/strong>.<\/p>\n<p><strong>Informa\u00e7\u00e3o nutricional por 100g:<\/strong><\/p>\n<ul style=\"list-style-type:disc;\">\n<li>Energia 2134 Kj \/ 509 kcal<\/li>\n<li>Gorduras 24g<\/li>\n<li>dos quais saturados 12g<\/li>\n<li>Hidratos de carbono 70g<\/li>\n<li>dos quais a\u00e7\u00facares 46g<\/li>\n<li>Prote\u00ednas 3,8g<\/li>\n<li>Fibra 1,2g<\/li>\n<li>Sal 0,3g<\/li>\n<\/ul>\n<p><strong>Pa\u00eds de origem<\/strong>: UE.<\/p>\n<p><em>Devido a poss\u00edveis altera\u00e7\u00f5es nas embalagens e\/ou r\u00f3tulos, deve sempre considerar a informa\u00e7\u00e3o que acompanha o produto que recebe.<\/em><\/p>\n","protected":false},"excerpt":{"rendered":"<ul style=\"list-style-type:disc;\">\n<li>Peso l\u00edquido 160g<\/li>\n<li>Receita caseira<\/li>\n<li>Perfeito para um lanche r\u00e1pido<\/li>\n<\/ul>\n","protected":false},"author":43533,"featured_media":96403,"comment_status":"open","ping_status":"closed","template":"","meta":[],"pwb-brand":[],"product_brand":[],"product_cat":[8289,8291,8365,8511],"product_tag":[],"class_list":{"0":"post-217550","1":"product","2":"type-product","3":"status-publish","4":"has-post-thumbnail","6":"product_cat-inicio","7":"product_cat-produtos-portugueses","8":"product_cat-confeitaria","9":"product_cat-wafers-pt-pt","11":"first","12":"instock","13":"taxable","14":"shipping-taxable","15":"purchasable","16":"product-type-simple"},"aioseo_notices":[],"brands":[],"_links":{"self":[{"href":"https:\/\/www.delicias-uk.com\/pt-pt\/wp-json\/wp\/v2\/product\/217550","targetHints":{"allow":["GET"]}}],"collection":[{"href":"https:\/\/www.delicias-uk.com\/pt-pt\/wp-json\/wp\/v2\/product"}],"about":[{"href":"https:\/\/www.delicias-uk.com\/pt-pt\/wp-json\/wp\/v2\/types\/product"}],"author":[{"embeddable":true,"href":"https:\/\/www.delicias-uk.com\/pt-pt\/wp-json\/wp\/v2\/users\/43533"}],"replies":[{"embeddable":true,"href":"https:\/\/www.delicias-uk.com\/pt-pt\/wp-json\/wp\/v2\/comments?post=217550"}],"wp:featuredmedia":[{"embeddable":true,"href":"https:\/\/www.delicias-uk.com\/pt-pt\/wp-json\/wp\/v2\/media\/96403"}],"wp:attachment":[{"href":"https:\/\/www.delicias-uk.com\/pt-pt\/wp-json\/wp\/v2\/media?parent=217550"}],"wp:term":[{"taxonomy":"pwb-brand","embeddable":true,"href":"https:\/\/www.delicias-uk.com\/pt-pt\/wp-json\/wp\/v2\/pwb-brand?post=217550"},{"taxonomy":"product_brand","embeddable":true,"href":"https:\/\/www.delicias-uk.com\/pt-pt\/wp-json\/wp\/v2\/product_brand?post=217550"},{"taxonomy":"product_cat","embeddable":true,"href":"https:\/\/www.delicias-uk.com\/pt-pt\/wp-json\/wp\/v2\/product_cat?post=217550"},{"taxonomy":"product_tag","embeddable":true,"href":"https:\/\/www.delicias-uk.com\/pt-pt\/wp-json\/wp\/v2\/product_tag?post=217550"}],"curies":[{"name":"wp","href":"https:\/\/api.w.org\/{rel}","templated":true}]}}