{"id":217548,"date":"2024-10-03T11:34:59","date_gmt":"2024-10-03T11:34:59","guid":{"rendered":"https:\/\/www.delicias-uk.com\/product\/suspiros-de-merengue-avo-elvira-100g\/"},"modified":"2025-12-14T15:06:52","modified_gmt":"2025-12-14T15:06:52","slug":"suspiros-de-merengue-avo-elvira-100g","status":"publish","type":"product","link":"https:\/\/www.delicias-uk.com\/pt-pt\/produto\/suspiros-de-merengue-avo-elvira-100g\/","title":{"rendered":"Suspiros de Merengue Avo Elvira 100g"},"content":{"rendered":"<p>Leve e crocante, mas derrete na boca deixando um ligeiro sabor a lim\u00e3o. As embalagens premium, em copos de cart\u00e3o, com apresenta\u00e7\u00e3o personalizada s\u00e3o ideais para o mercado Gourmet.<\/p>\n<p><strong>Ingredientes<\/strong>: A\u00e7\u00facar, OVOS brancos pasteurizados e lim\u00e3o.<\/p>\n<p><strong>Alerg\u00e9nios<\/strong>: cont\u00e9m <strong>OVOS<\/strong>. Pode conter vest\u00edgios de <strong>FRUTOS DE CASCA RIJA, GL\u00daTEN, SOJA, LACTOSE e SEMENTES DE S\u00c9SAMO<\/strong>.<\/p>\n<p><strong>Informa\u00e7\u00e3o nutricional por 100g:<\/strong><\/p>\n<ul style=\"list-style-type:disc;\">\n<li>Energia 1669 Kj \/ 393 kcal<\/li>\n<li>Gorduras 0,1g<\/li>\n<li>dos quais saturados 0,1g<\/li>\n<li>Hidratos de carbono 94g<\/li>\n<li>dos quais a\u00e7\u00facares 86g<\/li>\n<li>Prote\u00ednas 3,9g<\/li>\n<li>Fibra 0,5g<\/li>\n<li>Sal 0,19g<\/li>\n<\/ul>\n<p><strong>Pa\u00eds de origem<\/strong>: Portugal.<\/p>\n<p><em>Devido a poss\u00edveis altera\u00e7\u00f5es nas embalagens e\/ou r\u00f3tulos, deve sempre considerar a informa\u00e7\u00e3o que acompanha o produto que recebe.<\/em><\/p>\n","protected":false},"excerpt":{"rendered":"<ul style=\"list-style-type:disc;\">\n<li>Peso l\u00edquido 100g<\/li>\n<li>Receita caseira<\/li>\n<li>Perfeito para pequeno-almo\u00e7o ou ch\u00e1 da tarde<\/li>\n<\/ul>\n","protected":false},"author":43533,"featured_media":96397,"comment_status":"open","ping_status":"closed","template":"","meta":[],"pwb-brand":[],"product_brand":[],"product_cat":[8289,8291,8385,8597],"product_tag":[],"class_list":{"0":"post-217548","1":"product","2":"type-product","3":"status-publish","4":"has-post-thumbnail","6":"product_cat-inicio","7":"product_cat-produtos-portugueses","8":"product_cat-confeitaria-pt-pt","9":"product_cat-doces-tradicionais-amendoim","11":"first","12":"instock","13":"taxable","14":"shipping-taxable","15":"purchasable","16":"product-type-simple"},"aioseo_notices":[],"brands":[],"_links":{"self":[{"href":"https:\/\/www.delicias-uk.com\/pt-pt\/wp-json\/wp\/v2\/product\/217548","targetHints":{"allow":["GET"]}}],"collection":[{"href":"https:\/\/www.delicias-uk.com\/pt-pt\/wp-json\/wp\/v2\/product"}],"about":[{"href":"https:\/\/www.delicias-uk.com\/pt-pt\/wp-json\/wp\/v2\/types\/product"}],"author":[{"embeddable":true,"href":"https:\/\/www.delicias-uk.com\/pt-pt\/wp-json\/wp\/v2\/users\/43533"}],"replies":[{"embeddable":true,"href":"https:\/\/www.delicias-uk.com\/pt-pt\/wp-json\/wp\/v2\/comments?post=217548"}],"wp:featuredmedia":[{"embeddable":true,"href":"https:\/\/www.delicias-uk.com\/pt-pt\/wp-json\/wp\/v2\/media\/96397"}],"wp:attachment":[{"href":"https:\/\/www.delicias-uk.com\/pt-pt\/wp-json\/wp\/v2\/media?parent=217548"}],"wp:term":[{"taxonomy":"pwb-brand","embeddable":true,"href":"https:\/\/www.delicias-uk.com\/pt-pt\/wp-json\/wp\/v2\/pwb-brand?post=217548"},{"taxonomy":"product_brand","embeddable":true,"href":"https:\/\/www.delicias-uk.com\/pt-pt\/wp-json\/wp\/v2\/product_brand?post=217548"},{"taxonomy":"product_cat","embeddable":true,"href":"https:\/\/www.delicias-uk.com\/pt-pt\/wp-json\/wp\/v2\/product_cat?post=217548"},{"taxonomy":"product_tag","embeddable":true,"href":"https:\/\/www.delicias-uk.com\/pt-pt\/wp-json\/wp\/v2\/product_tag?post=217548"}],"curies":[{"name":"wp","href":"https:\/\/api.w.org\/{rel}","templated":true}]}}