{"id":217546,"date":"2024-10-03T10:52:05","date_gmt":"2024-10-03T10:52:05","guid":{"rendered":"https:\/\/www.delicias-uk.com\/product\/biscoito-lingua-de-gato-avo-elvira-250g\/"},"modified":"2025-10-03T20:06:34","modified_gmt":"2025-10-03T19:06:34","slug":"biscoito-lingua-de-gato-avo-elvira-250g","status":"publish","type":"product","link":"https:\/\/www.delicias-uk.com\/pt-pt\/produto\/biscoito-lingua-de-gato-avo-elvira-250g\/","title":{"rendered":"Biscoito Lingua de Gato Avo Elvira 250g"},"content":{"rendered":"<p>Delicie-se com a croc\u00e2ncia leve e delicada do Biscoito L\u00edngua de Gato Avo Elvira, uma guloseima cl\u00e1ssica com um formato encantador e uma textura amanteigada que se desfaz na boca. Estes biscoitos finos e crocantes s\u00e3o elaborados com os melhores ingredientes, oferecendo uma do\u00e7ura subtil que combina na perfei\u00e7\u00e3o com caf\u00e9, ch\u00e1 ou um copo de leite. O seu formato esguio e alongado, que faz lembrar a l\u00edngua de um gato, acrescenta um toque de eleg\u00e2ncia a qualquer snack. Perfeitos para acompanhar sobremesas, servir de base para sandu\u00edches de gelado ou simplesmente para saborear sozinhos, estes biscoitos trazem um toque de sofistica\u00e7\u00e3o a qualquer ocasi\u00e3o.<\/p>\n<p><strong>Ingredientes<\/strong>: Farinha de TRIGO, \u00e1gua, a\u00e7\u00facar, margarina vegetal [gordura vegetal de palma, gordura vegetal de coco, \u00f3leo vegetal de girassol, \u00f3leo vegetal de SOJA, \u00e1gua, sal, emulsionante (E471), aromas, corante (E160aii), regulador de acidez (E330)] , levedura (E450i e E500ii), canela (0,6%), mel, OVO pasteurizado, aromas, sal e dextrose.<\/p>\n<p><strong>Alerg\u00e9nios<\/strong>: cont\u00e9m <strong>GL\u00daTEN<\/strong>, <strong>SOJA<\/strong> e <strong>OVOS<\/strong>. Pode conter vest\u00edgios de <strong>FRUTOS DE CASCA RIJA<\/strong>, <strong>LACTOSE<\/strong>, <strong>TREMO\u00c7OS<\/strong> e <strong>SEMENTES<\/strong> <strong>DE<\/strong> <strong>S\u00c9SAMO<\/strong>.<\/p>\n<p><strong>Informa\u00e7\u00e3o nutricional por 100g:<\/strong><\/p>\n<ul style=\"list-style-type:disc;\">\n<li>Energia 1691 Kj \/ 400 kcal<\/li>\n<li>Gorduras 4,7g<\/li>\n<li>dos quais saturados 2,6g<\/li>\n<li>Hidratos de carbono 83g<\/li>\n<li>dos quais a\u00e7\u00facares 41g<\/li>\n<li>Prote\u00ednas 5,8g<\/li>\n<li>Fibra 0g<\/li>\n<li>Sal 0,48g<\/li>\n<\/ul>\n<p><strong>Pa\u00eds de origem<\/strong>: Portugal.<\/p>\n<p><em>Devido a poss\u00edveis altera\u00e7\u00f5es nas embalagens e\/ou r\u00f3tulos, deve sempre considerar a informa\u00e7\u00e3o que acompanha o produto que recebe.<\/em><\/p>\n","protected":false},"excerpt":{"rendered":"<ul style=\"list-style-type:disc;\">\n<li>Peso l\u00edquido 250g<\/li>\n<li>Receita caseira<\/li>\n<li>Perfeito para pequeno-almo\u00e7o ou ch\u00e1 da tarde<\/li>\n<\/ul>\n","protected":false},"author":43533,"featured_media":96391,"comment_status":"open","ping_status":"closed","template":"","meta":[],"pwb-brand":[],"product_brand":[],"product_cat":[8289,8291,8365,8461],"product_tag":[],"class_list":{"0":"post-217546","1":"product","2":"type-product","3":"status-publish","4":"has-post-thumbnail","6":"product_cat-inicio","7":"product_cat-produtos-portugueses","8":"product_cat-confeitaria","9":"product_cat-bolachas","11":"first","12":"outofstock","13":"taxable","14":"shipping-taxable","15":"purchasable","16":"product-type-simple"},"aioseo_notices":[],"brands":[],"_links":{"self":[{"href":"https:\/\/www.delicias-uk.com\/pt-pt\/wp-json\/wp\/v2\/product\/217546","targetHints":{"allow":["GET"]}}],"collection":[{"href":"https:\/\/www.delicias-uk.com\/pt-pt\/wp-json\/wp\/v2\/product"}],"about":[{"href":"https:\/\/www.delicias-uk.com\/pt-pt\/wp-json\/wp\/v2\/types\/product"}],"author":[{"embeddable":true,"href":"https:\/\/www.delicias-uk.com\/pt-pt\/wp-json\/wp\/v2\/users\/43533"}],"replies":[{"embeddable":true,"href":"https:\/\/www.delicias-uk.com\/pt-pt\/wp-json\/wp\/v2\/comments?post=217546"}],"wp:featuredmedia":[{"embeddable":true,"href":"https:\/\/www.delicias-uk.com\/pt-pt\/wp-json\/wp\/v2\/media\/96391"}],"wp:attachment":[{"href":"https:\/\/www.delicias-uk.com\/pt-pt\/wp-json\/wp\/v2\/media?parent=217546"}],"wp:term":[{"taxonomy":"pwb-brand","embeddable":true,"href":"https:\/\/www.delicias-uk.com\/pt-pt\/wp-json\/wp\/v2\/pwb-brand?post=217546"},{"taxonomy":"product_brand","embeddable":true,"href":"https:\/\/www.delicias-uk.com\/pt-pt\/wp-json\/wp\/v2\/product_brand?post=217546"},{"taxonomy":"product_cat","embeddable":true,"href":"https:\/\/www.delicias-uk.com\/pt-pt\/wp-json\/wp\/v2\/product_cat?post=217546"},{"taxonomy":"product_tag","embeddable":true,"href":"https:\/\/www.delicias-uk.com\/pt-pt\/wp-json\/wp\/v2\/product_tag?post=217546"}],"curies":[{"name":"wp","href":"https:\/\/api.w.org\/{rel}","templated":true}]}}