{"id":217544,"date":"2024-10-03T10:27:29","date_gmt":"2024-10-03T10:27:29","guid":{"rendered":"https:\/\/www.delicias-uk.com\/product\/biscoito-de-amendoim-crocante-avo-elvira-170g\/"},"modified":"2025-05-09T15:44:39","modified_gmt":"2025-05-09T14:44:39","slug":"biscoito-de-amendoim-crocante-avo-elvira-170g","status":"publish","type":"product","link":"https:\/\/www.delicias-uk.com\/pt-pt\/produto\/biscoito-de-amendoim-crocante-avo-elvira-170g\/","title":{"rendered":"Biscoito de Amendoim Crocante Avo Elvira 170g"},"content":{"rendered":"<p>Experimente a deliciosa croc\u00e2ncia do Biscoito Crocante de Amendoim Avo Elvira, uma guloseima artesanal confecionada com cuidado em Portugal. Cada biscoito \u00e9 feito com receitas tradicionais, misturando amendoins premium com ingredientes de qualidade para criar um sabor rico e satisfat\u00f3rio a cada dentada. Assados \u200b\u200bna perfei\u00e7\u00e3o, estes biscoitos oferecem uma textura crocante e sabores de nozes dif\u00edceis de resistir.<\/p>\n<p><strong>Ingredientes<\/strong>: AMENDOIM (32%) \u00abn\u00e3o UE\u00bb, farinha de TRIGO, a\u00e7\u00facar, \u00e1gua, \u00f3leo vegetal de girassol, mel, cacau em p\u00f3, fermentos (bicarbonato de s\u00f3dio, difosfato de s\u00f3dio), sal e vanilina.<\/p>\n<p><strong>Alerg\u00e9nios<\/strong>: cont\u00e9m <strong>NOZES<\/strong> e <strong>GL\u00daTEN<\/strong>. Pode conter vest\u00edgios de <strong>OVOS<\/strong>, <strong>SEMENTES<\/strong> <strong>DE<\/strong> <strong>S\u00c9SAMO<\/strong>, <strong>LACTOSE<\/strong> e <strong>SOJA<\/strong>.<\/p>\n<p><strong>Informa\u00e7\u00e3o nutricional por 100g:<\/strong><\/p>\n<ul style=\"list-style-type:disc;\">\n<li>Energia 2108 Kj \/ 504 kcal<\/li>\n<li>Gorduras 26g<\/li>\n<li>dos quais saturados 4,5g<\/li>\n<li>Hidratos de carbono 55g<\/li>\n<li>dos quais a\u00e7\u00facares 32g<\/li>\n<li>Prote\u00ednas 11g<\/li>\n<li>Fibra 4,2g<\/li>\n<li>Sal 0,46g<\/li>\n<\/ul>\n<p><strong>Pa\u00eds de origem<\/strong>: Fora da UE.<\/p>\n<p><em>Devido a poss\u00edveis altera\u00e7\u00f5es nas embalagens e\/ou r\u00f3tulos, deve sempre considerar a informa\u00e7\u00e3o que acompanha o produto que recebe.<\/em><\/p>\n","protected":false},"excerpt":{"rendered":"<ul style=\"list-style-type:disc;\">\n<li>Peso l\u00edquido 170g<\/li>\n<li>Receita caseira<\/li>\n<li>Perfeito para pequeno-almo\u00e7o ou ch\u00e1 da tarde<\/li>\n<\/ul>\n","protected":false},"author":43533,"featured_media":96385,"comment_status":"open","ping_status":"closed","template":"","meta":[],"pwb-brand":[],"product_brand":[],"product_cat":[8289,8291,8365,8461],"product_tag":[],"class_list":{"0":"post-217544","1":"product","2":"type-product","3":"status-publish","4":"has-post-thumbnail","6":"product_cat-inicio","7":"product_cat-produtos-portugueses","8":"product_cat-confeitaria","9":"product_cat-bolachas","11":"first","12":"outofstock","13":"taxable","14":"shipping-taxable","15":"purchasable","16":"product-type-simple"},"aioseo_notices":[],"brands":[],"_links":{"self":[{"href":"https:\/\/www.delicias-uk.com\/pt-pt\/wp-json\/wp\/v2\/product\/217544","targetHints":{"allow":["GET"]}}],"collection":[{"href":"https:\/\/www.delicias-uk.com\/pt-pt\/wp-json\/wp\/v2\/product"}],"about":[{"href":"https:\/\/www.delicias-uk.com\/pt-pt\/wp-json\/wp\/v2\/types\/product"}],"author":[{"embeddable":true,"href":"https:\/\/www.delicias-uk.com\/pt-pt\/wp-json\/wp\/v2\/users\/43533"}],"replies":[{"embeddable":true,"href":"https:\/\/www.delicias-uk.com\/pt-pt\/wp-json\/wp\/v2\/comments?post=217544"}],"wp:featuredmedia":[{"embeddable":true,"href":"https:\/\/www.delicias-uk.com\/pt-pt\/wp-json\/wp\/v2\/media\/96385"}],"wp:attachment":[{"href":"https:\/\/www.delicias-uk.com\/pt-pt\/wp-json\/wp\/v2\/media?parent=217544"}],"wp:term":[{"taxonomy":"pwb-brand","embeddable":true,"href":"https:\/\/www.delicias-uk.com\/pt-pt\/wp-json\/wp\/v2\/pwb-brand?post=217544"},{"taxonomy":"product_brand","embeddable":true,"href":"https:\/\/www.delicias-uk.com\/pt-pt\/wp-json\/wp\/v2\/product_brand?post=217544"},{"taxonomy":"product_cat","embeddable":true,"href":"https:\/\/www.delicias-uk.com\/pt-pt\/wp-json\/wp\/v2\/product_cat?post=217544"},{"taxonomy":"product_tag","embeddable":true,"href":"https:\/\/www.delicias-uk.com\/pt-pt\/wp-json\/wp\/v2\/product_tag?post=217544"}],"curies":[{"name":"wp","href":"https:\/\/api.w.org\/{rel}","templated":true}]}}