{"id":217538,"date":"2024-10-02T15:34:38","date_gmt":"2024-10-02T14:34:38","guid":{"rendered":"https:\/\/www.delicias-uk.com\/product\/pate-de-sardinha-picante-manna-22g\/"},"modified":"2025-11-19T18:22:00","modified_gmt":"2025-11-19T18:22:00","slug":"pate-de-sardinha-picante-manna-22g","status":"publish","type":"product","link":"https:\/\/www.delicias-uk.com\/pt-pt\/produto\/pate-de-sardinha-picante-manna-22g\/","title":{"rendered":"Pat\u00ea de Sardinha Picante Mann\u00e1 22g"},"content":{"rendered":"<p>O Pat\u00ea de Sardinha Mann\u00e1 Picante, inconfund\u00edvel, cremoso e produzido sem adi\u00e7\u00e3o de corantes ou conservantes, \u00e9 perfeito para barrar. Esta vers\u00e3o picante torna-o ainda mais viciante. Aquele momento especial no in\u00edcio da refei\u00e7\u00e3o ou o seu lanche pr\u00e1tico e saboroso que n\u00e3o dispensa.<\/p>\n<p><strong>Ingredientes<\/strong>: Sardinha (APROX. 43%) (Sardina pilchardus), Cavala (APROX. 24%) (Scomber spp), Condimento de \u00d3leo Vegetal (\u00d3leo de Girassol, Cebola, Pimento, Alho, Especiarias), \u00c1gua, Concentrado de Tomate, Prote\u00edna de Soja, Condimento de Mostarda (\u00c1gua, Vinagre de Vinho, Mostarda, A\u00e7\u00facar, Curcuma, Sal), Sal, Sabor a Piri-Piri (Aprox. 0,04%) e Especiarias.<\/p>\n<p><strong>Alerg\u00e9nios<\/strong>: cont\u00e9m <strong>PEIXE<\/strong>, <strong>SOJA<\/strong> e <strong>MOSTARDA<\/strong>.<\/p>\n<p><strong>Informa\u00e7\u00e3o nutricional por 100g:<\/strong><\/p>\n<ul style=\"list-style-type:disc\">\n<li>Energia 1241 Kj \/ 300 kcal<\/li>\n<li>Gorduras 25g<\/li>\n<li>dos quais saturados 4,9g<\/li>\n<li>Hidratos de carbono 1,9g<\/li>\n<li>dos quais a\u00e7\u00facares 0g<\/li>\n<li>Prote\u00ednas 16g<\/li>\n<li>Fibra 0g<\/li>\n<li>Sal 0,8g<\/li>\n<\/ul>\n<p><strong>Pa\u00eds de origem<\/strong>: Portugal.<\/p>\n<p><em>Devido a poss\u00edveis altera\u00e7\u00f5es nas embalagens e\/ou r\u00f3tulos, deve sempre considerar a informa\u00e7\u00e3o que acompanha o produto que recebe.<\/em><\/p>\n","protected":false},"excerpt":{"rendered":"<ul style=\"list-style-type:disc\">\n<li>Peso l\u00edquido 22g<\/li>\n<li>N\u00e3o cont\u00e9m gl\u00faten<\/li>\n<li>Isento de conservantes ou corantes<\/li>\n<\/ul>\n","protected":false},"author":43533,"featured_media":226743,"comment_status":"open","ping_status":"closed","template":"","meta":[],"pwb-brand":[],"product_brand":[],"product_cat":[9325,8289,8291,8411,8557,8499,8363],"product_tag":[],"class_list":{"0":"post-217538","1":"product","2":"type-product","3":"status-publish","4":"has-post-thumbnail","6":"product_cat-pickles-conservas","7":"product_cat-inicio","8":"product_cat-produtos-portugueses","9":"product_cat-conservas","10":"product_cat-pates-pt-pt","11":"product_cat-sem-glutem","12":"product_cat-halal-pt-pt","14":"first","15":"outofstock","16":"taxable","17":"shipping-taxable","18":"purchasable","19":"product-type-simple"},"aioseo_notices":[],"brands":[],"_links":{"self":[{"href":"https:\/\/www.delicias-uk.com\/pt-pt\/wp-json\/wp\/v2\/product\/217538","targetHints":{"allow":["GET"]}}],"collection":[{"href":"https:\/\/www.delicias-uk.com\/pt-pt\/wp-json\/wp\/v2\/product"}],"about":[{"href":"https:\/\/www.delicias-uk.com\/pt-pt\/wp-json\/wp\/v2\/types\/product"}],"author":[{"embeddable":true,"href":"https:\/\/www.delicias-uk.com\/pt-pt\/wp-json\/wp\/v2\/users\/43533"}],"replies":[{"embeddable":true,"href":"https:\/\/www.delicias-uk.com\/pt-pt\/wp-json\/wp\/v2\/comments?post=217538"}],"wp:featuredmedia":[{"embeddable":true,"href":"https:\/\/www.delicias-uk.com\/pt-pt\/wp-json\/wp\/v2\/media\/226743"}],"wp:attachment":[{"href":"https:\/\/www.delicias-uk.com\/pt-pt\/wp-json\/wp\/v2\/media?parent=217538"}],"wp:term":[{"taxonomy":"pwb-brand","embeddable":true,"href":"https:\/\/www.delicias-uk.com\/pt-pt\/wp-json\/wp\/v2\/pwb-brand?post=217538"},{"taxonomy":"product_brand","embeddable":true,"href":"https:\/\/www.delicias-uk.com\/pt-pt\/wp-json\/wp\/v2\/product_brand?post=217538"},{"taxonomy":"product_cat","embeddable":true,"href":"https:\/\/www.delicias-uk.com\/pt-pt\/wp-json\/wp\/v2\/product_cat?post=217538"},{"taxonomy":"product_tag","embeddable":true,"href":"https:\/\/www.delicias-uk.com\/pt-pt\/wp-json\/wp\/v2\/product_tag?post=217538"}],"curies":[{"name":"wp","href":"https:\/\/api.w.org\/{rel}","templated":true}]}}