{"id":217532,"date":"2024-10-02T09:59:40","date_gmt":"2024-10-02T09:59:40","guid":{"rendered":"https:\/\/www.delicias-uk.com\/product\/superbock-1927-munich-dunkel-beer-330ml-2\/"},"modified":"2025-11-28T21:46:51","modified_gmt":"2025-11-28T21:46:51","slug":"superbock-1927-munich-dunkel-beer-330ml-2","status":"publish","type":"product","link":"https:\/\/www.delicias-uk.com\/pt-pt\/produto\/superbock-1927-munich-dunkel-beer-330ml-2\/","title":{"rendered":"Cerveja Super Bock 1927 Munich Dunkel Beer 330ml"},"content":{"rendered":"<p>Produzida com malte especial Munich, \u00e9 uma cerveja castanha, com espuma cremosa e cor de areia. Assume um rico aroma a malte, chocolate, frutos secos e ligeiro fumado. Na boca \u00e9 elegante, com um amargor discreto, sustentando a do\u00e7ura do malte. O sabor rico e doce do malte, da alfarroba e do chocolate est\u00e3o em harmonia com a acidez. Final m\u00e9dio, frutado e ligeiramente tostado. Recrea\u00e7\u00e3o mais intensa que o tradicional Munique Dunkel, em sintonia com a gastronomia portuguesa, a par de pratos com grande car\u00e1cter.<\/p>\n<p><strong>Ingredientes<\/strong>: \u00c1gua, malte de cevada e l\u00fapulo.<\/p>\n<p><strong>Alerg\u00e9nios<\/strong>: cont\u00e9m <strong>GL\u00daTEN<\/strong>.<\/p>\n<p><strong>Informa\u00e7\u00e3o nutricional por 100g:<\/strong><\/p>\n<ul style=\"list-style-type:disc;\">\n<li>Energia 223 Kj \/ 53 kcal<\/li>\n<li>Gorduras 0g<\/li>\n<li>dos quais saturados 0g<\/li>\n<li>Hidratos de carbono 4,7g<\/li>\n<li>dos quais a\u00e7\u00facares 1,1g<\/li>\n<li>Prote\u00ednas 0,7g<\/li>\n<li>Fibra 0g<\/li>\n<li>Sal 0g<\/li>\n<\/ul>\n<p><strong>Pa\u00eds de origem<\/strong>: Portugal<\/p>\n<p><em>Devido a poss\u00edveis altera\u00e7\u00f5es nas embalagens e\/ou r\u00f3tulos, deve sempre considerar a informa\u00e7\u00e3o que acompanha o produto que recebe.<\/em><\/p>\n","protected":false},"excerpt":{"rendered":"<ul style=\"list-style-type:disc;\">\n<li>Peso l\u00edquido 330ml<\/li>\n<li>Produzido com malte especial Munique<\/li>\n<li>Cerveja premium<\/li>\n<\/ul>\n","protected":false},"author":43533,"featured_media":96345,"comment_status":"open","ping_status":"closed","template":"","meta":[],"pwb-brand":[],"product_brand":[],"product_cat":[8289,8291,8333],"product_tag":[],"class_list":{"0":"post-217532","1":"product","2":"type-product","3":"status-publish","4":"has-post-thumbnail","6":"product_cat-inicio","7":"product_cat-produtos-portugueses","8":"product_cat-cerveja","10":"first","11":"instock","12":"taxable","13":"shipping-taxable","14":"purchasable","15":"product-type-simple"},"aioseo_notices":[],"brands":[],"_links":{"self":[{"href":"https:\/\/www.delicias-uk.com\/pt-pt\/wp-json\/wp\/v2\/product\/217532","targetHints":{"allow":["GET"]}}],"collection":[{"href":"https:\/\/www.delicias-uk.com\/pt-pt\/wp-json\/wp\/v2\/product"}],"about":[{"href":"https:\/\/www.delicias-uk.com\/pt-pt\/wp-json\/wp\/v2\/types\/product"}],"author":[{"embeddable":true,"href":"https:\/\/www.delicias-uk.com\/pt-pt\/wp-json\/wp\/v2\/users\/43533"}],"replies":[{"embeddable":true,"href":"https:\/\/www.delicias-uk.com\/pt-pt\/wp-json\/wp\/v2\/comments?post=217532"}],"wp:featuredmedia":[{"embeddable":true,"href":"https:\/\/www.delicias-uk.com\/pt-pt\/wp-json\/wp\/v2\/media\/96345"}],"wp:attachment":[{"href":"https:\/\/www.delicias-uk.com\/pt-pt\/wp-json\/wp\/v2\/media?parent=217532"}],"wp:term":[{"taxonomy":"pwb-brand","embeddable":true,"href":"https:\/\/www.delicias-uk.com\/pt-pt\/wp-json\/wp\/v2\/pwb-brand?post=217532"},{"taxonomy":"product_brand","embeddable":true,"href":"https:\/\/www.delicias-uk.com\/pt-pt\/wp-json\/wp\/v2\/product_brand?post=217532"},{"taxonomy":"product_cat","embeddable":true,"href":"https:\/\/www.delicias-uk.com\/pt-pt\/wp-json\/wp\/v2\/product_cat?post=217532"},{"taxonomy":"product_tag","embeddable":true,"href":"https:\/\/www.delicias-uk.com\/pt-pt\/wp-json\/wp\/v2\/product_tag?post=217532"}],"curies":[{"name":"wp","href":"https:\/\/api.w.org\/{rel}","templated":true}]}}