{"id":217530,"date":"2024-10-02T09:29:48","date_gmt":"2024-10-02T09:29:48","guid":{"rendered":"https:\/\/www.delicias-uk.com\/product\/cerveja-superbock-1927-bavaria-weiss-330ml\/"},"modified":"2025-02-06T17:18:36","modified_gmt":"2025-02-06T17:18:36","slug":"cerveja-superbock-1927-bavaria-weiss-330ml","status":"publish","type":"product","link":"https:\/\/www.delicias-uk.com\/pt-pt\/produto\/cerveja-superbock-1927-bavaria-weiss-330ml\/","title":{"rendered":"Cerveja Super Bock 1927 Bavaria Weiss 330ml"},"content":{"rendered":"<p>O malte de trigo ocupa o centro dos ingredientes desta cerveja b\u00e1vara, fermentada a alta temperatura (Ale) e n\u00e3o filtrada. Muito l\u00edmpido e turvo, revela uma harmonia de aromas frutados, cravinho e especiarias. O corpo \u00e9 leve, o sabor \u00e9 suave e refrescante, ligeiramente amargo e com boa acidez, e final de boca curto. Por se tratar de uma cerveja n\u00e3o filtrada, pode conter res\u00edduos de levedura. Para uma boa experi\u00eancia com o Bavaria Weiss, sirva num copo, seguindo os seguintes passos:<\/p>\n<p>1. Sirva 3\/4 da cerveja num copo inclinado a 45\u00ba, endireitando lentamente o copo at\u00e9 encontrar a posi\u00e7\u00e3o vertical;<\/p>\n<p>2. Agite ligeiramente a garrafa para que o fermento depositado no fundo se misture com o resto da cerveja;<\/p>\n<p>3. Adicione a cerveja que cont\u00e9m o fermento suspenso ao copo de partida, na posi\u00e7\u00e3o vertical.<\/p>\n<p><strong>Ingredientes<\/strong>: \u00c1gua, malte de trigo, malte de cevada, l\u00fapulo e levedura.<\/p>\n<p><strong>Alerg\u00e9nios<\/strong>: cont\u00e9m <strong>GL\u00daTEN<\/strong>.<\/p>\n<p><strong>Informa\u00e7\u00e3o nutricional por 100g:<\/strong><\/p>\n<ul style=\"list-style-type:disc;\">\n<li>Energia 181 Kj\/43 kcal<\/li>\n<li>Gorduras 0g<\/li>\n<li>dos quais saturados 0g<\/li>\n<li>Hidratos de carbono 3,5g<\/li>\n<li>dos quais a\u00e7\u00facares 0,6g<\/li>\n<li>Prote\u00ednas 0,5g<\/li>\n<li>Fibra 0g<\/li>\n<li>Sal 0g<\/li>\n<\/ul>\n<p><strong>Pa\u00eds de origem<\/strong>: Portugal<\/p>\n<p><em>Devido a poss\u00edveis altera\u00e7\u00f5es nas embalagens e\/ou r\u00f3tulos, deve sempre considerar a informa\u00e7\u00e3o que acompanha o produto que recebe.<\/em><\/p>\n","protected":false},"excerpt":{"rendered":"<ul style=\"list-style-type:disc;\">\n<li>Peso l\u00edquido 330ml<\/li>\n<li>Sabor suave e refrescante<\/li>\n<li>Cerveja premium<\/li>\n<\/ul>\n","protected":false},"author":43533,"featured_media":96337,"comment_status":"open","ping_status":"closed","template":"","meta":[],"pwb-brand":[],"product_brand":[],"product_cat":[8289,8291,8333],"product_tag":[],"class_list":{"0":"post-217530","1":"product","2":"type-product","3":"status-publish","4":"has-post-thumbnail","6":"product_cat-inicio","7":"product_cat-produtos-portugueses","8":"product_cat-cerveja","10":"first","11":"outofstock","12":"taxable","13":"shipping-taxable","14":"purchasable","15":"product-type-simple"},"aioseo_notices":[],"brands":[],"_links":{"self":[{"href":"https:\/\/www.delicias-uk.com\/pt-pt\/wp-json\/wp\/v2\/product\/217530","targetHints":{"allow":["GET"]}}],"collection":[{"href":"https:\/\/www.delicias-uk.com\/pt-pt\/wp-json\/wp\/v2\/product"}],"about":[{"href":"https:\/\/www.delicias-uk.com\/pt-pt\/wp-json\/wp\/v2\/types\/product"}],"author":[{"embeddable":true,"href":"https:\/\/www.delicias-uk.com\/pt-pt\/wp-json\/wp\/v2\/users\/43533"}],"replies":[{"embeddable":true,"href":"https:\/\/www.delicias-uk.com\/pt-pt\/wp-json\/wp\/v2\/comments?post=217530"}],"wp:featuredmedia":[{"embeddable":true,"href":"https:\/\/www.delicias-uk.com\/pt-pt\/wp-json\/wp\/v2\/media\/96337"}],"wp:attachment":[{"href":"https:\/\/www.delicias-uk.com\/pt-pt\/wp-json\/wp\/v2\/media?parent=217530"}],"wp:term":[{"taxonomy":"pwb-brand","embeddable":true,"href":"https:\/\/www.delicias-uk.com\/pt-pt\/wp-json\/wp\/v2\/pwb-brand?post=217530"},{"taxonomy":"product_brand","embeddable":true,"href":"https:\/\/www.delicias-uk.com\/pt-pt\/wp-json\/wp\/v2\/product_brand?post=217530"},{"taxonomy":"product_cat","embeddable":true,"href":"https:\/\/www.delicias-uk.com\/pt-pt\/wp-json\/wp\/v2\/product_cat?post=217530"},{"taxonomy":"product_tag","embeddable":true,"href":"https:\/\/www.delicias-uk.com\/pt-pt\/wp-json\/wp\/v2\/product_tag?post=217530"}],"curies":[{"name":"wp","href":"https:\/\/api.w.org\/{rel}","templated":true}]}}