{"id":217524,"date":"2024-10-01T15:52:52","date_gmt":"2024-10-01T14:52:52","guid":{"rendered":"https:\/\/www.delicias-uk.com\/product\/cartuxa-monte-de-pinheiros-vinho-tinto-2023-75cl\/"},"modified":"2026-02-05T09:46:56","modified_gmt":"2026-02-05T09:46:56","slug":"cartuxa-monte-de-pinheiros-2022-75cl","status":"publish","type":"product","link":"https:\/\/www.delicias-uk.com\/pt-pt\/produto\/cartuxa-monte-de-pinheiros-2022-75cl\/","title":{"rendered":"Cartuxa Monte de Pinheiros 2022 75cl"},"content":{"rendered":"<h3 data-start=\"152\" data-end=\"202\"><strong data-start=\"156\" data-end=\"200\">Cartuxa Monte de Pinheiros \u2013 Vinho Tinto<\/strong><\/h3>\n<p data-start=\"204\" data-end=\"414\">O <strong data-start=\"206\" data-end=\"236\">Cartuxa Monte de Pinheiros<\/strong> \u00e9 o vinho tinto do dia a dia da Adega Cartuxa, perfeito para ocasi\u00f5es informais. Produzido pela primeira vez em 2019, reflete a <strong data-start=\"365\" data-end=\"411\">tradi\u00e7\u00e3o e qualidade da regi\u00e3o do Alentejo<\/strong>.<\/p>\n<p data-start=\"416\" data-end=\"666\"><strong data-start=\"416\" data-end=\"429\">Produtor:<\/strong> Funda\u00e7\u00e3o Eug\u00e9nio de Almeida<br data-start=\"457\" data-end=\"460\" \/><strong data-start=\"460\" data-end=\"471\">Regi\u00e3o:<\/strong> Alentejo, Portugal<br data-start=\"490\" data-end=\"493\" \/><strong data-start=\"493\" data-end=\"504\">Estilo:<\/strong> Vinho Tinto<br data-start=\"516\" data-end=\"519\" \/><strong data-start=\"519\" data-end=\"530\">Castas:<\/strong> Alicante Bouschet, Aragonez, Trincadeira, Syrah<br data-start=\"578\" data-end=\"581\" \/><strong data-start=\"581\" data-end=\"593\">Garrafa:<\/strong> 75cl<br data-start=\"598\" data-end=\"601\" data-is-only-node=\"\" \/><strong data-start=\"601\" data-end=\"620\">Teor Alco\u00f3lico:<\/strong> 14,5%<br data-start=\"626\" data-end=\"629\" \/><strong data-start=\"629\" data-end=\"656\">Temperatura de Servi\u00e7o:<\/strong> 16\u201318\u00baC<\/p>\n<p data-start=\"668\" data-end=\"1040\"><strong data-start=\"668\" data-end=\"684\">Vinifica\u00e7\u00e3o:<\/strong> Produzido a partir das castas Alicante Bouschet, Aragonez, Trincadeira e Syrah. Ap\u00f3s sele\u00e7\u00e3o mec\u00e2nica, as uvas realizam <strong data-start=\"805\" data-end=\"842\">macerac\u0327a\u0303o a frio durante 4 dias<\/strong>, seguida de fermenta\u00e7\u00e3o por castas em <strong data-start=\"881\" data-end=\"925\">cubas de inox com temperatura controlada<\/strong>. Todos os processos enol\u00f3gicos s\u00e3o realizados <strong data-start=\"972\" data-end=\"989\">por gravidade<\/strong>, preservando a qualidade e integridade das uvas.<\/p>\n<p data-start=\"1042\" data-end=\"1060\"><strong data-start=\"1042\" data-end=\"1058\">Gastronomia:<\/strong><\/p>\n<ul data-start=\"1061\" data-end=\"1678\">\n<li data-start=\"1061\" data-end=\"1240\">\n<p data-start=\"1063\" data-end=\"1240\"><strong data-start=\"1063\" data-end=\"1074\">Carnes:<\/strong> Ideal com carnes vermelhas grelhadas, assados de cordeiro, ensopados e ca\u00e7a (veado, javali). Corpo estruturado e taninos equilibrados complementam pratos intensos.<\/p>\n<\/li>\n<li data-start=\"1241\" data-end=\"1374\">\n<p data-start=\"1243\" data-end=\"1374\"><strong data-start=\"1243\" data-end=\"1269\">Charcutaria e Queijos:<\/strong> Harmoniza com queijos curados, enchidos, presunto e t\u00e1buas de charcutaria, equilibrando sal e gordura.<\/p>\n<\/li>\n<li data-start=\"1375\" data-end=\"1531\">\n<p data-start=\"1377\" data-end=\"1531\"><strong data-start=\"1377\" data-end=\"1413\">Pratos Tradicionais Alentejanos:<\/strong> Combina com migas, carne de porco \u00e0 alentejana, a\u00e7orda de carne ou peixe e pratos com molhos de especiarias suaves.<\/p>\n<\/li>\n<li data-start=\"1532\" data-end=\"1678\">\n<p data-start=\"1534\" data-end=\"1678\"><strong data-start=\"1534\" data-end=\"1565\">Pratos Ex\u00f3ticos e Picantes:<\/strong> Vai bem com pratos ligeiramente condimentados ou especiados, incluindo cozinha mediterr\u00e2nea ou norte-africana.<\/p>\n<\/li>\n<\/ul>\n","protected":false},"excerpt":{"rendered":"<ul>\n<li><strong data-start=\"416\" data-end=\"429\">Produtor:<\/strong> Funda\u00e7\u00e3o Eug\u00e9nio de Almeida<\/li>\n<li><strong data-start=\"460\" data-end=\"471\">Regi\u00e3o:<\/strong> Alentejo, Portugal<\/li>\n<li><strong data-start=\"493\" data-end=\"504\">Estilo:<\/strong> Vinho Tinto<\/li>\n<li><strong data-start=\"519\" data-end=\"530\">Castas:<\/strong> Alicante Bouschet, Aragonez, Trincadeira, Syrah<\/li>\n<li><strong data-start=\"581\" data-end=\"593\">Garrafa:<\/strong> 75cl<\/li>\n<li><strong data-start=\"601\" data-end=\"620\">Teor Alco\u00f3lico:<\/strong> 14,5%<\/li>\n<li><strong data-start=\"629\" data-end=\"656\">Temperatura de Servi\u00e7o:<\/strong> 16\u201318\u00baC<\/li>\n<\/ul>\n","protected":false},"author":43533,"featured_media":233971,"comment_status":"open","ping_status":"closed","template":"","meta":[],"pwb-brand":[],"product_brand":[],"product_cat":[8289,8291,8431,8449,8685],"product_tag":[9239,9240,9237,9238],"class_list":{"0":"post-217524","1":"product","2":"type-product","3":"status-publish","4":"has-post-thumbnail","6":"product_cat-inicio","7":"product_cat-produtos-portugueses","8":"product_cat-vinhos-pt-pt","9":"product_cat-vinho-tinto","10":"product_cat-alentejo-pt-pt","11":"product_tag-alentejo-pt-pt","12":"product_tag-cartuxa-pt-pt","13":"product_tag-red-wine-pt-pt","14":"product_tag-wine-pt-pt","16":"first","17":"instock","18":"taxable","19":"shipping-taxable","20":"purchasable","21":"product-type-simple"},"aioseo_notices":[],"brands":[],"_links":{"self":[{"href":"https:\/\/www.delicias-uk.com\/pt-pt\/wp-json\/wp\/v2\/product\/217524","targetHints":{"allow":["GET"]}}],"collection":[{"href":"https:\/\/www.delicias-uk.com\/pt-pt\/wp-json\/wp\/v2\/product"}],"about":[{"href":"https:\/\/www.delicias-uk.com\/pt-pt\/wp-json\/wp\/v2\/types\/product"}],"author":[{"embeddable":true,"href":"https:\/\/www.delicias-uk.com\/pt-pt\/wp-json\/wp\/v2\/users\/43533"}],"replies":[{"embeddable":true,"href":"https:\/\/www.delicias-uk.com\/pt-pt\/wp-json\/wp\/v2\/comments?post=217524"}],"wp:featuredmedia":[{"embeddable":true,"href":"https:\/\/www.delicias-uk.com\/pt-pt\/wp-json\/wp\/v2\/media\/233971"}],"wp:attachment":[{"href":"https:\/\/www.delicias-uk.com\/pt-pt\/wp-json\/wp\/v2\/media?parent=217524"}],"wp:term":[{"taxonomy":"pwb-brand","embeddable":true,"href":"https:\/\/www.delicias-uk.com\/pt-pt\/wp-json\/wp\/v2\/pwb-brand?post=217524"},{"taxonomy":"product_brand","embeddable":true,"href":"https:\/\/www.delicias-uk.com\/pt-pt\/wp-json\/wp\/v2\/product_brand?post=217524"},{"taxonomy":"product_cat","embeddable":true,"href":"https:\/\/www.delicias-uk.com\/pt-pt\/wp-json\/wp\/v2\/product_cat?post=217524"},{"taxonomy":"product_tag","embeddable":true,"href":"https:\/\/www.delicias-uk.com\/pt-pt\/wp-json\/wp\/v2\/product_tag?post=217524"}],"curies":[{"name":"wp","href":"https:\/\/api.w.org\/{rel}","templated":true}]}}