{"id":217522,"date":"2024-10-01T14:38:02","date_gmt":"2024-10-01T14:38:02","guid":{"rendered":"https:\/\/www.delicias-uk.com\/product\/goiabada-ipanema-250g\/"},"modified":"2026-03-26T21:43:24","modified_gmt":"2026-03-26T21:43:24","slug":"goiabada-ipanema-250g","status":"publish","type":"product","link":"https:\/\/www.delicias-uk.com\/pt-pt\/produto\/goiabada-ipanema-250g\/","title":{"rendered":"Goiabada Ipanema 250g"},"content":{"rendered":"<p>Delicie-se com os sabores tropicais da Prisca Ipanema Goiabada, uma deliciosa goiabada feita com as melhores goiabas. Perfeita para acompanhar queijos, barrar torradas ou saborear como doce, esta iguaria tradicional brasileira traz o sabor dos tr\u00f3picos \u00e0 sua mesa.<\/p>\n<p><strong>Ingredientes<\/strong>: Polpa de goiaba (75%), a\u00e7\u00facar, gelificante: pectina e regulador de acidez: \u00e1cido c\u00edtrico<\/p>\n<p><strong>Alerg\u00e9nios<\/strong>: nenhum<\/p>\n<p><strong>Informa\u00e7\u00e3o nutricional por 100g:<\/strong><\/p>\n<ul style=\"list-style-type:disc;\">\n<li>Energia 1307 Kj \/ 309 kcal<\/li>\n<li>Gorduras 0g<\/li>\n<li>dos quais saturados 0g<\/li>\n<li>Hidratos de carbono 76g<\/li>\n<li>dos quais a\u00e7\u00facares 68g<\/li>\n<li>Prote\u00ednas 0,7g<\/li>\n<li>Fibra 0g<\/li>\n<li>Sal 0g<\/li>\n<\/ul>\n<p><strong>Pa\u00eds de origem<\/strong>: Brasil.<\/p>\n<p><em>Devido a poss\u00edveis altera\u00e7\u00f5es nas embalagens e\/ou r\u00f3tulos, deve sempre considerar a informa\u00e7\u00e3o que acompanha o produto que recebe.<\/em><\/p>\n","protected":false},"excerpt":{"rendered":"<ul style=\"list-style-type:disc;\">\n<li>Peso l\u00edquido 250g<\/li>\n<li>Sem gl\u00faten<\/li>\n<li>Combina bem com queijos<\/li>\n<\/ul>\n","protected":false},"author":43533,"featured_media":96313,"comment_status":"open","ping_status":"closed","template":"","meta":[],"pwb-brand":[],"product_brand":[],"product_cat":[8289,8293,8385,8597],"product_tag":[],"class_list":{"0":"post-217522","1":"product","2":"type-product","3":"status-publish","4":"has-post-thumbnail","6":"product_cat-inicio","7":"product_cat-produtos-brasileiros","8":"product_cat-confeitaria-pt-pt","9":"product_cat-doces-tradicionais-amendoim","11":"first","12":"instock","13":"taxable","14":"shipping-taxable","15":"purchasable","16":"product-type-simple"},"aioseo_notices":[],"brands":[],"_links":{"self":[{"href":"https:\/\/www.delicias-uk.com\/pt-pt\/wp-json\/wp\/v2\/product\/217522","targetHints":{"allow":["GET"]}}],"collection":[{"href":"https:\/\/www.delicias-uk.com\/pt-pt\/wp-json\/wp\/v2\/product"}],"about":[{"href":"https:\/\/www.delicias-uk.com\/pt-pt\/wp-json\/wp\/v2\/types\/product"}],"author":[{"embeddable":true,"href":"https:\/\/www.delicias-uk.com\/pt-pt\/wp-json\/wp\/v2\/users\/43533"}],"replies":[{"embeddable":true,"href":"https:\/\/www.delicias-uk.com\/pt-pt\/wp-json\/wp\/v2\/comments?post=217522"}],"wp:featuredmedia":[{"embeddable":true,"href":"https:\/\/www.delicias-uk.com\/pt-pt\/wp-json\/wp\/v2\/media\/96313"}],"wp:attachment":[{"href":"https:\/\/www.delicias-uk.com\/pt-pt\/wp-json\/wp\/v2\/media?parent=217522"}],"wp:term":[{"taxonomy":"pwb-brand","embeddable":true,"href":"https:\/\/www.delicias-uk.com\/pt-pt\/wp-json\/wp\/v2\/pwb-brand?post=217522"},{"taxonomy":"product_brand","embeddable":true,"href":"https:\/\/www.delicias-uk.com\/pt-pt\/wp-json\/wp\/v2\/product_brand?post=217522"},{"taxonomy":"product_cat","embeddable":true,"href":"https:\/\/www.delicias-uk.com\/pt-pt\/wp-json\/wp\/v2\/product_cat?post=217522"},{"taxonomy":"product_tag","embeddable":true,"href":"https:\/\/www.delicias-uk.com\/pt-pt\/wp-json\/wp\/v2\/product_tag?post=217522"}],"curies":[{"name":"wp","href":"https:\/\/api.w.org\/{rel}","templated":true}]}}