{"id":217520,"date":"2024-10-01T12:25:43","date_gmt":"2024-10-01T11:25:43","guid":{"rendered":"https:\/\/www.delicias-uk.com\/product\/biscoito-maisena-mabel-400g\/"},"modified":"2025-10-31T10:07:27","modified_gmt":"2025-10-31T10:07:27","slug":"biscoito-maisena-mabel-400g","status":"publish","type":"product","link":"https:\/\/www.delicias-uk.com\/pt-pt\/produto\/biscoito-maisena-mabel-400g\/","title":{"rendered":"Biscoito Maisena Mabel 400g"},"content":{"rendered":"<p>O Biscoito Mabel Maizena \u00e9 um delicioso biscoito conhecido em todo o lado por entregar o que h\u00e1 de melhor a quem o experimenta. O produto oferece o sabor aut\u00eantico, fazendo com que sinta a m\u00e1xima qualidade que a Mabel proporciona. Ideal para comer com caf\u00e9 e ch\u00e1.<\/p>\n<p><strong>Ingredientes<\/strong>: farinha de trigo enriquecida com ferro e \u00e1cido f\u00f3lico, a\u00e7\u00facar, a\u00e7\u00facar l\u00edquido invertido, gordura vegetal, amido de milho, sal, leveduras qu\u00edmicas, lectina de soja, estearoil lactato de s\u00f3dio, aromatizantes e melhorante de farinha metabissulfito de s\u00f3dio. farinha de trigo enriquecida com ferro e \u00e1cido f\u00f3lico, a\u00e7\u00facar, a\u00e7\u00facar l\u00edquido invertido, gordura vegetal, amido de milho, sal, leveduras qu\u00edmicas, lectina de soja, estearoil lactato de s\u00f3dio, aromatizantes e melhorante de farinha metabissulfito de s\u00f3dio.<\/p>\n<p><strong>Alerg\u00e9nios<\/strong>: cont\u00e9m <strong>GL\u00daTEN<\/strong>, <strong>LACTOSE<\/strong> e <strong>SOJA<\/strong>. Pode conter vest\u00edgios de <strong>FRUTOS DE CASCA RIJA<\/strong>.<\/p>\n<p><strong>Informa\u00e7\u00e3o nutricional por 100g:<\/strong><\/p>\n<ul style=\"list-style-type:disc\">\n<li>Energia 1702 Kj \/ 395 kcal<\/li>\n<li>Gorduras 9g<\/li>\n<li>dos quais saturados 3,7g<\/li>\n<li>Hidratos de carbono 69g<\/li>\n<li>dos quais a\u00e7\u00facares 21g<\/li>\n<li>Prote\u00ednas 8,5g<\/li>\n<li>Fibra 2g<\/li>\n<li>Sal 0,2g<\/li>\n<\/ul>\n<p><strong>Pa\u00eds de origem<\/strong>: Brasil.<\/p>\n<p><em>Devido a poss\u00edveis altera\u00e7\u00f5es nas embalagens e\/ou r\u00f3tulos, deve sempre considerar a informa\u00e7\u00e3o que acompanha o produto que recebe.<\/em><\/p>\n","protected":false},"excerpt":{"rendered":"<ul style=\"list-style-type:disc\">\n<li>Peso l\u00edquido 400g<\/li>\n<li>Cont\u00e9m 3 pacotes individuais<\/li>\n<li>Perfeito para pequeno-almo\u00e7o ou ch\u00e1 da tarde<\/li>\n<\/ul>\n","protected":false},"author":43533,"featured_media":96307,"comment_status":"open","ping_status":"closed","template":"","meta":[],"pwb-brand":[],"product_brand":[],"product_cat":[8289,8293,8385,8473],"product_tag":[],"class_list":{"0":"post-217520","1":"product","2":"type-product","3":"status-publish","4":"has-post-thumbnail","6":"product_cat-inicio","7":"product_cat-produtos-brasileiros","8":"product_cat-confeitaria-pt-pt","9":"product_cat-bolachas-pt-pt","11":"first","12":"outofstock","13":"taxable","14":"shipping-taxable","15":"purchasable","16":"product-type-simple"},"aioseo_notices":[],"brands":[],"_links":{"self":[{"href":"https:\/\/www.delicias-uk.com\/pt-pt\/wp-json\/wp\/v2\/product\/217520","targetHints":{"allow":["GET"]}}],"collection":[{"href":"https:\/\/www.delicias-uk.com\/pt-pt\/wp-json\/wp\/v2\/product"}],"about":[{"href":"https:\/\/www.delicias-uk.com\/pt-pt\/wp-json\/wp\/v2\/types\/product"}],"author":[{"embeddable":true,"href":"https:\/\/www.delicias-uk.com\/pt-pt\/wp-json\/wp\/v2\/users\/43533"}],"replies":[{"embeddable":true,"href":"https:\/\/www.delicias-uk.com\/pt-pt\/wp-json\/wp\/v2\/comments?post=217520"}],"wp:featuredmedia":[{"embeddable":true,"href":"https:\/\/www.delicias-uk.com\/pt-pt\/wp-json\/wp\/v2\/media\/96307"}],"wp:attachment":[{"href":"https:\/\/www.delicias-uk.com\/pt-pt\/wp-json\/wp\/v2\/media?parent=217520"}],"wp:term":[{"taxonomy":"pwb-brand","embeddable":true,"href":"https:\/\/www.delicias-uk.com\/pt-pt\/wp-json\/wp\/v2\/pwb-brand?post=217520"},{"taxonomy":"product_brand","embeddable":true,"href":"https:\/\/www.delicias-uk.com\/pt-pt\/wp-json\/wp\/v2\/product_brand?post=217520"},{"taxonomy":"product_cat","embeddable":true,"href":"https:\/\/www.delicias-uk.com\/pt-pt\/wp-json\/wp\/v2\/product_cat?post=217520"},{"taxonomy":"product_tag","embeddable":true,"href":"https:\/\/www.delicias-uk.com\/pt-pt\/wp-json\/wp\/v2\/product_tag?post=217520"}],"curies":[{"name":"wp","href":"https:\/\/api.w.org\/{rel}","templated":true}]}}