{"id":217518,"date":"2024-10-01T11:07:05","date_gmt":"2024-10-01T10:07:05","guid":{"rendered":"https:\/\/www.delicias-uk.com\/product\/mini-croutons-de-alho-ervas-finas-rialto-120g\/"},"modified":"2025-10-27T14:43:53","modified_gmt":"2025-10-27T14:43:53","slug":"mini-croutons-de-alho-ervas-finas-rialto-120g","status":"publish","type":"product","link":"https:\/\/www.delicias-uk.com\/pt-pt\/produto\/mini-croutons-de-alho-ervas-finas-rialto-120g\/","title":{"rendered":"Mini Croutons de Alho &amp; Ervas Finas Rialto 120g"},"content":{"rendered":"<p>Novo produto desenvolvido em novo formato! Com f\u00e1cil abertura e fecho. Mini Croutons aromatizados com alho e ervas finas VEGANO! Uma op\u00e7\u00e3o mais saud\u00e1vel de molho para salada, sem qualquer processo de fritura, lactose e \u00f3leo de palma, s\u00e3o igualmente saborosos para trazer \u00e0s suas saladas preferidas, \u00f3timo sabor e textura. Um excelente produto adaptado para os consumidores Vegan que gostam de adicionar especiarias \u00e0s suas refei\u00e7\u00f5es\/saladas.<\/p>\n<p><strong>Ingredientes<\/strong>: Cubos de p\u00e3o de trigo torrado (83,9%) [farinha de trigo (gl\u00faten) (86%), \u00f3leo de girassol alto oleico, dextrose, gl\u00faten de trigo, levedura, sal, extrato de malte de cevada (gl\u00faten) , antioxidante (\u00e1cido asc\u00f3rbico) ], \u00f3leo de girassol (12,6%), alho granulado (2,5%), ervas finas (0,4%), salsa seca (0,3%), sal (0,3 )<\/p>\n<p><strong>Alerg\u00e9nios<\/strong>: cont\u00e9m <strong>GL\u00daTEN<\/strong>. Pode conter vest\u00edgios de <strong>SEMENTES<\/strong> <strong>DE<\/strong> <strong>S\u00c9SAMO<\/strong>, <strong>SOJA<\/strong> e <strong>LEITE<\/strong>.<\/p>\n<p><strong>Informa\u00e7\u00e3o nutricional por 100g:<\/strong><\/p>\n<ul style=\"list-style-type:disc\">\n<li>Energia 1884 Kj \/ 449 kcal<\/li>\n<li>Gorduras 17g<\/li>\n<li>dos quais saturados 2,3g<\/li>\n<li>Hidratos de carbono 63g<\/li>\n<li>dos quais a\u00e7\u00facares 4,5g<\/li>\n<li>Prote\u00ednas 9,6g<\/li>\n<li>Fibra 4,4g<\/li>\n<li>Sal 1,0g<\/li>\n<\/ul>\n<p><strong>Pa\u00eds de origem<\/strong>: Portugal.<\/p>\n<p><em>Devido a poss\u00edveis altera\u00e7\u00f5es nas embalagens e\/ou r\u00f3tulos, deve sempre considerar a informa\u00e7\u00e3o que acompanha o produto que recebe.<\/em><\/p>\n","protected":false},"excerpt":{"rendered":"<ul style=\"list-style-type:disc\">\n<li>Peso l\u00edquido 120g<\/li>\n<li>Adequado para veganos<\/li>\n<li>Isento de \u00f3leo de palma e lactose<\/li>\n<li>Assado no forno<\/li>\n<\/ul>\n","protected":false},"author":43533,"featured_media":96301,"comment_status":"open","ping_status":"closed","template":"","meta":[],"pwb-brand":[],"product_brand":[],"product_cat":[8649],"product_tag":[],"class_list":{"0":"post-217518","1":"product","2":"type-product","3":"status-publish","4":"has-post-thumbnail","6":"product_cat-lanches-batatas-fritas-tostas","8":"first","9":"instock","10":"taxable","11":"shipping-taxable","12":"purchasable","13":"product-type-simple"},"aioseo_notices":[],"brands":[],"_links":{"self":[{"href":"https:\/\/www.delicias-uk.com\/pt-pt\/wp-json\/wp\/v2\/product\/217518","targetHints":{"allow":["GET"]}}],"collection":[{"href":"https:\/\/www.delicias-uk.com\/pt-pt\/wp-json\/wp\/v2\/product"}],"about":[{"href":"https:\/\/www.delicias-uk.com\/pt-pt\/wp-json\/wp\/v2\/types\/product"}],"author":[{"embeddable":true,"href":"https:\/\/www.delicias-uk.com\/pt-pt\/wp-json\/wp\/v2\/users\/43533"}],"replies":[{"embeddable":true,"href":"https:\/\/www.delicias-uk.com\/pt-pt\/wp-json\/wp\/v2\/comments?post=217518"}],"wp:featuredmedia":[{"embeddable":true,"href":"https:\/\/www.delicias-uk.com\/pt-pt\/wp-json\/wp\/v2\/media\/96301"}],"wp:attachment":[{"href":"https:\/\/www.delicias-uk.com\/pt-pt\/wp-json\/wp\/v2\/media?parent=217518"}],"wp:term":[{"taxonomy":"pwb-brand","embeddable":true,"href":"https:\/\/www.delicias-uk.com\/pt-pt\/wp-json\/wp\/v2\/pwb-brand?post=217518"},{"taxonomy":"product_brand","embeddable":true,"href":"https:\/\/www.delicias-uk.com\/pt-pt\/wp-json\/wp\/v2\/product_brand?post=217518"},{"taxonomy":"product_cat","embeddable":true,"href":"https:\/\/www.delicias-uk.com\/pt-pt\/wp-json\/wp\/v2\/product_cat?post=217518"},{"taxonomy":"product_tag","embeddable":true,"href":"https:\/\/www.delicias-uk.com\/pt-pt\/wp-json\/wp\/v2\/product_tag?post=217518"}],"curies":[{"name":"wp","href":"https:\/\/api.w.org\/{rel}","templated":true}]}}