{"id":217516,"date":"2024-10-01T09:56:06","date_gmt":"2024-10-01T08:56:06","guid":{"rendered":"https:\/\/www.delicias-uk.com\/product\/bombom-de-chocolate-ao-leite-jubileu-d-or-90g\/"},"modified":"2025-09-24T10:30:07","modified_gmt":"2025-09-24T09:30:07","slug":"bombom-de-chocolate-ao-leite-jubileu-d-or-90g","status":"publish","type":"product","link":"https:\/\/www.delicias-uk.com\/pt-pt\/produto\/bombom-de-chocolate-ao-leite-jubileu-d-or-90g\/","title":{"rendered":"Bombom de Chocolate ao Leite Jubileu D&#8217;or 90g"},"content":{"rendered":"<p>Bombom de chocolate de leite Jubilee d&#8217;OR. Chocolates premium cuidadosamente selecionados que proporcionam momentos de puro prazer.<\/p>\n<p><strong>Ingredientes<\/strong>: Chocolate de leite &#8211; 50% (a\u00e7\u00facar, leite gordo em p\u00f3, manteiga de cacau, pasta de cacau, emulsionante (lecitina de soja) e aroma), gorduras vegetais (coco, palmiste, palma, girassol e colza), a\u00e7\u00facar, leite em p\u00f3 desnatado ( 4%), cacau em p\u00f3 desnatado (2,2%), soro de leite em p\u00f3, emulsionante (lecitina de soja) e aromatizante. Cacau: m\u00ednimo 31% em chocolate de leite.<\/p>\n<p><strong>Alerg\u00e9nios<\/strong>: cont\u00e9m <strong>LACTOSE<\/strong> e <strong>SOJA<\/strong>. Pode conter vest\u00edgios de <b>FRUTOS DE CASCA RIJA <\/b>e <strong>GL\u00daTEN<\/strong>.<\/p>\n<p><strong>Informa\u00e7\u00e3o nutricional por 100g:<\/strong><\/p>\n<ul style=\"list-style-type:disc\">\n<li>Energia 2400 Kj \/ 576 kcal<\/li>\n<li>Gorduras 38g<\/li>\n<li>dos quais saturados 23g<\/li>\n<li>Hidratos de carbono 52g<\/li>\n<li>dos quais a\u00e7\u00facares 51g<\/li>\n<li>Prote\u00ednas 5,5g<\/li>\n<li>Fibra 2g<\/li>\n<li>Sal 0,17g<\/li>\n<\/ul>\n<p><strong>Pa\u00eds de origem<\/strong>: Portugal.<\/p>\n<p><em>Devido a poss\u00edveis altera\u00e7\u00f5es nas embalagens e\/ou r\u00f3tulos, deve sempre considerar a informa\u00e7\u00e3o que acompanha o produto que recebe.<\/em><\/p>\n","protected":false},"excerpt":{"rendered":"<ul style=\"list-style-type:disc\">\n<li>Peso l\u00edquido 90g<\/li>\n<li>N\u00e3o cont\u00e9m gl\u00faten<\/li>\n<li>Embalagem premium, perfeita para presente<\/li>\n<\/ul>\n","protected":false},"author":43533,"featured_media":96297,"comment_status":"open","ping_status":"closed","template":"","meta":[],"pwb-brand":[],"product_brand":[],"product_cat":[9314,9182,9187,8289,8291,8365,8567,8499,8363,8375],"product_tag":[],"class_list":{"0":"post-217516","1":"product","2":"type-product","3":"status-publish","4":"has-post-thumbnail","6":"product_cat-chocolate-pt-pt-2","7":"product_cat-natal","8":"product_cat-chocolates-pt-pt","9":"product_cat-inicio","10":"product_cat-produtos-portugueses","11":"product_cat-confeitaria","12":"product_cat-chocolate-pt-pt","13":"product_cat-sem-glutem","14":"product_cat-halal-pt-pt","15":"product_cat-kosher-pt-pt","17":"first","18":"instock","19":"taxable","20":"shipping-taxable","21":"purchasable","22":"product-type-simple"},"aioseo_notices":[],"brands":[],"_links":{"self":[{"href":"https:\/\/www.delicias-uk.com\/pt-pt\/wp-json\/wp\/v2\/product\/217516","targetHints":{"allow":["GET"]}}],"collection":[{"href":"https:\/\/www.delicias-uk.com\/pt-pt\/wp-json\/wp\/v2\/product"}],"about":[{"href":"https:\/\/www.delicias-uk.com\/pt-pt\/wp-json\/wp\/v2\/types\/product"}],"author":[{"embeddable":true,"href":"https:\/\/www.delicias-uk.com\/pt-pt\/wp-json\/wp\/v2\/users\/43533"}],"replies":[{"embeddable":true,"href":"https:\/\/www.delicias-uk.com\/pt-pt\/wp-json\/wp\/v2\/comments?post=217516"}],"wp:featuredmedia":[{"embeddable":true,"href":"https:\/\/www.delicias-uk.com\/pt-pt\/wp-json\/wp\/v2\/media\/96297"}],"wp:attachment":[{"href":"https:\/\/www.delicias-uk.com\/pt-pt\/wp-json\/wp\/v2\/media?parent=217516"}],"wp:term":[{"taxonomy":"pwb-brand","embeddable":true,"href":"https:\/\/www.delicias-uk.com\/pt-pt\/wp-json\/wp\/v2\/pwb-brand?post=217516"},{"taxonomy":"product_brand","embeddable":true,"href":"https:\/\/www.delicias-uk.com\/pt-pt\/wp-json\/wp\/v2\/product_brand?post=217516"},{"taxonomy":"product_cat","embeddable":true,"href":"https:\/\/www.delicias-uk.com\/pt-pt\/wp-json\/wp\/v2\/product_cat?post=217516"},{"taxonomy":"product_tag","embeddable":true,"href":"https:\/\/www.delicias-uk.com\/pt-pt\/wp-json\/wp\/v2\/product_tag?post=217516"}],"curies":[{"name":"wp","href":"https:\/\/api.w.org\/{rel}","templated":true}]}}