{"id":217512,"date":"2024-09-30T16:28:31","date_gmt":"2024-09-30T16:28:31","guid":{"rendered":"https:\/\/www.delicias-uk.com\/product\/amendoas-cobertas-com-acucar-em-po-regina-180g\/"},"modified":"2024-09-30T16:28:31","modified_gmt":"2024-09-30T16:28:31","slug":"amendoas-cobertas-com-acucar-em-po-regina-180g","status":"publish","type":"product","link":"https:\/\/www.delicias-uk.com\/pt-pt\/produto\/amendoas-cobertas-com-acucar-em-po-regina-180g\/","title":{"rendered":"Am\u00eandoas Cobertas com A\u00e7\u00facar em P\u00f3 Regina 180g"},"content":{"rendered":"<p>Delicie-se com o delicioso crocante de am\u00eandoas premium revestidas com uma ligeira camada de a\u00e7\u00facar em p\u00f3 fino. As nossas Am\u00eandoas Cobertas com A\u00e7\u00facar em P\u00f3 oferecem o equil\u00edbrio perfeito entre a riqueza de nozes e um toque de do\u00e7ura. Cada am\u00eandoa \u00e9 cuidadosamente selecionada pela sua qualidade e depois delicadamente envolvida por uma suave camada de a\u00e7\u00facar em p\u00f3, criando uma experi\u00eancia de derreter na boca a cada dentada.<\/p>\n<p>Perfeitas para petiscar, oferecer ou servir em ocasi\u00f5es especiais, estas am\u00eandoas s\u00e3o um deleite intemporal que confere um toque de eleg\u00e2ncia a qualquer momento. Quer sejam apreciados sozinhos ou combinados com a sua bebida favorita, s\u00e3o uma del\u00edcia doce e satisfat\u00f3ria.<\/p>\n<p><strong>Ingredientes<\/strong>: Chocolate de LEITE &#8211; 79% (a\u00e7\u00facar, manteiga de cacau, LEITE em p\u00f3, massa de cacau, SORO DE LEITE em p\u00f3 (LEITE), emulsionante (lecitinas (SOJA)) e aromatizante), AM\u00caNDOAS &#8211; 16% e a\u00e7\u00facar em p\u00f3 (4,8%). S\u00f3lidos de cacau: m\u00ednimo de 30% no chocolate de leite.<\/p>\n<p><strong>Alerg\u00e9nios<\/strong>: cont\u00e9m <strong>LACTOSE<\/strong> e <strong>SOJA<\/strong>. Pode conter vest\u00edgios de <b>FRUTOS DE CASCA RIJA.<\/b><\/p>\n<p><strong>Informa\u00e7\u00e3o nutricional por 100g:<\/strong><\/p>\n<ul style=\"list-style-type:disc;\">\n<li>Energia 2159 Kj \/ 517 kcal<\/li>\n<li>Gorduras 31g<\/li>\n<li>dos quais saturados 15g<\/li>\n<li>Hidratos de carbono 51g<\/li>\n<li>dos quais a\u00e7\u00facares 47g<\/li>\n<li>Prote\u00ednas 7,7g<\/li>\n<li>Fibra 1,7g<\/li>\n<li>Sal 0,07g<\/li>\n<\/ul>\n<p><strong>Pa\u00eds de origem<\/strong>: Portugal.<\/p>\n<p><em>Devido a poss\u00edveis altera\u00e7\u00f5es nas embalagens e\/ou r\u00f3tulos, deve sempre considerar a informa\u00e7\u00e3o que acompanha o produto que recebe.<\/em><\/p>\n","protected":false},"excerpt":{"rendered":"<ul style=\"list-style-type:disc;\">\n<li>Peso l\u00edquido 180g<\/li>\n<li>N\u00e3o cont\u00e9m gl\u00faten<\/li>\n<li>Perfeito para petiscar e oferecer<\/li>\n<\/ul>\n","protected":false},"author":43533,"featured_media":96285,"comment_status":"open","ping_status":"closed","template":"","meta":[],"pwb-brand":[],"product_brand":[],"product_cat":[9182,9188,8289,8291,8365,8567,8591,8499,8363,8375],"product_tag":[],"class_list":{"0":"post-217512","1":"product","2":"type-product","3":"status-publish","4":"has-post-thumbnail","6":"product_cat-natal","7":"product_cat-amendoas","8":"product_cat-inicio","9":"product_cat-produtos-portugueses","10":"product_cat-confeitaria","11":"product_cat-chocolate-pt-pt","12":"product_cat-nozes-e-frutas-secas","13":"product_cat-sem-glutem","14":"product_cat-halal-pt-pt","15":"product_cat-kosher-pt-pt","17":"first","18":"outofstock","19":"taxable","20":"shipping-taxable","21":"purchasable","22":"product-type-simple"},"aioseo_notices":[],"brands":[],"_links":{"self":[{"href":"https:\/\/www.delicias-uk.com\/pt-pt\/wp-json\/wp\/v2\/product\/217512","targetHints":{"allow":["GET"]}}],"collection":[{"href":"https:\/\/www.delicias-uk.com\/pt-pt\/wp-json\/wp\/v2\/product"}],"about":[{"href":"https:\/\/www.delicias-uk.com\/pt-pt\/wp-json\/wp\/v2\/types\/product"}],"author":[{"embeddable":true,"href":"https:\/\/www.delicias-uk.com\/pt-pt\/wp-json\/wp\/v2\/users\/43533"}],"replies":[{"embeddable":true,"href":"https:\/\/www.delicias-uk.com\/pt-pt\/wp-json\/wp\/v2\/comments?post=217512"}],"wp:featuredmedia":[{"embeddable":true,"href":"https:\/\/www.delicias-uk.com\/pt-pt\/wp-json\/wp\/v2\/media\/96285"}],"wp:attachment":[{"href":"https:\/\/www.delicias-uk.com\/pt-pt\/wp-json\/wp\/v2\/media?parent=217512"}],"wp:term":[{"taxonomy":"pwb-brand","embeddable":true,"href":"https:\/\/www.delicias-uk.com\/pt-pt\/wp-json\/wp\/v2\/pwb-brand?post=217512"},{"taxonomy":"product_brand","embeddable":true,"href":"https:\/\/www.delicias-uk.com\/pt-pt\/wp-json\/wp\/v2\/product_brand?post=217512"},{"taxonomy":"product_cat","embeddable":true,"href":"https:\/\/www.delicias-uk.com\/pt-pt\/wp-json\/wp\/v2\/product_cat?post=217512"},{"taxonomy":"product_tag","embeddable":true,"href":"https:\/\/www.delicias-uk.com\/pt-pt\/wp-json\/wp\/v2\/product_tag?post=217512"}],"curies":[{"name":"wp","href":"https:\/\/api.w.org\/{rel}","templated":true}]}}