{"id":217500,"date":"2024-09-30T14:00:50","date_gmt":"2024-09-30T14:00:50","guid":{"rendered":"https:\/\/www.delicias-uk.com\/product\/chocolate-negro-70-cacau-com-caramelo-salgado-jubileu-100g\/"},"modified":"2024-09-30T14:00:50","modified_gmt":"2024-09-30T14:00:50","slug":"chocolate-negro-70-cacau-com-caramelo-salgado-jubileu-100g","status":"publish","type":"product","link":"https:\/\/www.delicias-uk.com\/pt-pt\/produto\/chocolate-negro-70-cacau-com-caramelo-salgado-jubileu-100g\/","title":{"rendered":"Chocolate Negro 70% Cacau com Caramelo Salgado Jubileu 100g"},"content":{"rendered":"<p>Delicie-se com a mistura sofisticada de sabores ousados \u200b\u200bcom o nosso Chocolate Negro Fino 70% Cacau com Caramelo Salgado. Elaborado a partir de gr\u00e3os de cacau premium, este chocolate negro rico e aveludado oferece uma base intensa de 70% de cacau perfeitamente complementada pela do\u00e7ura do caramelo dourado e um toque de sal marinho. A combina\u00e7\u00e3o de chocolate negro e profundo e caramelo suave e salgado cria um equil\u00edbrio irresist\u00edvel de sabores em cada dentada.<\/p>\n<p>Esta guloseima sem gl\u00faten \u00e9 ideal para os amantes de chocolate que apreciam um toque de do\u00e7ura com um toque de eleg\u00e2ncia saborosa. Perfeito como um lanche luxuoso ou um presente atencioso, proporciona uma experi\u00eancia de sabor inesquec\u00edvel.<\/p>\n<p><strong>Ingredientes<\/strong>: Massa de cacau, a\u00e7\u00facar, pepitas de caramelo (12%) (caramelo arom\u00e1tico com manteiga e natas (a\u00e7\u00facar, xarope de glucose, manteiga, natas e sal), levedante (bicarbonato de s\u00f3dio)), manteiga de cacau, manteiga concentrada , aromatizante, emulsionante (lecitina de soja) e flor de sal (0,15%). S\u00f3lidos de cacau: m\u00ednimo de 70% em chocolate negro<\/p>\n<p><strong>Alerg\u00e9nios<\/strong>: cont\u00e9m <strong>FRUTOS DE CASCA RIJA, SOJA <\/strong>e <strong>LACTOSE.<\/strong><\/p>\n<p><strong>Informa\u00e7\u00e3o nutricional por 100g:<\/strong><\/p>\n<ul style=\"list-style-type:disc;\">\n<li>Energia 2362 Kj \/ 569 kcal<\/li>\n<li>Gorduras 41g<\/li>\n<li>dos quais saturados 25g<\/li>\n<li>Hidratos de carbono 37g<\/li>\n<li>dos quais a\u00e7\u00facares 31g<\/li>\n<li>Prote\u00ednas 8,4g<\/li>\n<li>Fibra 9,1g<\/li>\n<li>Sal 0,61g<\/li>\n<\/ul>\n<p><strong>Pa\u00eds de origem<\/strong>: Portugal<\/p>\n<p><em>Devido a poss\u00edveis altera\u00e7\u00f5es nas embalagens e\/ou r\u00f3tulos, deve sempre considerar a informa\u00e7\u00e3o que acompanha o produto que recebe.<\/em><\/p>\n","protected":false},"excerpt":{"rendered":"<ul style=\"list-style-type:disc;\">\n<li>Peso l\u00edquido 100g<\/li>\n<li>Sem gl\u00faten e OGM<\/li>\n<li>70% cacau<\/li>\n<\/ul>\n","protected":false},"author":43533,"featured_media":96257,"comment_status":"open","ping_status":"closed","template":"","meta":[],"pwb-brand":[],"product_brand":[],"product_cat":[9187,9182,9314,8289,8291,8365,8567,8499,8363,8375],"product_tag":[],"class_list":{"0":"post-217500","1":"product","2":"type-product","3":"status-publish","4":"has-post-thumbnail","6":"product_cat-chocolates-pt-pt","7":"product_cat-natal","8":"product_cat-chocolate-pt-pt-2","9":"product_cat-inicio","10":"product_cat-produtos-portugueses","11":"product_cat-confeitaria","12":"product_cat-chocolate-pt-pt","13":"product_cat-sem-glutem","14":"product_cat-halal-pt-pt","15":"product_cat-kosher-pt-pt","17":"first","18":"outofstock","19":"taxable","20":"shipping-taxable","21":"purchasable","22":"product-type-simple"},"aioseo_notices":[],"brands":[],"_links":{"self":[{"href":"https:\/\/www.delicias-uk.com\/pt-pt\/wp-json\/wp\/v2\/product\/217500","targetHints":{"allow":["GET"]}}],"collection":[{"href":"https:\/\/www.delicias-uk.com\/pt-pt\/wp-json\/wp\/v2\/product"}],"about":[{"href":"https:\/\/www.delicias-uk.com\/pt-pt\/wp-json\/wp\/v2\/types\/product"}],"author":[{"embeddable":true,"href":"https:\/\/www.delicias-uk.com\/pt-pt\/wp-json\/wp\/v2\/users\/43533"}],"replies":[{"embeddable":true,"href":"https:\/\/www.delicias-uk.com\/pt-pt\/wp-json\/wp\/v2\/comments?post=217500"}],"wp:featuredmedia":[{"embeddable":true,"href":"https:\/\/www.delicias-uk.com\/pt-pt\/wp-json\/wp\/v2\/media\/96257"}],"wp:attachment":[{"href":"https:\/\/www.delicias-uk.com\/pt-pt\/wp-json\/wp\/v2\/media?parent=217500"}],"wp:term":[{"taxonomy":"pwb-brand","embeddable":true,"href":"https:\/\/www.delicias-uk.com\/pt-pt\/wp-json\/wp\/v2\/pwb-brand?post=217500"},{"taxonomy":"product_brand","embeddable":true,"href":"https:\/\/www.delicias-uk.com\/pt-pt\/wp-json\/wp\/v2\/product_brand?post=217500"},{"taxonomy":"product_cat","embeddable":true,"href":"https:\/\/www.delicias-uk.com\/pt-pt\/wp-json\/wp\/v2\/product_cat?post=217500"},{"taxonomy":"product_tag","embeddable":true,"href":"https:\/\/www.delicias-uk.com\/pt-pt\/wp-json\/wp\/v2\/product_tag?post=217500"}],"curies":[{"name":"wp","href":"https:\/\/api.w.org\/{rel}","templated":true}]}}