{"id":217492,"date":"2024-09-18T15:03:27","date_gmt":"2024-09-18T14:03:27","guid":{"rendered":"https:\/\/www.delicias-uk.com\/product\/bolo-de-coco-temperatura-ambiente-confeitaria-do-vale-500g\/"},"modified":"2026-02-13T16:21:10","modified_gmt":"2026-02-13T16:21:10","slug":"bolo-de-coco-temperatura-ambiente-confeitaria-do-vale-500g","status":"publish","type":"product","link":"https:\/\/www.delicias-uk.com\/pt-pt\/produto\/bolo-de-coco-temperatura-ambiente-confeitaria-do-vale-500g\/","title":{"rendered":"Bolo de Coco (Temperatura Ambiente) Confeitaria do Vale 500g"},"content":{"rendered":"<p>Os nossos saborosos Bolos s\u00e3o a op\u00e7\u00e3o perfeita para quem gosta de ter sempre uma fatia de bolo por perto.<\/p>\n<p><strong>Ingredientes<\/strong>: Farinha de TRIGO, a\u00e7\u00facar, OVO pasteurizado, \u00f3leo vegetal (girassol), \u00e1gua, estabilizante, humectante, amido, soro de leite, cacau em p\u00f3 (1%), clara de OVO, gl\u00faten de TRIGO, sal, fermento (E500ii , E450i), chocolate em p\u00f3 (0,1%), regulador de acidez (E330), conservantes (E202, E282), emulsionantes (E471, E481), espessantes (E466, E415, E412), antioxidante e aromatizante.<\/p>\n<p><strong>Alerg\u00e9nios<\/strong>: cont\u00e9m\u00a0<strong>GL\u00daTEN<\/strong>,\u00a0<strong>OVOS<\/strong>\u00a0e\u00a0<strong>LEITE<\/strong>.<\/p>\n<p><strong>Informa\u00e7\u00e3o nutricional por 100g:<\/strong><\/p>\n<ul style=\"list-style-type:disc\">\n<li>Energia 1565 Kj \/ 373 kcal<\/li>\n<li>Gorduras 14,8g<\/li>\n<li>dos quais saturados 2,3g<\/li>\n<li>Hidratos de carbono 52,5g<\/li>\n<li>dos quais a\u00e7\u00facares 29,6g<\/li>\n<li>Prote\u00ednas 6,8g<\/li>\n<li>Fibra 1,5g<\/li>\n<li>Sal 0,96g<\/li>\n<\/ul>\n<p><strong>Pa\u00eds de origem<\/strong>: Portugal.<\/p>\n","protected":false},"excerpt":{"rendered":"<ul style=\"list-style-type:disc\">\n<li>Peso l\u00edquido 500g<\/li>\n<li>Receita caseira<\/li>\n<li>Perfeito para brunch ou pequeno almo\u00e7o<\/li>\n<\/ul>\n","protected":false},"author":43533,"featured_media":226105,"comment_status":"open","ping_status":"closed","template":"","meta":[],"pwb-brand":[],"product_brand":[],"product_cat":[8289,8291,8365,8615],"product_tag":[],"class_list":{"0":"post-217492","1":"product","2":"type-product","3":"status-publish","4":"has-post-thumbnail","6":"product_cat-inicio","7":"product_cat-produtos-portugueses","8":"product_cat-confeitaria","9":"product_cat-bolos","11":"first","12":"instock","13":"taxable","14":"shipping-taxable","15":"purchasable","16":"product-type-simple"},"aioseo_notices":[],"brands":[],"_links":{"self":[{"href":"https:\/\/www.delicias-uk.com\/pt-pt\/wp-json\/wp\/v2\/product\/217492","targetHints":{"allow":["GET"]}}],"collection":[{"href":"https:\/\/www.delicias-uk.com\/pt-pt\/wp-json\/wp\/v2\/product"}],"about":[{"href":"https:\/\/www.delicias-uk.com\/pt-pt\/wp-json\/wp\/v2\/types\/product"}],"author":[{"embeddable":true,"href":"https:\/\/www.delicias-uk.com\/pt-pt\/wp-json\/wp\/v2\/users\/43533"}],"replies":[{"embeddable":true,"href":"https:\/\/www.delicias-uk.com\/pt-pt\/wp-json\/wp\/v2\/comments?post=217492"}],"wp:featuredmedia":[{"embeddable":true,"href":"https:\/\/www.delicias-uk.com\/pt-pt\/wp-json\/wp\/v2\/media\/226105"}],"wp:attachment":[{"href":"https:\/\/www.delicias-uk.com\/pt-pt\/wp-json\/wp\/v2\/media?parent=217492"}],"wp:term":[{"taxonomy":"pwb-brand","embeddable":true,"href":"https:\/\/www.delicias-uk.com\/pt-pt\/wp-json\/wp\/v2\/pwb-brand?post=217492"},{"taxonomy":"product_brand","embeddable":true,"href":"https:\/\/www.delicias-uk.com\/pt-pt\/wp-json\/wp\/v2\/product_brand?post=217492"},{"taxonomy":"product_cat","embeddable":true,"href":"https:\/\/www.delicias-uk.com\/pt-pt\/wp-json\/wp\/v2\/product_cat?post=217492"},{"taxonomy":"product_tag","embeddable":true,"href":"https:\/\/www.delicias-uk.com\/pt-pt\/wp-json\/wp\/v2\/product_tag?post=217492"}],"curies":[{"name":"wp","href":"https:\/\/api.w.org\/{rel}","templated":true}]}}