{"id":217486,"date":"2024-09-16T16:36:06","date_gmt":"2024-09-16T15:36:06","guid":{"rendered":"https:\/\/www.delicias-uk.com\/product\/lentilha-a-bolonhesa-refeicao-pronta-compal-360g\/"},"modified":"2025-10-15T15:27:30","modified_gmt":"2025-10-15T14:27:30","slug":"lentilha-a-bolonhesa-refeicao-pronta-compal-360g","status":"publish","type":"product","link":"https:\/\/www.delicias-uk.com\/pt-pt\/produto\/lentilha-a-bolonhesa-refeicao-pronta-compal-360g\/","title":{"rendered":"Lentilha \u00e0 Bolonhesa Refei\u00e7\u00e3o Pronta Compal 360g"},"content":{"rendered":"<p>Reinvent\u00e1mos o cl\u00e1ssico italiano para lhe oferecer a nossa Lentilha \u00e0 Bolonhesa, uma receita perfeita para dias atarefados! Nesta receita, as lentilhas s\u00e3o envolvidas num molho de tomate, especiarias e ervas arom\u00e1ticas, que se entrela\u00e7am numa mistura \u00fanica de sabores. Experimente Compal da Horta Lentilha \u00e0 Bolonhesa e surpreenda-se!<\/p>\n<p><strong>Ingredientes<\/strong>: \u00c1gua, lentilhas, polpa de tomate concentrada, cebola, azeite, sal, alho, or\u00e9g\u00e3os e pimenta preta.<\/p>\n<p><strong>Alerg\u00e9nios<\/strong>: pode conter <strong>GL\u00daTEN<\/strong>.<\/p>\n<p><strong>Informa\u00e7\u00e3o nutricional por 100g:<\/strong><\/p>\n<ul style=\"list-style-type:disc;\">\n<li>Energia 444 Kj\/105 kcal<\/li>\n<li>Gorduras 1,5g<\/li>\n<li>dos quais saturados &lt;0,1g<\/li>\n<li>Hidratos de carbono 16,4g<\/li>\n<li>dos quais a\u00e7\u00facares 1,3g<\/li>\n<li>Prote\u00ednas 6,5g<\/li>\n<li>Fibra 4,1g<\/li>\n<li>Sal 0,9g<\/li>\n<\/ul>\n<p><strong>Pa\u00eds de origem<\/strong>: Portugal.<\/p>\n","protected":false},"excerpt":{"rendered":"<ul style=\"list-style-type:disc;\">\n<li>Peso l\u00edquido 360g<\/li>\n<li>Pronto para comer (basta aquecer)<\/li>\n<li>Serve at\u00e9 2 pessoas<\/li>\n<\/ul>\n","protected":false},"author":43533,"featured_media":226503,"comment_status":"open","ping_status":"closed","template":"","meta":[],"pwb-brand":[],"product_brand":[],"product_cat":[8653],"product_tag":[],"class_list":{"0":"post-217486","1":"product","2":"type-product","3":"status-publish","4":"has-post-thumbnail","6":"product_cat-refeicoes-prontas-pt-pt","8":"first","9":"instock","10":"taxable","11":"shipping-taxable","12":"purchasable","13":"product-type-simple"},"aioseo_notices":[],"brands":[],"_links":{"self":[{"href":"https:\/\/www.delicias-uk.com\/pt-pt\/wp-json\/wp\/v2\/product\/217486","targetHints":{"allow":["GET"]}}],"collection":[{"href":"https:\/\/www.delicias-uk.com\/pt-pt\/wp-json\/wp\/v2\/product"}],"about":[{"href":"https:\/\/www.delicias-uk.com\/pt-pt\/wp-json\/wp\/v2\/types\/product"}],"author":[{"embeddable":true,"href":"https:\/\/www.delicias-uk.com\/pt-pt\/wp-json\/wp\/v2\/users\/43533"}],"replies":[{"embeddable":true,"href":"https:\/\/www.delicias-uk.com\/pt-pt\/wp-json\/wp\/v2\/comments?post=217486"}],"wp:featuredmedia":[{"embeddable":true,"href":"https:\/\/www.delicias-uk.com\/pt-pt\/wp-json\/wp\/v2\/media\/226503"}],"wp:attachment":[{"href":"https:\/\/www.delicias-uk.com\/pt-pt\/wp-json\/wp\/v2\/media?parent=217486"}],"wp:term":[{"taxonomy":"pwb-brand","embeddable":true,"href":"https:\/\/www.delicias-uk.com\/pt-pt\/wp-json\/wp\/v2\/pwb-brand?post=217486"},{"taxonomy":"product_brand","embeddable":true,"href":"https:\/\/www.delicias-uk.com\/pt-pt\/wp-json\/wp\/v2\/product_brand?post=217486"},{"taxonomy":"product_cat","embeddable":true,"href":"https:\/\/www.delicias-uk.com\/pt-pt\/wp-json\/wp\/v2\/product_cat?post=217486"},{"taxonomy":"product_tag","embeddable":true,"href":"https:\/\/www.delicias-uk.com\/pt-pt\/wp-json\/wp\/v2\/product_tag?post=217486"}],"curies":[{"name":"wp","href":"https:\/\/api.w.org\/{rel}","templated":true}]}}