{"id":217484,"date":"2024-09-16T16:26:52","date_gmt":"2024-09-16T16:26:52","guid":{"rendered":"https:\/\/www.delicias-uk.com\/product\/feijao-com-chili-compal-refeicao-pronta-360g\/"},"modified":"2026-01-26T17:57:46","modified_gmt":"2026-01-26T17:57:46","slug":"feijao-com-chili-compal-refeicao-pronta-360g","status":"publish","type":"product","link":"https:\/\/www.delicias-uk.com\/pt-pt\/produto\/feijao-com-chili-compal-refeicao-pronta-360g\/","title":{"rendered":"Feij\u00e3o com Chili Compal Refei\u00e7\u00e3o Pronta 360g"},"content":{"rendered":"<p>Numa sinfonia de sabores, apresentamos o nosso feij\u00e3o chili, ideal para quando falta tempo ou habilidade na cozinha. Uma receita requintada, onde o tomate se funde com o feij\u00e3o vermelho, criando a base robusta deste prato cheio de cor e textura aveludada. Onde acrescentamos a do\u00e7ura do pimento vermelho e do milho, do pimento e dos cominhos. Uma refei\u00e7\u00e3o que promete n\u00e3o s\u00f3 satisfazer, como tamb\u00e9m aquecer a alma a cada dentada.<\/p>\n<p><strong>Ingredientes<\/strong>: \u00c1gua, feij\u00e3o vermelho, pimento vermelho, milho, polpa concentrada de tomate, cebola, sal, azeite, alho, cominhos, pimenta preta e oleorresina de pimenta de caiena. (0,002%)<\/p>\n<p><strong>Alerg\u00e9nios<\/strong>: nenhum.<\/p>\n<p><strong>Informa\u00e7\u00e3o nutricional por 100g:<\/strong><\/p>\n<ul style=\"list-style-type:disc;\">\n<li>Energia 314 Kj \/ 74 kcal<\/li>\n<li>Gorduras 1,3g<\/li>\n<li>dos quais saturados &lt;0,1g<\/li>\n<li>Hidratos de carbono 12,6g<\/li>\n<li>dos quais a\u00e7\u00facares 2,9g<\/li>\n<li>Prote\u00ednas 3,0g<\/li>\n<li>Fibra 4,1g<\/li>\n<li>Sal 1,2g<\/li>\n<\/ul>\n<p><strong>Pa\u00eds de origem<\/strong>: Portugal<\/p>\n","protected":false},"excerpt":{"rendered":"<ul style=\"list-style-type:disc;\">\n<li>Peso l\u00edquido 360g<\/li>\n<li>Pronto para comer (basta aquecer)<\/li>\n<li>Serve 2 pessoas<\/li>\n<\/ul>\n","protected":false},"author":43533,"featured_media":96209,"comment_status":"open","ping_status":"closed","template":"","meta":[],"pwb-brand":[],"product_brand":[],"product_cat":[8653],"product_tag":[],"class_list":{"0":"post-217484","1":"product","2":"type-product","3":"status-publish","4":"has-post-thumbnail","6":"product_cat-refeicoes-prontas-pt-pt","8":"first","9":"instock","10":"taxable","11":"shipping-taxable","12":"purchasable","13":"product-type-simple"},"aioseo_notices":[],"brands":[],"_links":{"self":[{"href":"https:\/\/www.delicias-uk.com\/pt-pt\/wp-json\/wp\/v2\/product\/217484","targetHints":{"allow":["GET"]}}],"collection":[{"href":"https:\/\/www.delicias-uk.com\/pt-pt\/wp-json\/wp\/v2\/product"}],"about":[{"href":"https:\/\/www.delicias-uk.com\/pt-pt\/wp-json\/wp\/v2\/types\/product"}],"author":[{"embeddable":true,"href":"https:\/\/www.delicias-uk.com\/pt-pt\/wp-json\/wp\/v2\/users\/43533"}],"replies":[{"embeddable":true,"href":"https:\/\/www.delicias-uk.com\/pt-pt\/wp-json\/wp\/v2\/comments?post=217484"}],"wp:featuredmedia":[{"embeddable":true,"href":"https:\/\/www.delicias-uk.com\/pt-pt\/wp-json\/wp\/v2\/media\/96209"}],"wp:attachment":[{"href":"https:\/\/www.delicias-uk.com\/pt-pt\/wp-json\/wp\/v2\/media?parent=217484"}],"wp:term":[{"taxonomy":"pwb-brand","embeddable":true,"href":"https:\/\/www.delicias-uk.com\/pt-pt\/wp-json\/wp\/v2\/pwb-brand?post=217484"},{"taxonomy":"product_brand","embeddable":true,"href":"https:\/\/www.delicias-uk.com\/pt-pt\/wp-json\/wp\/v2\/product_brand?post=217484"},{"taxonomy":"product_cat","embeddable":true,"href":"https:\/\/www.delicias-uk.com\/pt-pt\/wp-json\/wp\/v2\/product_cat?post=217484"},{"taxonomy":"product_tag","embeddable":true,"href":"https:\/\/www.delicias-uk.com\/pt-pt\/wp-json\/wp\/v2\/product_tag?post=217484"}],"curies":[{"name":"wp","href":"https:\/\/api.w.org\/{rel}","templated":true}]}}