{"id":217482,"date":"2024-09-16T16:08:51","date_gmt":"2024-09-16T16:08:51","guid":{"rendered":"https:\/\/www.delicias-uk.com\/product\/caril-de-grao-refeicao-pronta-compal-360g\/"},"modified":"2025-10-15T15:27:30","modified_gmt":"2025-10-15T14:27:30","slug":"caril-de-grao-refeicao-pronta-compal-360g","status":"publish","type":"product","link":"https:\/\/www.delicias-uk.com\/pt-pt\/produto\/caril-de-grao-refeicao-pronta-compal-360g\/","title":{"rendered":"Caril de Gr\u00e3o Refei\u00e7\u00e3o Pronta Compal 360g"},"content":{"rendered":"<p>Numa homenagem \u00e0 riqueza dos sabores orientais, o nosso Caril de Gr\u00e3o \u00e9 um mosaico de cores, aromas e sabores, perfeito para a correria do dia-a-dia. O gr\u00e3o imerso numa emuls\u00e3o suave e cremosa de leite de coco, abra\u00e7a a frescura dos espinafres e a do\u00e7ura da cenoura. Com um toque ligeiramente picante, o nosso caril de gr\u00e3o promete saciedade e conforto \u00e0s suas refei\u00e7\u00f5es.<\/p>\n<p><strong>Ingredientes<\/strong>: \u00c1gua, gr\u00e3o de bico, cenoura, espinafres, leite de coco, polpa de tomate concentrada, caril (0,6%), sal, azeite, cebola, alho, cominhos e gengibre.<\/p>\n<p><strong>Alerg\u00e9nios<\/strong>: nenhum.<\/p>\n<p><strong>Informa\u00e7\u00e3o nutricional por 100g:<\/strong><\/p>\n<ul style=\"list-style-type:disc;\">\n<li>Energia 546 Kj \/ 131 kcal<\/li>\n<li>Gorduras 7,9g<\/li>\n<li>dos quais saturados 1,0g<\/li>\n<li>Hidratos de carbono 8,8g<\/li>\n<li>dos quais a\u00e7\u00facares 1,3g<\/li>\n<li>Prote\u00ednas 4,2g<\/li>\n<li>Fibra 4,2g<\/li>\n<li>Sal 0,7g<\/li>\n<\/ul>\n<p><strong>Pa\u00eds de origem<\/strong>: Portugal.<\/p>\n","protected":false},"excerpt":{"rendered":"<ul style=\"list-style-type:disc;\">\n<li>Peso l\u00edquido 360g<\/li>\n<li>Pronto para comer (basta aquecer)<\/li>\n<li>Serve at\u00e9 2 pessoas<\/li>\n<\/ul>\n","protected":false},"author":43533,"featured_media":96203,"comment_status":"open","ping_status":"closed","template":"","meta":[],"pwb-brand":[],"product_brand":[],"product_cat":[8653],"product_tag":[],"class_list":{"0":"post-217482","1":"product","2":"type-product","3":"status-publish","4":"has-post-thumbnail","6":"product_cat-refeicoes-prontas-pt-pt","8":"first","9":"instock","10":"taxable","11":"shipping-taxable","12":"purchasable","13":"product-type-simple"},"aioseo_notices":[],"brands":[],"_links":{"self":[{"href":"https:\/\/www.delicias-uk.com\/pt-pt\/wp-json\/wp\/v2\/product\/217482","targetHints":{"allow":["GET"]}}],"collection":[{"href":"https:\/\/www.delicias-uk.com\/pt-pt\/wp-json\/wp\/v2\/product"}],"about":[{"href":"https:\/\/www.delicias-uk.com\/pt-pt\/wp-json\/wp\/v2\/types\/product"}],"author":[{"embeddable":true,"href":"https:\/\/www.delicias-uk.com\/pt-pt\/wp-json\/wp\/v2\/users\/43533"}],"replies":[{"embeddable":true,"href":"https:\/\/www.delicias-uk.com\/pt-pt\/wp-json\/wp\/v2\/comments?post=217482"}],"wp:featuredmedia":[{"embeddable":true,"href":"https:\/\/www.delicias-uk.com\/pt-pt\/wp-json\/wp\/v2\/media\/96203"}],"wp:attachment":[{"href":"https:\/\/www.delicias-uk.com\/pt-pt\/wp-json\/wp\/v2\/media?parent=217482"}],"wp:term":[{"taxonomy":"pwb-brand","embeddable":true,"href":"https:\/\/www.delicias-uk.com\/pt-pt\/wp-json\/wp\/v2\/pwb-brand?post=217482"},{"taxonomy":"product_brand","embeddable":true,"href":"https:\/\/www.delicias-uk.com\/pt-pt\/wp-json\/wp\/v2\/product_brand?post=217482"},{"taxonomy":"product_cat","embeddable":true,"href":"https:\/\/www.delicias-uk.com\/pt-pt\/wp-json\/wp\/v2\/product_cat?post=217482"},{"taxonomy":"product_tag","embeddable":true,"href":"https:\/\/www.delicias-uk.com\/pt-pt\/wp-json\/wp\/v2\/product_tag?post=217482"}],"curies":[{"name":"wp","href":"https:\/\/api.w.org\/{rel}","templated":true}]}}