{"id":217480,"date":"2024-09-16T15:24:16","date_gmt":"2024-09-16T14:24:16","guid":{"rendered":"https:\/\/www.delicias-uk.com\/product\/favas-cozidas-compal-lata-410g\/"},"modified":"2026-02-02T00:21:39","modified_gmt":"2026-02-02T00:21:39","slug":"favas-cozidas-compal-lata-410g","status":"publish","type":"product","link":"https:\/\/www.delicias-uk.com\/pt-pt\/produto\/favas-cozidas-compal-lata-410g\/","title":{"rendered":"Favas Cozidas Compal Lata 410g"},"content":{"rendered":"<p>T\u00e3o caracter\u00edstico da nossa gastronomia, trazemos \u00e0 sua mesa deliciosas favas cozinhadas apenas em \u00e1gua e sal. Os nossos gr\u00e3os Compal da Horta s\u00e3o uma ode \u00e0 tradi\u00e7\u00e3o e \u00e0 simplicidade. Adicione um toque de azeite virgem extra e uma erva fresca a gosto.<\/p>\n<p><strong>Ingredientes<\/strong>: fava, \u00e1gua e sal de cozinha.<\/p>\n<p><strong>Alerg\u00e9nios<\/strong>: pode conter <strong>GL\u00daTEN<\/strong>.<\/p>\n<p><strong>Informa\u00e7\u00e3o nutricional por 100g:<\/strong><\/p>\n<ul style=\"list-style-type: disc;\">\n<li>Energia 268 Kj\/64 kcal<\/li>\n<li>Gorduras 0,7g<\/li>\n<li>dos quais saturados 0,1g<\/li>\n<li>Hidratos de carbono 6,6g<\/li>\n<li>dos quais a\u00e7\u00facares 0,9g<\/li>\n<li>Prote\u00ednas 4,9g<\/li>\n<li>Fibra 5,8g<\/li>\n<li>Sal 0,4g<\/li>\n<\/ul>\n<p><strong>Pa\u00eds de origem<\/strong>: Portugal.<\/p>\n","protected":false},"excerpt":{"rendered":"<ul style=\"list-style-type: disc;\">\n<li>Peso l\u00edquido 410g<\/li>\n<li>Fonte de prote\u00edna<\/li>\n<li>Cozido em \u00e1gua com sal<\/li>\n<\/ul>\n","protected":false},"author":43533,"featured_media":222481,"comment_status":"open","ping_status":"closed","template":"","meta":[],"pwb-brand":[],"product_brand":[],"product_cat":[8289,8291,8395,8481,8751],"product_tag":[],"class_list":{"0":"post-217480","1":"product","2":"type-product","3":"status-publish","4":"has-post-thumbnail","6":"product_cat-inicio","7":"product_cat-produtos-portugueses","8":"product_cat-mercearia","9":"product_cat-feijao","10":"product_cat-feijao-cozido","12":"first","13":"instock","14":"taxable","15":"shipping-taxable","16":"purchasable","17":"product-type-simple"},"aioseo_notices":[],"brands":[],"_links":{"self":[{"href":"https:\/\/www.delicias-uk.com\/pt-pt\/wp-json\/wp\/v2\/product\/217480","targetHints":{"allow":["GET"]}}],"collection":[{"href":"https:\/\/www.delicias-uk.com\/pt-pt\/wp-json\/wp\/v2\/product"}],"about":[{"href":"https:\/\/www.delicias-uk.com\/pt-pt\/wp-json\/wp\/v2\/types\/product"}],"author":[{"embeddable":true,"href":"https:\/\/www.delicias-uk.com\/pt-pt\/wp-json\/wp\/v2\/users\/43533"}],"replies":[{"embeddable":true,"href":"https:\/\/www.delicias-uk.com\/pt-pt\/wp-json\/wp\/v2\/comments?post=217480"}],"wp:featuredmedia":[{"embeddable":true,"href":"https:\/\/www.delicias-uk.com\/pt-pt\/wp-json\/wp\/v2\/media\/222481"}],"wp:attachment":[{"href":"https:\/\/www.delicias-uk.com\/pt-pt\/wp-json\/wp\/v2\/media?parent=217480"}],"wp:term":[{"taxonomy":"pwb-brand","embeddable":true,"href":"https:\/\/www.delicias-uk.com\/pt-pt\/wp-json\/wp\/v2\/pwb-brand?post=217480"},{"taxonomy":"product_brand","embeddable":true,"href":"https:\/\/www.delicias-uk.com\/pt-pt\/wp-json\/wp\/v2\/product_brand?post=217480"},{"taxonomy":"product_cat","embeddable":true,"href":"https:\/\/www.delicias-uk.com\/pt-pt\/wp-json\/wp\/v2\/product_cat?post=217480"},{"taxonomy":"product_tag","embeddable":true,"href":"https:\/\/www.delicias-uk.com\/pt-pt\/wp-json\/wp\/v2\/product_tag?post=217480"}],"curies":[{"name":"wp","href":"https:\/\/api.w.org\/{rel}","templated":true}]}}