{"id":217476,"date":"2024-09-16T14:49:18","date_gmt":"2024-09-16T13:49:18","guid":{"rendered":"https:\/\/www.delicias-uk.com\/product\/lentilhas-cozidas-compal-410g\/"},"modified":"2025-02-06T17:18:56","modified_gmt":"2025-02-06T17:18:56","slug":"lentilhas-cozidas-compal-410g","status":"publish","type":"product","link":"https:\/\/www.delicias-uk.com\/pt-pt\/produto\/lentilhas-cozidas-compal-410g\/","title":{"rendered":"Lentilhas Cozidas Compal 410g"},"content":{"rendered":"<p>Desfrute do sabor inigual\u00e1vel das nossas lentilhas, cozinhadas apenas em \u00e1gua e sal. As lentilhas Compal da Horta s\u00e3o extremamente vers\u00e1teis, basta abrir a lata e deixar fluir a criatividade! Estas carism\u00e1ticas leguminosas s\u00e3o ideais para fazer sopas ou cremes e saladas frias ou quentes ou ainda como recheio de uma lasanha vegetariana. Podem ainda ser acompanhados por legumes frescos da \u00e9poca e um cereal \u00e0 escolha. Uma m\u00e3o cheia de ervas arom\u00e1ticas a gosto pode intensificar a experi\u00eancia.<\/p>\n<p><strong>Ingredientes<\/strong>: Lentilhas, \u00e1gua e sal de cozinha.<\/p>\n<p><strong>Alerg\u00e9nios<\/strong>: pode conter <strong>GL\u00daTEN<\/strong>.<\/p>\n<p><strong>Informa\u00e7\u00e3o nutricional por 100g:<\/strong><\/p>\n<ul style=\"list-style-type:disc;\">\n<li>Energia 376 Kj \/ 90 kcal<\/li>\n<li>Gorduras 0,7g<\/li>\n<li>dos quais saturados 0,1g<\/li>\n<li>Hidratos de carbono 12g<\/li>\n<li>dos quais a\u00e7\u00facares 0,2g<\/li>\n<li>Prote\u00ednas 7g<\/li>\n<li>Fibra 3,9g<\/li>\n<li>Sal 1,1g<\/li>\n<\/ul>\n<p><strong>Pa\u00eds de origem<\/strong>: Portugal.<\/p>\n","protected":false},"excerpt":{"rendered":"<ul style=\"list-style-type:disc;\">\n<li>Peso l\u00edquido 410g<\/li>\n<li>Fonte de prote\u00edna\u00a0<\/li>\n<li>Sem conservantes<\/li>\n<\/ul>\n","protected":false},"author":43533,"featured_media":96185,"comment_status":"open","ping_status":"closed","template":"","meta":[],"pwb-brand":[],"product_brand":[],"product_cat":[8289,8291,8395,8481,8751],"product_tag":[],"class_list":{"0":"post-217476","1":"product","2":"type-product","3":"status-publish","4":"has-post-thumbnail","6":"product_cat-inicio","7":"product_cat-produtos-portugueses","8":"product_cat-mercearia","9":"product_cat-feijao","10":"product_cat-feijao-cozido","12":"first","13":"instock","14":"taxable","15":"shipping-taxable","16":"purchasable","17":"product-type-simple"},"aioseo_notices":[],"brands":[],"_links":{"self":[{"href":"https:\/\/www.delicias-uk.com\/pt-pt\/wp-json\/wp\/v2\/product\/217476","targetHints":{"allow":["GET"]}}],"collection":[{"href":"https:\/\/www.delicias-uk.com\/pt-pt\/wp-json\/wp\/v2\/product"}],"about":[{"href":"https:\/\/www.delicias-uk.com\/pt-pt\/wp-json\/wp\/v2\/types\/product"}],"author":[{"embeddable":true,"href":"https:\/\/www.delicias-uk.com\/pt-pt\/wp-json\/wp\/v2\/users\/43533"}],"replies":[{"embeddable":true,"href":"https:\/\/www.delicias-uk.com\/pt-pt\/wp-json\/wp\/v2\/comments?post=217476"}],"wp:featuredmedia":[{"embeddable":true,"href":"https:\/\/www.delicias-uk.com\/pt-pt\/wp-json\/wp\/v2\/media\/96185"}],"wp:attachment":[{"href":"https:\/\/www.delicias-uk.com\/pt-pt\/wp-json\/wp\/v2\/media?parent=217476"}],"wp:term":[{"taxonomy":"pwb-brand","embeddable":true,"href":"https:\/\/www.delicias-uk.com\/pt-pt\/wp-json\/wp\/v2\/pwb-brand?post=217476"},{"taxonomy":"product_brand","embeddable":true,"href":"https:\/\/www.delicias-uk.com\/pt-pt\/wp-json\/wp\/v2\/product_brand?post=217476"},{"taxonomy":"product_cat","embeddable":true,"href":"https:\/\/www.delicias-uk.com\/pt-pt\/wp-json\/wp\/v2\/product_cat?post=217476"},{"taxonomy":"product_tag","embeddable":true,"href":"https:\/\/www.delicias-uk.com\/pt-pt\/wp-json\/wp\/v2\/product_tag?post=217476"}],"curies":[{"name":"wp","href":"https:\/\/api.w.org\/{rel}","templated":true}]}}