{"id":217470,"date":"2024-09-12T14:23:05","date_gmt":"2024-09-12T14:23:05","guid":{"rendered":"https:\/\/www.delicias-uk.com\/product\/chourico-extra-gran-vela-picante-domingo-ortiz-fatiada-500g\/"},"modified":"2024-09-12T14:23:05","modified_gmt":"2024-09-12T14:23:05","slug":"chourico-extra-gran-vela-picante-domingo-ortiz-fatiada-500g","status":"publish","type":"product","link":"https:\/\/www.delicias-uk.com\/pt-pt\/produto\/chourico-extra-gran-vela-picante-domingo-ortiz-fatiada-500g\/","title":{"rendered":"Chouri\u00e7o Extra Gran Vela Picante Domingo Ortiz Fatiada 500g"},"content":{"rendered":"<p>Chouri\u00e7o de tamanho maior, muito comum nas casas espanholas. Por ser mais grosso, o processo de cura \u00e9 mais longo e tem um sabor mais fresco. O Chouri\u00e7o Extra Vela Ortiz \u00e9 feito com a melhor carne de porco, sem gl\u00faten ou corantes artificiais. O sandu\u00edche tradicional n\u00e3o seria o mesmo sem o nosso Chouri\u00e7o Extra Vela. Tamb\u00e9m \u00e9 perfeito para apresentar em um prato como um lanche.<\/p>\n<p><strong>Ingredientes<\/strong>: Carne de porco, sal, p\u00e1prica, LACTOSE, dextrose, amido de milho, dextrina, a\u00e7\u00facar, prote\u00edna de SOJA, prote\u00edna do LEITE, especiarias, estabilizantes (E-450, E-452), antioxidante (E-301), conservantes (E-250, E-252). Tratamento de superf\u00edcie: conservantes (E-235, E-202).<\/p>\n<p><strong>Al\u00e9rgenos<\/strong>: cont\u00e9m <strong>SOJA<\/strong> e <strong>LACTOSE<\/strong>.<\/p>\n<p><strong>Informa\u00e7\u00e3o nutricional por 100g:<\/strong><\/p>\n<ul style=\"list-style-type:disc;\">\n<li>Energia 1498 Kj \/ 361 Kcal<\/li>\n<li>Gorduras 29g<\/li>\n<li>das quais saturadas 12g<\/li>\n<li>Carboidratos 2,9g<\/li>\n<li>das quais a\u00e7\u00facares 2,6g<\/li>\n<li>Prote\u00ednas 22g<\/li>\n<li>Sal 3,5g<\/li>\n<\/ul>\n<p><strong>Pa\u00eds de origem<\/strong>: Espanha.<\/p>\n","protected":false},"excerpt":{"rendered":"<ul style=\"list-style-type:disc;\">\n<li>Peso l\u00edquido 500g<\/li>\n<li>Fonte de prote\u00edna<\/li>\n<li>Fatias finas<\/li>\n<\/ul>\n","protected":false},"author":43533,"featured_media":96167,"comment_status":"open","ping_status":"closed","template":"","meta":[],"pwb-brand":[],"product_brand":[],"product_cat":[8289,8295,8343,8499],"product_tag":[],"class_list":{"0":"post-217470","1":"product","2":"type-product","3":"status-publish","4":"has-post-thumbnail","6":"product_cat-inicio","7":"product_cat-produtos-espanhois","8":"product_cat-charcutaria-pt-pt","9":"product_cat-sem-glutem","11":"first","12":"outofstock","13":"featured","14":"taxable","15":"shipping-taxable","16":"purchasable","17":"product-type-simple"},"aioseo_notices":[],"brands":[],"_links":{"self":[{"href":"https:\/\/www.delicias-uk.com\/pt-pt\/wp-json\/wp\/v2\/product\/217470","targetHints":{"allow":["GET"]}}],"collection":[{"href":"https:\/\/www.delicias-uk.com\/pt-pt\/wp-json\/wp\/v2\/product"}],"about":[{"href":"https:\/\/www.delicias-uk.com\/pt-pt\/wp-json\/wp\/v2\/types\/product"}],"author":[{"embeddable":true,"href":"https:\/\/www.delicias-uk.com\/pt-pt\/wp-json\/wp\/v2\/users\/43533"}],"replies":[{"embeddable":true,"href":"https:\/\/www.delicias-uk.com\/pt-pt\/wp-json\/wp\/v2\/comments?post=217470"}],"wp:featuredmedia":[{"embeddable":true,"href":"https:\/\/www.delicias-uk.com\/pt-pt\/wp-json\/wp\/v2\/media\/96167"}],"wp:attachment":[{"href":"https:\/\/www.delicias-uk.com\/pt-pt\/wp-json\/wp\/v2\/media?parent=217470"}],"wp:term":[{"taxonomy":"pwb-brand","embeddable":true,"href":"https:\/\/www.delicias-uk.com\/pt-pt\/wp-json\/wp\/v2\/pwb-brand?post=217470"},{"taxonomy":"product_brand","embeddable":true,"href":"https:\/\/www.delicias-uk.com\/pt-pt\/wp-json\/wp\/v2\/product_brand?post=217470"},{"taxonomy":"product_cat","embeddable":true,"href":"https:\/\/www.delicias-uk.com\/pt-pt\/wp-json\/wp\/v2\/product_cat?post=217470"},{"taxonomy":"product_tag","embeddable":true,"href":"https:\/\/www.delicias-uk.com\/pt-pt\/wp-json\/wp\/v2\/product_tag?post=217470"}],"curies":[{"name":"wp","href":"https:\/\/api.w.org\/{rel}","templated":true}]}}