{"id":217464,"date":"2024-09-10T12:02:58","date_gmt":"2024-09-10T11:02:58","guid":{"rendered":"https:\/\/www.delicias-uk.com\/product\/pao-papo-seco-congelado-panike-6x65g\/"},"modified":"2026-03-23T13:59:40","modified_gmt":"2026-03-23T13:59:40","slug":"pao-papo-seco-congelado-panike-6x65g","status":"publish","type":"product","link":"https:\/\/www.delicias-uk.com\/pt-pt\/produto\/pao-papo-seco-congelado-panike-6x65g\/","title":{"rendered":"P\u00e3o Pr\u00e9-Cozido Papo Seco Congelado Panike 65g x 6"},"content":{"rendered":"<p>Os Papos Secos s\u00e3o rolos leves e arejados portugueses que s\u00e3o o ve\u00edculo perfeito para as cl\u00e1ssicas bifanas &#8211; fatias de porco marinadas &#8211; ou os seus recheios de sandu\u00edche favoritos ou simplesmente um esfrega\u00e7o de manteiga.<\/p>\n<p><strong>Ingredientes<\/strong>: farinha TRIGO (60%), \u00e1gua, fermento, sal, \u00f3leo de girassol, melhorador (farinha TRIGO).<\/p>\n<p><strong>Alerg\u00e9nios<\/strong>: cont\u00e9m <strong>GLUTEN, MOSTARDA, SOJA e FRUTOS DE CASCA RIJA.<\/strong><\/p>\n<p><strong>Factos nutricionais por 100g:<\/strong><\/p>\n<ul style=\"list-style-type:disc;\">\n<li>Energia 1172 Kj \/ 280kcal<\/li>\n<li>Gorduras 5,9g<\/li>\n<li>dos quais saturados 0,7g<\/li>\n<li>Hidratos de carbono 48g<\/li>\n<li>dos quais os a\u00e7\u00facares 4g<\/li>\n<li>Prote\u00ednas 7.2g<\/li>\n<li>Fibra 3,3g<\/li>\n<li>Sal 0,6g<\/li>\n<\/ul>\n<p><strong>Pa\u00eds de origem<\/strong>: Portugal.<\/p>\n<p><strong><em>Produto congelado. Ser\u00e1 descongelado durante o processo de transporte. Condicionado com materiais t\u00e9rmicos (caixa ou saco) e gelo.<\/em><\/strong><\/p>\n","protected":false},"excerpt":{"rendered":"<ul style=\"list-style-type:disc;\">\n<li>Peso l\u00edquido 390g (cont\u00e9m 6 unidades)<\/li>\n<li>Sem \u00f3leo de palma<\/li>\n<li>Produto congelado<\/li>\n<\/ul>\n","protected":false},"author":43533,"featured_media":96149,"comment_status":"open","ping_status":"closed","template":"","meta":[],"pwb-brand":[],"product_brand":[],"product_cat":[8289,8305,8313,8347],"product_tag":[],"class_list":{"0":"post-217464","1":"product","2":"type-product","3":"status-publish","4":"has-post-thumbnail","6":"product_cat-inicio","7":"product_cat-produtos-congelados","8":"product_cat-pao-congelado","9":"product_cat-vegetariano","11":"first","12":"instock","13":"taxable","14":"shipping-taxable","15":"purchasable","16":"product-type-simple"},"aioseo_notices":[],"brands":[],"_links":{"self":[{"href":"https:\/\/www.delicias-uk.com\/pt-pt\/wp-json\/wp\/v2\/product\/217464","targetHints":{"allow":["GET"]}}],"collection":[{"href":"https:\/\/www.delicias-uk.com\/pt-pt\/wp-json\/wp\/v2\/product"}],"about":[{"href":"https:\/\/www.delicias-uk.com\/pt-pt\/wp-json\/wp\/v2\/types\/product"}],"author":[{"embeddable":true,"href":"https:\/\/www.delicias-uk.com\/pt-pt\/wp-json\/wp\/v2\/users\/43533"}],"replies":[{"embeddable":true,"href":"https:\/\/www.delicias-uk.com\/pt-pt\/wp-json\/wp\/v2\/comments?post=217464"}],"wp:featuredmedia":[{"embeddable":true,"href":"https:\/\/www.delicias-uk.com\/pt-pt\/wp-json\/wp\/v2\/media\/96149"}],"wp:attachment":[{"href":"https:\/\/www.delicias-uk.com\/pt-pt\/wp-json\/wp\/v2\/media?parent=217464"}],"wp:term":[{"taxonomy":"pwb-brand","embeddable":true,"href":"https:\/\/www.delicias-uk.com\/pt-pt\/wp-json\/wp\/v2\/pwb-brand?post=217464"},{"taxonomy":"product_brand","embeddable":true,"href":"https:\/\/www.delicias-uk.com\/pt-pt\/wp-json\/wp\/v2\/product_brand?post=217464"},{"taxonomy":"product_cat","embeddable":true,"href":"https:\/\/www.delicias-uk.com\/pt-pt\/wp-json\/wp\/v2\/product_cat?post=217464"},{"taxonomy":"product_tag","embeddable":true,"href":"https:\/\/www.delicias-uk.com\/pt-pt\/wp-json\/wp\/v2\/product_tag?post=217464"}],"curies":[{"name":"wp","href":"https:\/\/api.w.org\/{rel}","templated":true}]}}