{"id":217460,"date":"2024-09-10T10:20:18","date_gmt":"2024-09-10T10:20:18","guid":{"rendered":"https:\/\/www.delicias-uk.com\/product\/bacon-curado-em-cubos-penafria-200g\/"},"modified":"2025-02-06T17:12:37","modified_gmt":"2025-02-06T17:12:37","slug":"bacon-curado-em-cubos-penafria-200g","status":"publish","type":"product","link":"https:\/\/www.delicias-uk.com\/pt-pt\/produto\/bacon-curado-em-cubos-penafria-200g\/","title":{"rendered":"Bacon Curado em Cubos Alphonso Pena 200g"},"content":{"rendered":"<p>O Bacon cortado oferece muito mais sabor e praticidade na prepara\u00e7\u00e3o de v\u00e1rias receitas, desde as mais simples a mais elaboradas.<\/p>\n<p><strong>Ingredientes<\/strong>: presunto de porco, sal, a\u00e7\u00facar, conservantes (E250 e E252) e antioxidantes (E301 e E331)<\/p>\n<p><strong>Alerg\u00e9nios<\/strong>: nenhum.<\/p>\n<p><strong>Factos nutricionais por 100g<\/strong>:<\/p>\n<ul style=\"list-style-type:disc;\">\n<li>Energia 1001 Kj \/ 239 Kcal<\/li>\n<li>Gorduras 12g<\/li>\n<li>dos quais saturados 4,8g<\/li>\n<li>Hidratos de carbono &lt;1g<\/li>\n<li>dos quais os a\u00e7\u00facares &lt;1g<\/li>\n<li>Prote\u00ednas 31g<\/li>\n<li>Sal 4,5g<\/li>\n<\/ul>\n<p><strong>Pa\u00eds de origem<\/strong>: Espanha.<\/p>\n","protected":false},"excerpt":{"rendered":"<ul style=\"list-style-type:disc;\">\n<li>Peso l\u00edquido 200g<\/li>\n<li>Fonte de prote\u00edna<\/li>\n<li>Para todos os fins culin\u00e1rios<\/li>\n<\/ul>\n","protected":false},"author":43533,"featured_media":96137,"comment_status":"open","ping_status":"closed","template":"","meta":[],"pwb-brand":[],"product_brand":[],"product_cat":[9336,8289,8295,8343],"product_tag":[],"class_list":{"0":"post-217460","1":"product","2":"type-product","3":"status-publish","4":"has-post-thumbnail","6":"product_cat-presunto-curado-fatiado","7":"product_cat-inicio","8":"product_cat-produtos-espanhois","9":"product_cat-charcutaria-pt-pt","11":"first","12":"instock","13":"taxable","14":"shipping-taxable","15":"purchasable","16":"product-type-simple"},"aioseo_notices":[],"brands":[],"_links":{"self":[{"href":"https:\/\/www.delicias-uk.com\/pt-pt\/wp-json\/wp\/v2\/product\/217460","targetHints":{"allow":["GET"]}}],"collection":[{"href":"https:\/\/www.delicias-uk.com\/pt-pt\/wp-json\/wp\/v2\/product"}],"about":[{"href":"https:\/\/www.delicias-uk.com\/pt-pt\/wp-json\/wp\/v2\/types\/product"}],"author":[{"embeddable":true,"href":"https:\/\/www.delicias-uk.com\/pt-pt\/wp-json\/wp\/v2\/users\/43533"}],"replies":[{"embeddable":true,"href":"https:\/\/www.delicias-uk.com\/pt-pt\/wp-json\/wp\/v2\/comments?post=217460"}],"wp:featuredmedia":[{"embeddable":true,"href":"https:\/\/www.delicias-uk.com\/pt-pt\/wp-json\/wp\/v2\/media\/96137"}],"wp:attachment":[{"href":"https:\/\/www.delicias-uk.com\/pt-pt\/wp-json\/wp\/v2\/media?parent=217460"}],"wp:term":[{"taxonomy":"pwb-brand","embeddable":true,"href":"https:\/\/www.delicias-uk.com\/pt-pt\/wp-json\/wp\/v2\/pwb-brand?post=217460"},{"taxonomy":"product_brand","embeddable":true,"href":"https:\/\/www.delicias-uk.com\/pt-pt\/wp-json\/wp\/v2\/product_brand?post=217460"},{"taxonomy":"product_cat","embeddable":true,"href":"https:\/\/www.delicias-uk.com\/pt-pt\/wp-json\/wp\/v2\/product_cat?post=217460"},{"taxonomy":"product_tag","embeddable":true,"href":"https:\/\/www.delicias-uk.com\/pt-pt\/wp-json\/wp\/v2\/product_tag?post=217460"}],"curies":[{"name":"wp","href":"https:\/\/api.w.org\/{rel}","templated":true}]}}