{"id":217452,"date":"2024-08-12T13:22:21","date_gmt":"2024-08-12T12:22:21","guid":{"rendered":"https:\/\/www.delicias-uk.com\/product\/molho-de-bifanas-dom-duarte-500g\/"},"modified":"2026-03-23T13:59:37","modified_gmt":"2026-03-23T13:59:37","slug":"molho-de-bifanas-dom-duarte-500g","status":"publish","type":"product","link":"https:\/\/www.delicias-uk.com\/pt-pt\/produto\/molho-de-bifanas-dom-duarte-500g\/","title":{"rendered":"Molho de Bifanas Dom Duarte 500g"},"content":{"rendered":"<p>Experimente o molho de bifanas Dom Duarte para um sabor aut\u00eantico de Portugal! Este molho delicioso traz um toque de sabor a cada por\u00e7\u00e3o. Aprecie-o com sandu\u00edches, carne de porco ou apenas sua comida favorita!<\/p>\n<p><strong>Ingredientes<\/strong>: \u00c1gua, cerveja (\u00e1gua, cevada maltada, cereais n\u00e3o maltados (milho e cevada), l\u00fapulo), azeite de oliva, concentrado de tomate, amido modificado, pasta de p\u00e1prica (piment\u00f5es, sal, vinagre de vinho, estabilizador (goma xantana), conservante (benzoato de s\u00f3dio)), caldo de carne, cebola, sal, bebidas destiladas, especiarias, regulador de acidez (\u00e1cido c\u00edtrico).<\/p>\n","protected":false},"excerpt":{"rendered":"<ul style=\"list-style-type:disc;\">\n<li>Peso l\u00edquido 500g<\/li>\n<li>Deixe sua bifana com ainda mais sabor!<\/li>\n<li>Produto Portugu\u00eas<\/li>\n<\/ul>\n","protected":false},"author":43533,"featured_media":226606,"comment_status":"open","ping_status":"closed","template":"","meta":[],"pwb-brand":[],"product_brand":[],"product_cat":[8741],"product_tag":[],"class_list":{"0":"post-217452","1":"product","2":"type-product","3":"status-publish","4":"has-post-thumbnail","6":"product_cat-pimentas-e-molhos","8":"first","9":"instock","10":"taxable","11":"shipping-taxable","12":"purchasable","13":"product-type-simple"},"aioseo_notices":[],"brands":[],"_links":{"self":[{"href":"https:\/\/www.delicias-uk.com\/pt-pt\/wp-json\/wp\/v2\/product\/217452","targetHints":{"allow":["GET"]}}],"collection":[{"href":"https:\/\/www.delicias-uk.com\/pt-pt\/wp-json\/wp\/v2\/product"}],"about":[{"href":"https:\/\/www.delicias-uk.com\/pt-pt\/wp-json\/wp\/v2\/types\/product"}],"author":[{"embeddable":true,"href":"https:\/\/www.delicias-uk.com\/pt-pt\/wp-json\/wp\/v2\/users\/43533"}],"replies":[{"embeddable":true,"href":"https:\/\/www.delicias-uk.com\/pt-pt\/wp-json\/wp\/v2\/comments?post=217452"}],"wp:featuredmedia":[{"embeddable":true,"href":"https:\/\/www.delicias-uk.com\/pt-pt\/wp-json\/wp\/v2\/media\/226606"}],"wp:attachment":[{"href":"https:\/\/www.delicias-uk.com\/pt-pt\/wp-json\/wp\/v2\/media?parent=217452"}],"wp:term":[{"taxonomy":"pwb-brand","embeddable":true,"href":"https:\/\/www.delicias-uk.com\/pt-pt\/wp-json\/wp\/v2\/pwb-brand?post=217452"},{"taxonomy":"product_brand","embeddable":true,"href":"https:\/\/www.delicias-uk.com\/pt-pt\/wp-json\/wp\/v2\/product_brand?post=217452"},{"taxonomy":"product_cat","embeddable":true,"href":"https:\/\/www.delicias-uk.com\/pt-pt\/wp-json\/wp\/v2\/product_cat?post=217452"},{"taxonomy":"product_tag","embeddable":true,"href":"https:\/\/www.delicias-uk.com\/pt-pt\/wp-json\/wp\/v2\/product_tag?post=217452"}],"curies":[{"name":"wp","href":"https:\/\/api.w.org\/{rel}","templated":true}]}}