{"id":217442,"date":"2024-07-18T14:17:33","date_gmt":"2024-07-18T13:17:33","guid":{"rendered":"https:\/\/www.delicias-uk.com\/product\/refeicao-pronta-moelas-nobre-420g\/"},"modified":"2026-02-28T20:03:36","modified_gmt":"2026-02-28T20:03:36","slug":"refeicao-pronta-moelas-nobre-420g","status":"publish","type":"product","link":"https:\/\/www.delicias-uk.com\/pt-pt\/produto\/refeicao-pronta-moelas-nobre-420g\/","title":{"rendered":"Refei\u00e7\u00e3o Pronta Moelas Nobre 420g"},"content":{"rendered":"<p>A embalagem pr\u00e1tica e pronta a consumir permite-lhe saborear estas deliciosas moelas em qualquer lugar, a qualquer hora, sem queimar um \u00fanico dedo.<\/p>\n<p>Deixe de lado as preocupa\u00e7\u00f5es e desfrute de momentos de conv\u00edvio com quem mais gosta, sem o stress da cozinha. Saboroso e irresist\u00edvel, este petisco \u00e9 a solu\u00e7\u00e3o ideal para quem procura uma refei\u00e7\u00e3o pr\u00e1tica com o sabor aut\u00eantico da comida caseira.<\/p>\n","protected":false},"excerpt":{"rendered":"<ul style=\"list-style-type:disc;\">\n<li>Peso l\u00edquido 420g<\/li>\n<li>Pronto em 3 minutos<\/li>\n<li>Produto Portugu\u00eas<\/li>\n<\/ul>\n","protected":false},"author":43533,"featured_media":226465,"comment_status":"open","ping_status":"closed","template":"","meta":[],"pwb-brand":[],"product_brand":[],"product_cat":[8653],"product_tag":[],"class_list":{"0":"post-217442","1":"product","2":"type-product","3":"status-publish","4":"has-post-thumbnail","6":"product_cat-refeicoes-prontas-pt-pt","8":"first","9":"instock","10":"taxable","11":"shipping-taxable","12":"purchasable","13":"product-type-simple"},"aioseo_notices":[],"brands":[],"_links":{"self":[{"href":"https:\/\/www.delicias-uk.com\/pt-pt\/wp-json\/wp\/v2\/product\/217442","targetHints":{"allow":["GET"]}}],"collection":[{"href":"https:\/\/www.delicias-uk.com\/pt-pt\/wp-json\/wp\/v2\/product"}],"about":[{"href":"https:\/\/www.delicias-uk.com\/pt-pt\/wp-json\/wp\/v2\/types\/product"}],"author":[{"embeddable":true,"href":"https:\/\/www.delicias-uk.com\/pt-pt\/wp-json\/wp\/v2\/users\/43533"}],"replies":[{"embeddable":true,"href":"https:\/\/www.delicias-uk.com\/pt-pt\/wp-json\/wp\/v2\/comments?post=217442"}],"wp:featuredmedia":[{"embeddable":true,"href":"https:\/\/www.delicias-uk.com\/pt-pt\/wp-json\/wp\/v2\/media\/226465"}],"wp:attachment":[{"href":"https:\/\/www.delicias-uk.com\/pt-pt\/wp-json\/wp\/v2\/media?parent=217442"}],"wp:term":[{"taxonomy":"pwb-brand","embeddable":true,"href":"https:\/\/www.delicias-uk.com\/pt-pt\/wp-json\/wp\/v2\/pwb-brand?post=217442"},{"taxonomy":"product_brand","embeddable":true,"href":"https:\/\/www.delicias-uk.com\/pt-pt\/wp-json\/wp\/v2\/product_brand?post=217442"},{"taxonomy":"product_cat","embeddable":true,"href":"https:\/\/www.delicias-uk.com\/pt-pt\/wp-json\/wp\/v2\/product_cat?post=217442"},{"taxonomy":"product_tag","embeddable":true,"href":"https:\/\/www.delicias-uk.com\/pt-pt\/wp-json\/wp\/v2\/product_tag?post=217442"}],"curies":[{"name":"wp","href":"https:\/\/api.w.org\/{rel}","templated":true}]}}