{"id":217440,"date":"2024-07-11T10:20:45","date_gmt":"2024-07-11T10:20:45","guid":{"rendered":"https:\/\/www.delicias-uk.com\/product\/mel-de-rosmaninho-serramel-ursa-340g\/"},"modified":"2025-11-23T19:01:36","modified_gmt":"2025-11-23T19:01:36","slug":"mel-de-rosmaninho-serramel-ursa-340g","status":"publish","type":"product","link":"https:\/\/www.delicias-uk.com\/pt-pt\/produto\/mel-de-rosmaninho-serramel-ursa-340g\/","title":{"rendered":"Mel de Rosmaninho Serramel Urso 340g"},"content":{"rendered":"<p>Mel Serramel. \u00c9 muito pr\u00e1tico de usar. As criancas adoram &#8230; e n\u00e3o ficam com os dedos pegajosos.\u00a0<\/p>\n","protected":false},"excerpt":{"rendered":"<ul style=\"list-style-type:disc;\">\n<li>Peso l\u00edquido 340g<\/li>\n<li>Pr\u00e1tico de usar<\/li>\n<li>N\u00e3o deixa os dedos pegajosos<\/li>\n<\/ul>\n","protected":false},"author":43533,"featured_media":96071,"comment_status":"open","ping_status":"closed","template":"","meta":[],"pwb-brand":[],"product_brand":[],"product_cat":[8743],"product_tag":[],"class_list":{"0":"post-217440","1":"product","2":"type-product","3":"status-publish","4":"has-post-thumbnail","6":"product_cat-mel-pt-pt","8":"first","9":"instock","10":"taxable","11":"shipping-taxable","12":"purchasable","13":"product-type-simple"},"aioseo_notices":[],"brands":[],"_links":{"self":[{"href":"https:\/\/www.delicias-uk.com\/pt-pt\/wp-json\/wp\/v2\/product\/217440","targetHints":{"allow":["GET"]}}],"collection":[{"href":"https:\/\/www.delicias-uk.com\/pt-pt\/wp-json\/wp\/v2\/product"}],"about":[{"href":"https:\/\/www.delicias-uk.com\/pt-pt\/wp-json\/wp\/v2\/types\/product"}],"author":[{"embeddable":true,"href":"https:\/\/www.delicias-uk.com\/pt-pt\/wp-json\/wp\/v2\/users\/43533"}],"replies":[{"embeddable":true,"href":"https:\/\/www.delicias-uk.com\/pt-pt\/wp-json\/wp\/v2\/comments?post=217440"}],"wp:featuredmedia":[{"embeddable":true,"href":"https:\/\/www.delicias-uk.com\/pt-pt\/wp-json\/wp\/v2\/media\/96071"}],"wp:attachment":[{"href":"https:\/\/www.delicias-uk.com\/pt-pt\/wp-json\/wp\/v2\/media?parent=217440"}],"wp:term":[{"taxonomy":"pwb-brand","embeddable":true,"href":"https:\/\/www.delicias-uk.com\/pt-pt\/wp-json\/wp\/v2\/pwb-brand?post=217440"},{"taxonomy":"product_brand","embeddable":true,"href":"https:\/\/www.delicias-uk.com\/pt-pt\/wp-json\/wp\/v2\/product_brand?post=217440"},{"taxonomy":"product_cat","embeddable":true,"href":"https:\/\/www.delicias-uk.com\/pt-pt\/wp-json\/wp\/v2\/product_cat?post=217440"},{"taxonomy":"product_tag","embeddable":true,"href":"https:\/\/www.delicias-uk.com\/pt-pt\/wp-json\/wp\/v2\/product_tag?post=217440"}],"curies":[{"name":"wp","href":"https:\/\/api.w.org\/{rel}","templated":true}]}}