{"id":217426,"date":"2024-06-25T09:55:30","date_gmt":"2024-06-25T08:55:30","guid":{"rendered":"https:\/\/www.delicias-uk.com\/product\/pao-com-leitao-congelado-pre-cozido-hm-caneira-6x140g\/"},"modified":"2026-05-04T18:20:58","modified_gmt":"2026-05-04T17:20:58","slug":"pao-pre-cozido-com-leitao-negrais-hm-caneira-140g-x-2","status":"publish","type":"product","link":"https:\/\/www.delicias-uk.com\/pt-pt\/produto\/pao-pre-cozido-com-leitao-negrais-hm-caneira-140g-x-2\/","title":{"rendered":"P\u00e3o Pr\u00e9-Cozido Com Leit\u00e3o Negrais HM Caneira 140g x 2"},"content":{"rendered":"<p class=\"MsoNormal\"><span lang=\"pt-br\" xml:lang=\"pt-br\">Deixar descongelar a temperatura ambiente antes de consumir. <\/span>Para obter um p\u00e3o mais crocante e estaladi\u00e7o. Aconselha-se a regenerar no forno \u00e0 temperatura 200C-220C.<\/p>\n<p class=\"MsoNormal\"><strong>Ingredientes<\/strong>: Massa: farinha de trigo T65, \u00e1gua, sal, levedura fresca, melhorante l\u00edquido (xarope de a\u00e7\u00facar invertido, \u00e1gua, sal, regulador de acidez, agente de tratamento de farinha, enzimas e extrato de malte) e melhorante (farinha de trigo, sal, antiaglomerante, farinha de soja, agente de tratamento de farinha &#8211; \u00e1cido asc\u00f3rbico e enzimas). Recheio: leit\u00e3o assado (leit\u00e3o, sal, pimenta e massa alho (alho fresco e sal) massa de alho (alho, sal e antioxidante) e pimenta preta. <strong>Alerg\u00e9neos: Cont\u00e9m gl\u00faten e soja. Pode conter vest\u00edgios de sementes s\u00e9samo, leite, ovo, aipo, mostarda, frutos de casca rija, di\u00f3xido enxofre e sulfitos.<\/strong><\/p>\n","protected":false},"excerpt":{"rendered":"<ul style=\"list-style-type: disc;\">\n<li>Cont\u00e9m 2 unidades de 140g cada<\/li>\n<li>Produto congelado<\/li>\n<li>Produto Portugu\u00eas<\/li>\n<\/ul>\n","protected":false},"author":43533,"featured_media":96026,"comment_status":"open","ping_status":"closed","template":"","meta":[],"pwb-brand":[],"product_brand":[],"product_cat":[8289,8305,8313],"product_tag":[],"class_list":{"0":"post-217426","1":"product","2":"type-product","3":"status-publish","4":"has-post-thumbnail","6":"product_cat-inicio","7":"product_cat-produtos-congelados","8":"product_cat-pao-congelado","10":"first","11":"instock","12":"taxable","13":"shipping-taxable","14":"purchasable","15":"product-type-simple"},"aioseo_notices":[],"brands":[],"_links":{"self":[{"href":"https:\/\/www.delicias-uk.com\/pt-pt\/wp-json\/wp\/v2\/product\/217426","targetHints":{"allow":["GET"]}}],"collection":[{"href":"https:\/\/www.delicias-uk.com\/pt-pt\/wp-json\/wp\/v2\/product"}],"about":[{"href":"https:\/\/www.delicias-uk.com\/pt-pt\/wp-json\/wp\/v2\/types\/product"}],"author":[{"embeddable":true,"href":"https:\/\/www.delicias-uk.com\/pt-pt\/wp-json\/wp\/v2\/users\/43533"}],"replies":[{"embeddable":true,"href":"https:\/\/www.delicias-uk.com\/pt-pt\/wp-json\/wp\/v2\/comments?post=217426"}],"wp:featuredmedia":[{"embeddable":true,"href":"https:\/\/www.delicias-uk.com\/pt-pt\/wp-json\/wp\/v2\/media\/96026"}],"wp:attachment":[{"href":"https:\/\/www.delicias-uk.com\/pt-pt\/wp-json\/wp\/v2\/media?parent=217426"}],"wp:term":[{"taxonomy":"pwb-brand","embeddable":true,"href":"https:\/\/www.delicias-uk.com\/pt-pt\/wp-json\/wp\/v2\/pwb-brand?post=217426"},{"taxonomy":"product_brand","embeddable":true,"href":"https:\/\/www.delicias-uk.com\/pt-pt\/wp-json\/wp\/v2\/product_brand?post=217426"},{"taxonomy":"product_cat","embeddable":true,"href":"https:\/\/www.delicias-uk.com\/pt-pt\/wp-json\/wp\/v2\/product_cat?post=217426"},{"taxonomy":"product_tag","embeddable":true,"href":"https:\/\/www.delicias-uk.com\/pt-pt\/wp-json\/wp\/v2\/product_tag?post=217426"}],"curies":[{"name":"wp","href":"https:\/\/api.w.org\/{rel}","templated":true}]}}