{"id":217420,"date":"2024-06-13T12:46:43","date_gmt":"2024-06-13T11:46:43","guid":{"rendered":"https:\/\/www.delicias-uk.com\/product\/caldo-verde-a-portuguesa\/"},"modified":"2026-05-04T21:18:37","modified_gmt":"2026-05-04T20:18:37","slug":"caldo-verde-a-portuguesa-2","status":"publish","type":"product","link":"https:\/\/www.delicias-uk.com\/pt-pt\/produto\/caldo-verde-a-portuguesa-2\/","title":{"rendered":"Kit para Caldo Verde a Portuguesa"},"content":{"rendered":"<p class=\"MsoNormal\"><span style=\"font-family:Verdana, sans-serif;\"><span style=\"font-size:11.3333px;\">N\u00e3o h\u00e1 sopa mais tradicional portuguesa que o caldo-verde com chouri\u00e7o. \u00d3tima como entrada ou a acompanhar uma bifana, \u00e9 uma receita f\u00e1cil e irresist\u00edvel.<\/span><\/span><\/p>\n<p class=\"MsoNormal\"><span style=\"font-family:Verdana, sans-serif;\"><span style=\"font-size:11.3333px;\"><\/span><\/span><\/p>\n<p class=\"MsoNormal\"><span style=\"font-family:Verdana, sans-serif;\"><span style=\"font-size:11.3333px;\">FRZV-VGT3883<span style=\"white-space:pre;\"> <\/span>Veg. Couve Serrana Para Caldo Verde Papaveg 250g<\/span><\/span><\/p>\n<p class=\"MsoNormal\"><span style=\"font-family:Verdana, sans-serif;\"><span style=\"font-size:11.3333px;\">CHA-TRA0668<span style=\"white-space:pre;\"> <\/span>Chourico Alentejano Sel Saq. 250G<\/span><\/span><\/p>\n<p class=\"MsoNormal\"><span style=\"font-family:Verdana, sans-serif;\"><span style=\"font-size:11.3333px;\">FRZB-BRD2672<span style=\"white-space:pre;\"> <\/span>Broa De Milho Delidu 400G<\/span><\/span><\/p>\n<p class=\"MsoNormal\"><span lang=\"pt\" style=\"font-size:8.5pt;line-height:115%;font-family:Verdana, sans-serif;\" xml:lang=\"pt\">\u00a0<\/span><\/p>\n<p class=\"MsoNormal\"><b><span lang=\"pt\" style=\"font-size:8.5pt;line-height:115%;font-family:Verdana, sans-serif;\" xml:lang=\"pt\">Prepara\u00e7\u00e3o<\/span><\/b><span lang=\"pt\" style=\"font-size:8.5pt;line-height:115%;font-family:Verdana, sans-serif;\" xml:lang=\"pt\"><\/span><\/p>\n<p>1. Descascar as batatas, a cebola, os dentes de alho e levar a cozer em 1,5 litros de \u00e1gua temperada com sal, um fio de azeite e o chouri\u00e7o. Entretanto, arranjar as folhas de couve, lavar e cortar finamente em juliana.<\/p>\n<p>2. Quando as batatas estiverem bem cozidas, retirar o chouri\u00e7o e esmagar o restante (batatas, cebola e alhos) com um garfo ou com o espremedor de batata. Levar novamente ao lume e, 10 minutos antes de servir, com o caldo a ferver, juntar a couve bem escorrida. Deixar cozer com o recipiente destapado at\u00e9 cozinhar a couve.\u00a0<\/p>\n<p>3. Retificar temperos e adicionar o restante azeite.<\/p>\n<p>4. Fatiar o chouri\u00e7o e colocar uma rodela em cada prato ou tigela de servir. Regar bem com o caldo-verde. Cortar as broas em fatias como acompanhamento.<\/p>\n<\/p>\n<p class=\"MsoNormal\"><b><span style=\"font-size:8.5pt;line-height:115%;font-family:Verdana, sans-serif;\">Ingredientes<\/span><\/b><\/p>\n<p class=\"MsoNormal\"><span style=\"font-family:Verdana, sans-serif;\"><span style=\"font-size:11.3333px;\">200 gr Couve Galega<\/span><\/span><\/p>\n<p class=\"MsoNormal\"><span style=\"font-family:Verdana, sans-serif;\"><span style=\"font-size:11.3333px;\">1 Cebola<\/span><\/span><\/p>\n<p class=\"MsoNormal\"><span style=\"font-family:Verdana, sans-serif;\"><span style=\"font-size:11.3333px;\">2 Dentes de alho<\/span><\/span><\/p>\n<p class=\"MsoNormal\"><span style=\"font-family:Verdana, sans-serif;\"><span style=\"font-size:11.3333px;\">600 gr Batatas<\/span><\/span><\/p>\n<p class=\"MsoNormal\"><span style=\"font-family:Verdana, sans-serif;\"><span style=\"font-size:11.3333px;\">1 Salpic\u00e3o ou chouri\u00e7o de carne<\/span><\/span><\/p>\n<p class=\"MsoNormal\"><span style=\"font-family:Verdana, sans-serif;\"><span style=\"font-size:11.3333px;\">50 gr Broa de milho<\/span><\/span><\/p>\n<p class=\"MsoNormal\"><span style=\"font-family:Verdana, sans-serif;\"><span style=\"font-size:11.3333px;\">150 ml Azeite<\/span><\/span><\/p>\n<p class=\"MsoNormal\"><span style=\"font-family:Verdana, sans-serif;\"><span style=\"font-size:8.5pt;line-height:115%;font-family:Verdana, sans-serif;\"><\/span><\/span><\/p>\n<p class=\"MsoNormal\"><span style=\"font-family:Verdana, sans-serif;\"><span style=\"font-size:11.3333px;\">Sal a gosto<\/span><\/span><\/p>\n<\/p>\n<p class=\"MsoNormal\" style=\"margin-left:36pt;text-indent:-18pt;\"><\/p>\n","protected":false},"excerpt":{"rendered":"<p style=\"background:#FFFFFF;margin:0cm 0cm 11.25pt 0cm;\"><span style=\"font-size:11pt;font-family:Calibri, sans-serif;color:#000000;\">. Recipe at the Table<\/span><span style=\"font-size:11pt;font-family:Calibri, sans-serif;\"><\/span><\/p>\n<p style=\"background:#FFFFFF;margin:0cm 0cm 11.25pt 0cm;\"><span style=\"font-size:11pt;font-family:Calibri, sans-serif;color:#000000;\">. Caldo Verde a Portuguesa <\/span><span style=\"font-family:Calibri, sans-serif;font-size:11pt;\"><span style=\"font-family:Calibri, sans-serif;\"><span style=\"font-size:11pt;\">recipe<\/span><\/span><\/span><\/p>\n<p style=\"margin:0cm;background:#FFFFFF;\"><span style=\"font-size:11pt;font-family:Calibri, sans-serif;color:#000000;background:#FFFFFF;\">. Tasty and Simple<\/span><span style=\"font-size:11pt;font-family:Calibri, sans-serif;background:#FFFFFF;\"><\/span><\/p><\/p>\n","protected":false},"author":43533,"featured_media":96012,"comment_status":"open","ping_status":"closed","template":"","meta":[],"pwb-brand":[],"product_brand":[],"product_cat":[8289,8445,8433,8429],"product_tag":[],"class_list":{"0":"post-217420","1":"product","2":"type-product","3":"status-publish","4":"has-post-thumbnail","6":"product_cat-inicio","7":"product_cat-receitas-a-mesa-pt-pt-produtos-portugueses","8":"product_cat-receitas-a-mesa-pt-pt","9":"product_cat-receitas-a-mesa","11":"first","12":"instock","13":"taxable","14":"shipping-taxable","15":"purchasable","16":"product-type-simple"},"aioseo_notices":[],"brands":[],"_links":{"self":[{"href":"https:\/\/www.delicias-uk.com\/pt-pt\/wp-json\/wp\/v2\/product\/217420","targetHints":{"allow":["GET"]}}],"collection":[{"href":"https:\/\/www.delicias-uk.com\/pt-pt\/wp-json\/wp\/v2\/product"}],"about":[{"href":"https:\/\/www.delicias-uk.com\/pt-pt\/wp-json\/wp\/v2\/types\/product"}],"author":[{"embeddable":true,"href":"https:\/\/www.delicias-uk.com\/pt-pt\/wp-json\/wp\/v2\/users\/43533"}],"replies":[{"embeddable":true,"href":"https:\/\/www.delicias-uk.com\/pt-pt\/wp-json\/wp\/v2\/comments?post=217420"}],"wp:featuredmedia":[{"embeddable":true,"href":"https:\/\/www.delicias-uk.com\/pt-pt\/wp-json\/wp\/v2\/media\/96012"}],"wp:attachment":[{"href":"https:\/\/www.delicias-uk.com\/pt-pt\/wp-json\/wp\/v2\/media?parent=217420"}],"wp:term":[{"taxonomy":"pwb-brand","embeddable":true,"href":"https:\/\/www.delicias-uk.com\/pt-pt\/wp-json\/wp\/v2\/pwb-brand?post=217420"},{"taxonomy":"product_brand","embeddable":true,"href":"https:\/\/www.delicias-uk.com\/pt-pt\/wp-json\/wp\/v2\/product_brand?post=217420"},{"taxonomy":"product_cat","embeddable":true,"href":"https:\/\/www.delicias-uk.com\/pt-pt\/wp-json\/wp\/v2\/product_cat?post=217420"},{"taxonomy":"product_tag","embeddable":true,"href":"https:\/\/www.delicias-uk.com\/pt-pt\/wp-json\/wp\/v2\/product_tag?post=217420"}],"curies":[{"name":"wp","href":"https:\/\/api.w.org\/{rel}","templated":true}]}}