{"id":217384,"date":"2024-05-28T12:23:48","date_gmt":"2024-05-28T11:23:48","guid":{"rendered":"https:\/\/www.delicias-uk.com\/product\/kit-para-salada-de-atum-com-feijao-frade\/"},"modified":"2026-01-09T16:30:17","modified_gmt":"2026-01-09T16:30:17","slug":"kit-para-salada-de-atum-com-feijao-frade","status":"publish","type":"product","link":"https:\/\/www.delicias-uk.com\/pt-pt\/produto\/kit-para-salada-de-atum-com-feijao-frade\/","title":{"rendered":"Kit para Salada de Atum com Feijao Frade"},"content":{"rendered":"<p class=\"MsoNormal\"><span lang=\"pt\" style=\"font-size:8.5pt;line-height:115%;font-family:Verdana, sans-serif;\" xml:lang=\"pt\">Salada de Feij\u00e3o Frade com Atum, Uma salada calha bem nos dias em que queremos uma refei\u00e7\u00e3o mais leve e r\u00e1pida.<\/span><\/p>\n<\/p>\n<p class=\"MsoNormal\"><span lang=\"pt\" style=\"font-size:8.5pt;line-height:115%;font-family:Verdana, sans-serif;\" xml:lang=\"pt\">GRO-BNS4075\u00a0\u00a0 Feijao Compal Frade Lata Gr 845g<\/span><\/p>\n<\/p>\n<p class=\"MsoNormal\"><span lang=\"pt\" style=\"font-size:8.5pt;line-height:115%;font-family:Verdana, sans-serif;\" xml:lang=\"pt\">CON-TUN1470\u00a0\u00a0\u00a0 Atum Bp Posta\u00a0 Azeite Lata Redonda 385g<\/span><\/p>\n<\/p>\n<p class=\"MsoNormal\"><span lang=\"pt\" style=\"font-size:8.5pt;line-height:115%;font-family:Verdana, sans-serif;\" xml:lang=\"pt\">GRO-OLV4564\u00a0\u00a0\u00a0 Azeitona Macarico Preta 261\/290 Jar 220g<\/span><\/p>\n<\/p>\n<p class=\"MsoNormal\"><span lang=\"pt\" style=\"font-size:8.5pt;line-height:115%;font-family:Verdana, sans-serif;\" xml:lang=\"pt\">OIL-OLI5874\u00a0\u00a0\u00a0\u00a0\u00a0 Azeite Os Seleccao Maduro 250ml<\/span><\/p>\n<\/p>\n<p class=\"MsoNormal\"><span lang=\"pt\" style=\"font-size:8.5pt;line-height:115%;font-family:Verdana, sans-serif;\" xml:lang=\"pt\">\u00a0<\/span><\/p>\n<p class=\"MsoNormal\"><b><span lang=\"pt\" style=\"font-size:8.5pt;line-height:115%;font-family:Verdana, sans-serif;\" xml:lang=\"pt\">Prepara\u00e7\u00e3o<\/span><\/b><span lang=\"pt\" style=\"font-size:8.5pt;line-height:115%;font-family:Verdana, sans-serif;\" xml:lang=\"pt\"><\/span><\/p>\n<\/p>\n<p class=\"MsoListParagraphCxSpFirst\" style=\"text-indent:-18pt;\"><!-- [if !supportLists]--><span lang=\"pt\" style=\"font-size:8.5pt;line-height:115%;font-family:Verdana, sans-serif;\" xml:lang=\"pt\">1.<span style=\"font-size:7pt;line-height:normal;font-family:'Times New Roman';\">\u00a0\u00a0\u00a0\u00a0 <\/span><\/span><!--[endif]--><span lang=\"pt\" style=\"font-size:8.5pt;line-height:115%;font-family:Verdana, sans-serif;\" xml:lang=\"pt\">Numa ta\u00e7a, junte o feij\u00e3o frade, a cebola, o alho e a salsa.<br \/>Envolva tudo muito bem.<\/span><\/p>\n<\/p>\n<p class=\"MsoListParagraphCxSpMiddle\" style=\"text-indent:-18pt;\"><!-- [if !supportLists]--><span lang=\"pt\" style=\"font-size:8.5pt;line-height:115%;font-family:Verdana, sans-serif;\" xml:lang=\"pt\">2.<span style=\"font-size:7pt;line-height:normal;font-family:'Times New Roman';\">\u00a0\u00a0\u00a0\u00a0 <\/span><\/span><!--[endif]--><span lang=\"pt\" style=\"font-size:8.5pt;line-height:115%;font-family:Verdana, sans-serif;\" xml:lang=\"pt\">\u00a0Junte o atum.<br \/>Tempere com sal, pimenta, azeite e vinagre.<br \/>Mexa tudo muito bem.<\/span><\/p>\n<\/p>\n<p class=\"MsoListParagraphCxSpMiddle\" style=\"text-indent:-18pt;\"><!-- [if !supportLists]--><span lang=\"pt\" style=\"font-size:8.5pt;line-height:115%;font-family:Verdana, sans-serif;\" xml:lang=\"pt\">3.<span style=\"font-size:7pt;line-height:normal;font-family:'Times New Roman';\">\u00a0\u00a0\u00a0\u00a0 <\/span><\/span><!--[endif]--><span lang=\"pt\" style=\"font-size:8.5pt;line-height:115%;font-family:Verdana, sans-serif;\" xml:lang=\"pt\">Coloque numa travessa e espalhe os ovos cortados a gosto por cima da salada.<br \/>Leve ao frigor\u00edfico at\u00e9 ficar bem fresquinha.<\/span><\/p>\n<\/p>\n<p class=\"MsoListParagraphCxSpLast\" style=\"text-indent:-18pt;\"><!-- [if !supportLists]--><span lang=\"pt\" style=\"font-size:8.5pt;line-height:115%;font-family:Verdana, sans-serif;\" xml:lang=\"pt\">4.<span style=\"font-size:7pt;line-height:normal;font-family:'Times New Roman';\">\u00a0\u00a0\u00a0\u00a0 <\/span><\/span><!--[endif]--><span lang=\"pt\" style=\"font-size:8.5pt;line-height:115%;font-family:Verdana, sans-serif;\" xml:lang=\"pt\">Na hora de servir, decore a gosto.<\/span><\/p>\n<\/p>\n<p class=\"MsoNormal\"><b><span style=\"font-size:8.5pt;line-height:115%;font-family:Verdana, sans-serif;\">Ingredientes<\/span><\/b><\/p>\n<p><b><\/b><\/p>\n<p><b><\/b><\/p>\n<p class=\"MsoNormal\" style=\"margin-left:36pt;text-indent:-18pt;\"><!-- [if !supportLists]--><span style=\"font-size:8.5pt;line-height:115%;font-family:Arial, sans-serif;\">\u2022<span style=\"font-size:7pt;line-height:normal;font-family:'Times New Roman';\">\u00a0\u00a0\u00a0\u00a0\u00a0\u00a0 <\/span><\/span><!--[endif]--><span lang=\"pt-br\" style=\"font-size:8.5pt;line-height:115%;font-family:Verdana, sans-serif;background:#FFFFFF;\" xml:lang=\"pt-br\">550g de feij\u00e3o frade cozido<\/span><span style=\"font-size:8.5pt;line-height:115%;font-family:Verdana, sans-serif;\"><\/span><\/p>\n<\/p>\n<p class=\"MsoNormal\" style=\"margin-left:36pt;text-indent:-18pt;\"><!-- [if !supportLists]--><span lang=\"pt\" style=\"font-size:8.5pt;line-height:115%;font-family:Arial, sans-serif;\" xml:lang=\"pt\">\u2022<span style=\"font-size:7pt;line-height:normal;font-family:'Times New Roman';\">\u00a0\u00a0\u00a0\u00a0\u00a0\u00a0 <\/span><\/span><!--[endif]--><span lang=\"pt-br\" style=\"font-size:8.5pt;line-height:115%;font-family:Verdana, sans-serif;background:#FFFFFF;\" xml:lang=\"pt-br\">255g de atum de conserva escorrido<\/span><span lang=\"pt\" style=\"font-size:8.5pt;line-height:115%;font-family:Verdana, sans-serif;\" xml:lang=\"pt\"><\/span><\/p>\n<\/p>\n<p class=\"MsoNormal\" style=\"margin-left:36pt;text-indent:-18pt;\"><!-- [if !supportLists]--><span style=\"font-size:8.5pt;line-height:115%;font-family:Arial, sans-serif;\">\u2022<span style=\"font-size:7pt;line-height:normal;font-family:'Times New Roman';\">\u00a0\u00a0\u00a0\u00a0\u00a0\u00a0 <\/span><\/span><!--[endif]--><span lang=\"pt-br\" style=\"font-size:8.5pt;line-height:115%;font-family:Verdana, sans-serif;background:#FFFFFF;\" xml:lang=\"pt-br\">1 cebola picada<\/span><span style=\"font-size:8.5pt;line-height:115%;font-family:Verdana, sans-serif;\"><\/span><\/p>\n<\/p>\n<p class=\"MsoNormal\" style=\"margin-left:36pt;text-indent:-18pt;\"><!-- [if !supportLists]--><span style=\"font-size:8.5pt;line-height:115%;font-family:Arial, sans-serif;\">\u2022<span style=\"font-size:7pt;line-height:normal;font-family:'Times New Roman';\">\u00a0\u00a0\u00a0\u00a0\u00a0\u00a0 <\/span><\/span><!--[endif]--><span lang=\"pt-br\" style=\"font-size:8.5pt;line-height:115%;font-family:Verdana, sans-serif;background:#FFFFFF;\" xml:lang=\"pt-br\">2 dentes de alho picados<\/span><span style=\"font-size:8.5pt;line-height:115%;font-family:Verdana, sans-serif;\"><\/span><\/p>\n<\/p>\n<p class=\"MsoNormal\" style=\"margin-left:36pt;text-indent:-18pt;\"><!-- [if !supportLists]--><span style=\"font-size:8.5pt;line-height:115%;font-family:Arial, sans-serif;\">\u2022<span style=\"font-size:7pt;line-height:normal;font-family:'Times New Roman';\">\u00a0\u00a0\u00a0\u00a0\u00a0\u00a0 <\/span><\/span><!--[endif]--><span lang=\"pt-br\" style=\"font-size:8.5pt;line-height:115%;font-family:Verdana, sans-serif;background:#FFFFFF;\" xml:lang=\"pt-br\">Salsa picada q.b.<\/span><span style=\"font-size:8.5pt;line-height:115%;font-family:Verdana, sans-serif;\"><\/span><\/p>\n<\/p>\n<p class=\"MsoNormal\" style=\"margin-left:36pt;text-indent:-18pt;\"><!-- [if !supportLists]--><span style=\"font-size:8.5pt;line-height:115%;font-family:Arial, sans-serif;\">\u2022<span style=\"font-size:7pt;line-height:normal;font-family:'Times New Roman';\">\u00a0\u00a0\u00a0\u00a0\u00a0\u00a0 <\/span><\/span><!--[endif]--><span lang=\"pt-br\" style=\"font-size:8.5pt;line-height:115%;font-family:Verdana, sans-serif;background:#FFFFFF;\" xml:lang=\"pt-br\">3 ovos cozidos<\/span><span style=\"font-size:8.5pt;line-height:115%;font-family:Verdana, sans-serif;\"><\/span><\/p>\n<\/p>\n<p class=\"MsoNormal\" style=\"margin-left:36pt;text-indent:-18pt;\"><!-- [if !supportLists]--><span style=\"font-size:8.5pt;line-height:115%;font-family:Arial, sans-serif;\">\u2022<span style=\"font-size:7pt;line-height:normal;font-family:'Times New Roman';\">\u00a0\u00a0\u00a0\u00a0\u00a0\u00a0 <\/span><\/span><!--[endif]--><span lang=\"pt-br\" style=\"font-size:8.5pt;line-height:115%;font-family:Verdana, sans-serif;background:#FFFFFF;\" xml:lang=\"pt-br\">Azeite q.b.<\/span><span style=\"font-size:8.5pt;line-height:115%;font-family:Verdana, sans-serif;\"><\/span><\/p>\n<\/p>\n<p class=\"MsoNormal\" style=\"margin-left:36pt;text-indent:-18pt;\"><!-- [if !supportLists]--><span style=\"font-size:8.5pt;line-height:115%;font-family:Arial, sans-serif;\">\u2022<span style=\"font-size:7pt;line-height:normal;font-family:'Times New Roman';\">\u00a0\u00a0\u00a0\u00a0\u00a0\u00a0 <\/span><\/span><!--[endif]--><span lang=\"pt-br\" style=\"font-size:8.5pt;line-height:115%;font-family:Verdana, sans-serif;background:#FFFFFF;\" xml:lang=\"pt-br\">Vinagre q.b.<\/span><span style=\"font-size:8.5pt;line-height:115%;font-family:Verdana, sans-serif;\"><\/span><\/p>\n<\/p>\n<p class=\"MsoNormal\" style=\"margin-left:36pt;text-indent:-18pt;\"><!-- [if !supportLists]--><span style=\"font-size:8.5pt;line-height:115%;font-family:Arial, sans-serif;\">\u2022<span style=\"font-size:7pt;line-height:normal;font-family:'Times New Roman';\">\u00a0\u00a0\u00a0\u00a0\u00a0\u00a0 <\/span><\/span><!--[endif]--><span lang=\"pt-br\" style=\"font-size:8.5pt;line-height:115%;font-family:Verdana, sans-serif;background:#FFFFFF;\" xml:lang=\"pt-br\">Sal fino q.b.<\/span><span style=\"font-size:8.5pt;line-height:115%;font-family:Verdana, sans-serif;\"><\/span><\/p>\n<\/p>\n<p class=\"MsoNormal\" style=\"margin-left:36pt;text-indent:-18pt;\"><!-- [if !supportLists]--><span style=\"font-size:8.5pt;line-height:115%;font-family:Arial, sans-serif;\">\u2022<span style=\"font-size:7pt;line-height:normal;font-family:'Times New Roman';\">\u00a0\u00a0\u00a0\u00a0\u00a0\u00a0 <\/span><\/span><!--[endif]--><span lang=\"pt-br\" style=\"font-size:8.5pt;line-height:115%;font-family:Verdana, sans-serif;background:#FFFFFF;\" xml:lang=\"pt-br\">Pimenta q.b.<\/span><span style=\"font-size:8.5pt;line-height:115%;font-family:Verdana, sans-serif;\"><\/span><\/p><\/p>\n","protected":false},"excerpt":{"rendered":"<p style=\"background:#FFFFFF;margin:0cm 0cm 11.25pt 0cm;\"><span style=\"font-size:11pt;font-family:Calibri, sans-serif;color:#000000;\">. Recipe at the Table<\/span><span style=\"font-size:11pt;font-family:Calibri, sans-serif;\"><\/span><\/p>\n<p style=\"background:#FFFFFF;margin:0cm 0cm 11.25pt 0cm;\"><span style=\"font-size:11pt;font-family:Calibri, sans-serif;color:#000000;\">. Salada de Atum com Feijao Frade <\/span><span style=\"font-family:Calibri, sans-serif;font-size:11pt;\"><span style=\"font-family:Calibri, sans-serif;\"><span style=\"font-size:11pt;\">recipe<\/span><\/span><\/span><\/p>\n<p style=\"margin:0cm;background:#FFFFFF;\"><span style=\"font-size:11pt;font-family:Calibri, sans-serif;color:#000000;background:#FFFFFF;\">. Tasty and Simple<\/span><span style=\"font-size:11pt;font-family:Calibri, sans-serif;background:#FFFFFF;\"><\/span><\/p><\/p>\n","protected":false},"author":43533,"featured_media":95914,"comment_status":"open","ping_status":"closed","template":"","meta":[],"pwb-brand":[],"product_brand":[],"product_cat":[8289,8445,8433,8429],"product_tag":[],"class_list":{"0":"post-217384","1":"product","2":"type-product","3":"status-publish","4":"has-post-thumbnail","6":"product_cat-inicio","7":"product_cat-receitas-a-mesa-pt-pt-produtos-portugueses","8":"product_cat-receitas-a-mesa-pt-pt","9":"product_cat-receitas-a-mesa","11":"first","12":"instock","13":"taxable","14":"shipping-taxable","15":"purchasable","16":"product-type-simple"},"aioseo_notices":[],"brands":[],"_links":{"self":[{"href":"https:\/\/www.delicias-uk.com\/pt-pt\/wp-json\/wp\/v2\/product\/217384","targetHints":{"allow":["GET"]}}],"collection":[{"href":"https:\/\/www.delicias-uk.com\/pt-pt\/wp-json\/wp\/v2\/product"}],"about":[{"href":"https:\/\/www.delicias-uk.com\/pt-pt\/wp-json\/wp\/v2\/types\/product"}],"author":[{"embeddable":true,"href":"https:\/\/www.delicias-uk.com\/pt-pt\/wp-json\/wp\/v2\/users\/43533"}],"replies":[{"embeddable":true,"href":"https:\/\/www.delicias-uk.com\/pt-pt\/wp-json\/wp\/v2\/comments?post=217384"}],"wp:featuredmedia":[{"embeddable":true,"href":"https:\/\/www.delicias-uk.com\/pt-pt\/wp-json\/wp\/v2\/media\/95914"}],"wp:attachment":[{"href":"https:\/\/www.delicias-uk.com\/pt-pt\/wp-json\/wp\/v2\/media?parent=217384"}],"wp:term":[{"taxonomy":"pwb-brand","embeddable":true,"href":"https:\/\/www.delicias-uk.com\/pt-pt\/wp-json\/wp\/v2\/pwb-brand?post=217384"},{"taxonomy":"product_brand","embeddable":true,"href":"https:\/\/www.delicias-uk.com\/pt-pt\/wp-json\/wp\/v2\/product_brand?post=217384"},{"taxonomy":"product_cat","embeddable":true,"href":"https:\/\/www.delicias-uk.com\/pt-pt\/wp-json\/wp\/v2\/product_cat?post=217384"},{"taxonomy":"product_tag","embeddable":true,"href":"https:\/\/www.delicias-uk.com\/pt-pt\/wp-json\/wp\/v2\/product_tag?post=217384"}],"curies":[{"name":"wp","href":"https:\/\/api.w.org\/{rel}","templated":true}]}}