{"id":217380,"date":"2024-05-28T12:11:10","date_gmt":"2024-05-28T11:11:10","guid":{"rendered":"https:\/\/www.delicias-uk.com\/product\/kit-para-polvo-a-lagareiro\/"},"modified":"2026-01-30T16:19:39","modified_gmt":"2026-01-30T16:19:39","slug":"kit-para-polvo-a-lagareiro","status":"publish","type":"product","link":"https:\/\/www.delicias-uk.com\/pt-pt\/produto\/kit-para-polvo-a-lagareiro\/","title":{"rendered":"Kit para Polvo a Lagareiro"},"content":{"rendered":"<p class=\"MsoNormal\"><span lang=\"pt-br\" style=\"font-size: 8.5pt;line-height: 115%;font-family: Verdana, sans-serif\" xml:lang=\"pt-br\">\u00c9 um dos pratos mais populares de polvo, entre os portugueses. Bem regado com azeite, temperado com muito alho e acompanhado de batatas assadas, n\u00e3o h\u00e1 quem lhe resista.<\/span><\/p>\n<p class=\"MsoNormal\"><span lang=\"pt-br\" style=\"font-size: 8.5pt;line-height: 115%;font-family: Verdana, sans-serif\" xml:lang=\"pt-br\">\u00a0<\/span><\/p>\n<p class=\"MsoNormal\"><span lang=\"pt\" style=\"font-size: 8.5pt;line-height: 115%;font-family: Verdana, sans-serif\" xml:lang=\"pt\">FRZS-OCT3692\u00a0 Polvo Canosa (0.8-1.2 Zero Vidragem) +\/-1kg<\/span><\/p>\n<p class=\"MsoNormal\"><span lang=\"pt\" style=\"font-size: 8.5pt;line-height: 115%;font-family: Verdana, sans-serif\" xml:lang=\"pt\">OIL-OLI5874\u00a0\u00a0\u00a0\u00a0\u00a0 Azeite Os Seleccao Maduro 250ml<\/span><\/p>\n<p class=\"MsoNormal\"><span lang=\"pt\" style=\"font-size: 8.5pt;line-height: 115%;font-family: Verdana, sans-serif\" xml:lang=\"pt\">\u00a0<\/span><\/p>\n<p class=\"MsoNormal\"><b><span style=\"font-size: 8.5pt;line-height: 115%;font-family: Verdana, sans-serif\">Prepara\u00e7\u00e3o<\/span><\/b><\/p>\n<p class=\"MsoNormal\" style=\"margin-left: 36pt;text-indent: -18pt\"><!-- [if !supportLists]--><span lang=\"pt\" style=\"font-size: 8.5pt;line-height: 115%;font-family: Verdana, sans-serif\" xml:lang=\"pt\">1.<span style=\"font-size: 7pt;line-height: normal;font-family: 'Times New Roman'\">\u00a0\u00a0\u00a0\u00a0 <\/span><\/span><!--[endif]--><span lang=\"pt-br\" style=\"font-size: 8.5pt;line-height: 115%;font-family: Verdana, sans-serif;background: #FFFFFF\" xml:lang=\"pt-br\">Pr\u00e9-aque\u00e7a o forno a 160 \u00baC.<\/span><\/p>\n<p class=\"MsoNormal\" style=\"margin-left: 36pt;text-indent: -18pt\"><!-- [if !supportLists]--><span lang=\"pt\" style=\"font-size: 8.5pt;line-height: 115%;font-family: Verdana, sans-serif\" xml:lang=\"pt\">2.<span style=\"font-size: 7pt;line-height: normal;font-family: 'Times New Roman'\">\u00a0\u00a0\u00a0\u00a0 <\/span><\/span><!--[endif]--><span lang=\"pt-br\" style=\"font-size: 8.5pt;line-height: 115%;font-family: Verdana, sans-serif;background: #FFFFFF\" xml:lang=\"pt-br\">Numa panela grande coza o polvo com cerca de 5 litros de \u00e1gua, 50 ml de azeite, uma cabe\u00e7a de alho esmagada e uma cebola com casca.<\/span><\/p>\n<p class=\"MsoNormal\" style=\"margin-left: 36pt;text-indent: -18pt\"><!-- [if !supportLists]--><span lang=\"pt\" style=\"font-size: 8.5pt;line-height: 115%;font-family: Verdana, sans-serif\" xml:lang=\"pt\">3.<span style=\"font-size: 7pt;line-height: normal;font-family: 'Times New Roman'\">\u00a0\u00a0\u00a0\u00a0 <\/span><\/span><!--[endif]--><span lang=\"pt-br\" style=\"font-size: 8.5pt;line-height: 115%;font-family: Verdana, sans-serif;background: #FFFFFF\" xml:lang=\"pt-br\">Coza durante 40 minutos, at\u00e9 estar tenro. Verifique espetando um garfo nos tent\u00e1culos mais grossos. Tempere com o sal e deixe-o arrefecer na pr\u00f3pria \u00e1gua.<\/span><\/p>\n<p class=\"MsoNormal\" style=\"margin-left: 36pt;text-indent: -18pt\"><!-- [if !supportLists]--><span lang=\"pt\" style=\"font-size: 8.5pt;line-height: 115%;font-family: Verdana, sans-serif\" xml:lang=\"pt\">4.<span style=\"font-size: 7pt;line-height: normal;font-family: 'Times New Roman'\">\u00a0\u00a0\u00a0\u00a0 <\/span><\/span><!--[endif]--><span lang=\"pt-br\" style=\"font-size: 8.5pt;line-height: 115%;font-family: Verdana, sans-serif;background: #FFFFFF\" xml:lang=\"pt-br\">Separe a cabe\u00e7a dos tent\u00e1culos, reservando-os numa travessa de ir ao forno.<\/span><\/p>\n<p class=\"MsoNormal\" style=\"margin-left: 36pt;text-indent: -18pt\"><!-- [if !supportLists]--><span lang=\"pt\" style=\"font-size: 8.5pt;line-height: 115%;font-family: Verdana, sans-serif\" xml:lang=\"pt\">5.<span style=\"font-size: 7pt;line-height: normal;font-family: 'Times New Roman'\">\u00a0\u00a0\u00a0\u00a0 <\/span><\/span><!--[endif]--><span lang=\"pt-br\" style=\"font-size: 8.5pt;line-height: 115%;font-family: Verdana, sans-serif;background: #FFFFFF\" xml:lang=\"pt-br\">Lave bem as batatinhas e envolva-as no sal. Para que fiquem macias, leve-as ao forno a 160 \u00baC, durante 35 minutos.<\/span><\/p>\n<p class=\"MsoNormal\" style=\"margin-left: 36pt;text-indent: -18pt\"><!-- [if !supportLists]--><span lang=\"pt\" style=\"font-size: 8.5pt;line-height: 115%;font-family: Verdana, sans-serif\" xml:lang=\"pt\">6.<span style=\"font-size: 7pt;line-height: normal;font-family: 'Times New Roman'\">\u00a0\u00a0\u00a0\u00a0 <\/span><\/span><!--[endif]--><span lang=\"pt-br\" style=\"font-size: 8.5pt;line-height: 115%;font-family: Verdana, sans-serif;background: #FFFFFF\" xml:lang=\"pt-br\">Sacuda bem o sal das batatas e junte-as aos tent\u00e1culos. Aumente a temperatura do forno para 180 \u00baC.<\/span><\/p>\n<p class=\"MsoNormal\" style=\"margin-left: 36pt;text-indent: -18pt\"><!-- [if !supportLists]--><span lang=\"pt\" style=\"font-size: 8.5pt;line-height: 115%;font-family: Verdana, sans-serif\" xml:lang=\"pt\">7.<span style=\"font-size: 7pt;line-height: normal;font-family: 'Times New Roman'\">\u00a0\u00a0\u00a0\u00a0 <\/span><\/span><!--[endif]--><span lang=\"pt-br\" style=\"font-size: 8.5pt;line-height: 115%;font-family: Verdana, sans-serif;background: #FFFFFF\" xml:lang=\"pt-br\">Regue o polvo e as batatas com 200 ml de azeite, distribua os dentes de alho esmagados e as folhas de louro pela travessa e polvilhe com pimenta branca de moinho.<\/span><\/p>\n<p class=\"MsoNormal\" style=\"margin-left: 36pt;text-indent: -18pt\"><!-- [if !supportLists]--><span lang=\"pt\" style=\"font-size: 8.5pt;line-height: 115%;font-family: Verdana, sans-serif\" xml:lang=\"pt\">8.<span style=\"font-size: 7pt;line-height: normal;font-family: 'Times New Roman'\">\u00a0\u00a0\u00a0\u00a0 <\/span><\/span><!--[endif]--><span lang=\"pt-br\" style=\"font-size: 8.5pt;line-height: 115%;font-family: Verdana, sans-serif;background: #FFFFFF\" xml:lang=\"pt-br\">Leve ao forno. Quando o polvo estiver dourado est\u00e1 pronto.<\/span><\/p>\n<p class=\"MsoNormal\" style=\"margin-left: 36pt;text-indent: -18pt\"><!-- [if !supportLists]--><span lang=\"pt\" style=\"font-size: 8.5pt;line-height: 115%;font-family: Verdana, sans-serif\" xml:lang=\"pt\">9.<span style=\"font-size: 7pt;line-height: normal;font-family: 'Times New Roman'\">\u00a0\u00a0\u00a0\u00a0 <\/span><\/span><!--[endif]--><span lang=\"pt-br\" style=\"font-size: 8.5pt;line-height: 115%;font-family: Verdana, sans-serif;background: #FFFFFF\" xml:lang=\"pt-br\">Polvilhe a travessa com salsa picada e sirva o polvo \u00e0 lagareiro de imediato.<\/span><\/p>\n<p class=\"MsoNormal\"><span lang=\"pt\" style=\"font-size: 8.5pt;line-height: 115%;font-family: Verdana, sans-serif\" xml:lang=\"pt\">\u00a0<\/span><\/p>\n<p class=\"MsoNormal\"><b><span style=\"font-size: 8.5pt;line-height: 115%;font-family: Verdana, sans-serif\">Ingredientes<\/span><\/b><\/p>\n<p>&nbsp;<\/p>\n<p>&nbsp;<\/p>\n<p class=\"MsoNormal\" style=\"margin-left: 36pt;text-indent: -18pt\"><!-- [if !supportLists]--><span style=\"font-size: 8.5pt;line-height: 115%;font-family: Arial, sans-serif\">\u2022<span style=\"font-size: 7pt;line-height: normal;font-family: 'Times New Roman'\">\u00a0\u00a0\u00a0\u00a0\u00a0\u00a0 <\/span><\/span><!--[endif]--><span lang=\"pt-br\" style=\"font-size: 8.5pt;line-height: 115%;font-family: Verdana, sans-serif\" xml:lang=\"pt-br\">Polvo 1.5kg<\/span><\/p>\n<p class=\"MsoNormal\" style=\"margin-left: 36pt;text-indent: -18pt\"><!-- [if !supportLists]--><span style=\"font-size: 8.5pt;line-height: 115%;font-family: Arial, sans-serif\">\u2022<span style=\"font-size: 7pt;line-height: normal;font-family: 'Times New Roman'\">\u00a0\u00a0\u00a0\u00a0\u00a0\u00a0 <\/span><\/span><!--[endif]--><span lang=\"pt-br\" style=\"font-size: 8.5pt;line-height: 115%;font-family: Verdana, sans-serif\" xml:lang=\"pt-br\">Azeite 250ml<\/span><\/p>\n<p class=\"MsoNormal\" style=\"margin-left: 36pt;text-indent: -18pt\"><!-- [if !supportLists]--><span style=\"font-size: 8.5pt;line-height: 115%;font-family: Arial, sans-serif\">\u2022<span style=\"font-size: 7pt;line-height: normal;font-family: 'Times New Roman'\">\u00a0\u00a0\u00a0\u00a0\u00a0\u00a0 <\/span><\/span><!--[endif]--><span lang=\"pt-br\" style=\"font-size: 8.5pt;line-height: 115%;font-family: Verdana, sans-serif\" xml:lang=\"pt-br\">Alho 2 cabecas<\/span><\/p>\n<p class=\"MsoNormal\" style=\"margin-left: 36pt;text-indent: -18pt\"><!-- [if !supportLists]--><span style=\"font-size: 8.5pt;line-height: 115%;font-family: Arial, sans-serif\">\u2022<span style=\"font-size: 7pt;line-height: normal;font-family: 'Times New Roman'\">\u00a0\u00a0\u00a0\u00a0\u00a0\u00a0 <\/span><\/span><!--[endif]--><span lang=\"pt-br\" style=\"font-size: 8.5pt;line-height: 115%;font-family: Verdana, sans-serif\" xml:lang=\"pt-br\">Cebola 1 unidade<\/span><\/p>\n<p class=\"MsoNormal\" style=\"margin-left: 36pt;text-indent: -18pt\"><!-- [if !supportLists]--><span style=\"font-size: 8.5pt;line-height: 115%;font-family: Arial, sans-serif\">\u2022<span style=\"font-size: 7pt;line-height: normal;font-family: 'Times New Roman'\">\u00a0\u00a0\u00a0\u00a0\u00a0\u00a0 <\/span><\/span><!--[endif]--><span lang=\"pt-br\" style=\"font-size: 8.5pt;line-height: 115%;font-family: Verdana, sans-serif\" xml:lang=\"pt-br\">Sal 1 colherde sopa<\/span><\/p>\n<p class=\"MsoNormal\" style=\"margin-left: 36pt;text-indent: -18pt\"><!-- [if !supportLists]--><span style=\"font-size: 8.5pt;line-height: 115%;font-family: Arial, sans-serif\">\u2022<span style=\"font-size: 7pt;line-height: normal;font-family: 'Times New Roman'\">\u00a0\u00a0\u00a0\u00a0\u00a0\u00a0 <\/span><\/span><!--[endif]--><span lang=\"pt-br\" style=\"font-size: 8.5pt;line-height: 115%;font-family: Verdana, sans-serif\" xml:lang=\"pt-br\">Batata para Assar 900g<\/span><\/p>\n<p class=\"MsoNormal\" style=\"margin-left: 36pt;text-indent: -18pt\"><!-- [if !supportLists]--><span style=\"font-size: 8.5pt;line-height: 115%;font-family: Arial, sans-serif\">\u2022<span style=\"font-size: 7pt;line-height: normal;font-family: 'Times New Roman'\">\u00a0\u00a0\u00a0\u00a0\u00a0\u00a0 <\/span><\/span><!--[endif]--><span lang=\"pt-br\" style=\"font-size: 8.5pt;line-height: 115%;font-family: Verdana, sans-serif\" xml:lang=\"pt-br\">Louro 2 folhas<\/span><\/p>\n<p class=\"MsoNormal\" style=\"margin-left: 36pt;text-indent: -18pt\"><!-- [if !supportLists]--><span style=\"font-size: 8.5pt;line-height: 115%;font-family: Arial, sans-serif\">\u2022<span style=\"font-size: 7pt;line-height: normal;font-family: 'Times New Roman'\">\u00a0\u00a0\u00a0\u00a0\u00a0\u00a0 <\/span><\/span><!--[endif]--><span lang=\"pt-br\" style=\"font-size: 8.5pt;line-height: 115%;font-family: Verdana, sans-serif\" xml:lang=\"pt-br\">Pimenta branca <\/span><\/p>\n<p class=\"MsoNormal\" style=\"margin-left: 36pt;text-indent: -18pt\"><!-- [if !supportLists]--><span style=\"font-size: 8.5pt;line-height: 115%;font-family: Arial, sans-serif\">\u2022<span style=\"font-size: 7pt;line-height: normal;font-family: 'Times New Roman'\">\u00a0\u00a0\u00a0\u00a0\u00a0\u00a0 <\/span><\/span><!--[endif]--><span lang=\"pt-br\" style=\"font-size: 8.5pt;line-height: 115%;font-family: Verdana, sans-serif\" xml:lang=\"pt-br\">Salsa<\/span><\/p>\n","protected":false},"excerpt":{"rendered":"<p style=\"background: #FFFFFF;margin: 0cm 0cm 11.25pt 0cm\"><span style=\"font-size: 11pt;font-family: Calibri, sans-serif;color: #000000\">. Recipe at the Table<\/span><\/p>\n<p style=\"background: #FFFFFF;margin: 0cm 0cm 11.25pt 0cm\"><span style=\"font-size: 11pt;font-family: Calibri, sans-serif;color: #000000\">. Polvo a Lagareiro <\/span><span style=\"font-family: Calibri, sans-serif;font-size: 11pt\"><span style=\"font-family: Calibri, sans-serif\"><span style=\"font-size: 11pt\">recipe<\/span><\/span><\/span><\/p>\n<p style=\"margin: 0cm;background: #FFFFFF\"><span style=\"font-size: 11pt;font-family: Calibri, sans-serif;color: #000000;background: #FFFFFF\">. Tasty and Simple<\/span><\/p>\n","protected":false},"author":43533,"featured_media":95901,"comment_status":"open","ping_status":"closed","template":"","meta":[],"pwb-brand":[],"product_brand":[],"product_cat":[8289,8445,8433,8429],"product_tag":[],"class_list":{"0":"post-217380","1":"product","2":"type-product","3":"status-publish","4":"has-post-thumbnail","6":"product_cat-inicio","7":"product_cat-receitas-a-mesa-pt-pt-produtos-portugueses","8":"product_cat-receitas-a-mesa-pt-pt","9":"product_cat-receitas-a-mesa","11":"first","12":"instock","13":"taxable","14":"shipping-taxable","15":"purchasable","16":"product-type-simple"},"aioseo_notices":[],"brands":[],"_links":{"self":[{"href":"https:\/\/www.delicias-uk.com\/pt-pt\/wp-json\/wp\/v2\/product\/217380","targetHints":{"allow":["GET"]}}],"collection":[{"href":"https:\/\/www.delicias-uk.com\/pt-pt\/wp-json\/wp\/v2\/product"}],"about":[{"href":"https:\/\/www.delicias-uk.com\/pt-pt\/wp-json\/wp\/v2\/types\/product"}],"author":[{"embeddable":true,"href":"https:\/\/www.delicias-uk.com\/pt-pt\/wp-json\/wp\/v2\/users\/43533"}],"replies":[{"embeddable":true,"href":"https:\/\/www.delicias-uk.com\/pt-pt\/wp-json\/wp\/v2\/comments?post=217380"}],"wp:featuredmedia":[{"embeddable":true,"href":"https:\/\/www.delicias-uk.com\/pt-pt\/wp-json\/wp\/v2\/media\/95901"}],"wp:attachment":[{"href":"https:\/\/www.delicias-uk.com\/pt-pt\/wp-json\/wp\/v2\/media?parent=217380"}],"wp:term":[{"taxonomy":"pwb-brand","embeddable":true,"href":"https:\/\/www.delicias-uk.com\/pt-pt\/wp-json\/wp\/v2\/pwb-brand?post=217380"},{"taxonomy":"product_brand","embeddable":true,"href":"https:\/\/www.delicias-uk.com\/pt-pt\/wp-json\/wp\/v2\/product_brand?post=217380"},{"taxonomy":"product_cat","embeddable":true,"href":"https:\/\/www.delicias-uk.com\/pt-pt\/wp-json\/wp\/v2\/product_cat?post=217380"},{"taxonomy":"product_tag","embeddable":true,"href":"https:\/\/www.delicias-uk.com\/pt-pt\/wp-json\/wp\/v2\/product_tag?post=217380"}],"curies":[{"name":"wp","href":"https:\/\/api.w.org\/{rel}","templated":true}]}}