{"id":217378,"date":"2024-05-28T11:59:27","date_gmt":"2024-05-28T10:59:27","guid":{"rendered":"https:\/\/www.delicias-uk.com\/product\/kit-para-batida-de-pacoca\/"},"modified":"2026-01-09T16:29:28","modified_gmt":"2026-01-09T16:29:28","slug":"kit-para-batida-de-pacoca","status":"publish","type":"product","link":"https:\/\/www.delicias-uk.com\/pt-pt\/produto\/kit-para-batida-de-pacoca\/","title":{"rendered":"Kit para Batida de Pa\u00e7oca"},"content":{"rendered":"<p class=\"MsoNormal\"><span lang=\"pt\" style=\"font-size:8.5pt;line-height:115%;font-family:Verdana, sans-serif;\" xml:lang=\"pt\">Essa receita de batida de pa\u00e7oca vai te surpreender com seu sabor docinho. Confira o preparo e tenha um drink incr\u00edvel para sua festa!<\/span><\/p>\n<p class=\"MsoNormal\">\n<p class=\"MsoNormal\"><span lang=\"pt\" style=\"font-size:8.5pt;line-height:115%;font-family:Verdana, sans-serif;\" xml:lang=\"pt\">GRO-SNK5080\u00a0\u00a0 Pacoca Moreninha Rio Rolha 300g<\/span><\/p>\n<p class=\"MsoNormal\"><span lang=\"pt\" style=\"font-size:8.5pt;line-height:115%;font-family:Verdana, sans-serif;\" xml:lang=\"pt\">DAIR-MCO2002\u00a0 Leite Condensado Nestle\u00a0 370g<\/span><\/p>\n<p class=\"MsoNormal\"><span lang=\"pt\" style=\"font-size:8.5pt;line-height:115%;font-family:Verdana, sans-serif;\" xml:lang=\"pt\">DAIR-MCO2008\u00a0\u00a0\u00a0\u00a0 Creme De Leite Original Nestle Lata 170g X 2<\/span><\/p>\n<p class=\"MsoNormal\"><span lang=\"pt\" style=\"font-size:8.5pt;line-height:115%;font-family:Verdana, sans-serif;\" xml:lang=\"pt\">SPI-CAC7459\u00a0\u00a0\u00a0\u00a0 Cachaca Velho Barreiro 700ml<\/span><\/p>\n<\/p>\n<p class=\"MsoNormal\"><span lang=\"pt\" style=\"font-size:8.5pt;line-height:115%;font-family:Verdana, sans-serif;\" xml:lang=\"pt\">\u00a0<\/span><\/p>\n<p class=\"MsoNormal\"><b><span lang=\"pt\" style=\"font-size:8.5pt;line-height:115%;font-family:Verdana, sans-serif;\" xml:lang=\"pt\">Prepara\u00e7\u00e3o<\/span><\/b><span lang=\"pt\" style=\"font-size:8.5pt;line-height:115%;font-family:Verdana, sans-serif;\" xml:lang=\"pt\"><\/span><\/p>\n<\/p>\n<p class=\"MsoNormal\" style=\"margin-left:36pt;text-indent:-18pt;\"><!-- [if !supportLists]--><span lang=\"pt\" style=\"font-size:8.5pt;line-height:115%;font-family:Verdana, sans-serif;\" xml:lang=\"pt\">1.<span style=\"font-size:7pt;line-height:normal;font-family:'Times New Roman';\">\u00a0\u00a0\u00a0\u00a0 <\/span><\/span><!--[endif]--><span lang=\"pt-br\" style=\"font-size:8.5pt;line-height:115%;font-family:Verdana, sans-serif;\" xml:lang=\"pt-br\">Bata o leite condensado, o creme de leite e as pa\u00e7ocas no liquidificador.<\/span><span lang=\"pt\" style=\"font-size:8.5pt;line-height:115%;font-family:Verdana, sans-serif;\" xml:lang=\"pt\"><\/span><\/p>\n<\/p>\n<p class=\"MsoNormal\" style=\"margin-left:36pt;text-indent:-18pt;\"><!-- [if !supportLists]--><span lang=\"pt\" style=\"font-size:8.5pt;line-height:115%;font-family:Verdana, sans-serif;\" xml:lang=\"pt\">2.<span style=\"font-size:7pt;line-height:normal;font-family:'Times New Roman';\">\u00a0\u00a0\u00a0\u00a0 <\/span><\/span><!--[endif]--><span lang=\"pt-br\" style=\"font-size:8.5pt;line-height:115%;font-family:Verdana, sans-serif;\" xml:lang=\"pt-br\">Adicione aos poucos a cachaca , at\u00e9 que fique de seu agrado.<\/span><span lang=\"pt\" style=\"font-size:8.5pt;line-height:115%;font-family:Verdana, sans-serif;\" xml:lang=\"pt\"><\/span><\/p>\n<\/p>\n<p class=\"MsoNormal\" style=\"margin-left:36pt;text-indent:-18pt;\"><!-- [if !supportLists]--><span lang=\"pt\" style=\"font-size:8.5pt;line-height:115%;font-family:Verdana, sans-serif;\" xml:lang=\"pt\">3.<span style=\"font-size:7pt;line-height:normal;font-family:'Times New Roman';\">\u00a0\u00a0\u00a0\u00a0 <\/span><\/span><!--[endif]--><span lang=\"pt-br\" style=\"font-size:8.5pt;line-height:115%;font-family:Verdana, sans-serif;\" xml:lang=\"pt-br\">Sirva e decore com um pouco de pa\u00e7oca esfarelada ou amendoim mo\u00eddo e uma folha de hortel\u00e3.<\/span><span lang=\"pt\" style=\"font-size:8.5pt;line-height:115%;font-family:Verdana, sans-serif;\" xml:lang=\"pt\"><\/span><\/p>\n<\/p>\n<p class=\"MsoNormal\" style=\"margin-left:36pt;text-indent:-18pt;\"><!-- [if !supportLists]--><span lang=\"pt\" style=\"font-size:8.5pt;line-height:115%;font-family:Verdana, sans-serif;\" xml:lang=\"pt\">4.<span style=\"font-size:7pt;line-height:normal;font-family:'Times New Roman';\">\u00a0\u00a0\u00a0\u00a0 <\/span><\/span><!--[endif]--><span lang=\"pt-br\" style=\"font-size:8.5pt;line-height:115%;font-family:Verdana, sans-serif;\" xml:lang=\"pt-br\">Sirva em temperatura ambiente ou gelado.<\/span><span lang=\"pt\" style=\"font-size:8.5pt;line-height:115%;font-family:Verdana, sans-serif;\" xml:lang=\"pt\"><\/span><\/p>\n<\/p>\n<p class=\"MsoNormal\"><span lang=\"pt\" style=\"font-size:8.5pt;line-height:115%;font-family:Verdana, sans-serif;\" xml:lang=\"pt\">\u00a0<\/span><\/p>\n<p class=\"MsoNormal\"><b><span style=\"font-size:8.5pt;line-height:115%;font-family:Verdana, sans-serif;\">Ingredientes<\/span><\/b><\/p>\n<p><b><\/b><\/p>\n<p><b><\/b><\/p>\n<p class=\"MsoNormal\" style=\"margin-left:36pt;text-indent:-18pt;\"><!-- [if !supportLists]--><span lang=\"pt\" style=\"font-size:8.5pt;line-height:115%;font-family:Arial, sans-serif;\" xml:lang=\"pt\">\u2022<span style=\"font-size:7pt;line-height:normal;font-family:'Times New Roman';\">\u00a0\u00a0\u00a0\u00a0\u00a0\u00a0 <\/span><\/span><!--[endif]--><span lang=\"pt-br\" style=\"font-size:8.5pt;line-height:115%;font-family:Verdana, sans-serif;\" xml:lang=\"pt-br\">1 lata\/caixinha de leite condensado (395 g)<\/span><span lang=\"pt\" style=\"font-size:8.5pt;line-height:115%;font-family:Verdana, sans-serif;\" xml:lang=\"pt\"><\/span><\/p>\n<\/p>\n<p class=\"MsoNormal\" style=\"margin-left:36pt;text-indent:-18pt;\"><!-- [if !supportLists]--><span lang=\"pt\" style=\"font-size:8.5pt;line-height:115%;font-family:Arial, sans-serif;\" xml:lang=\"pt\">\u2022<span style=\"font-size:7pt;line-height:normal;font-family:'Times New Roman';\">\u00a0\u00a0\u00a0\u00a0\u00a0\u00a0 <\/span><\/span><!--[endif]--><span lang=\"pt-br\" style=\"font-size:8.5pt;line-height:115%;font-family:Verdana, sans-serif;\" xml:lang=\"pt-br\">2 latas\/caixinhas de creme de leite (400 g)<\/span><span lang=\"pt\" style=\"font-size:8.5pt;line-height:115%;font-family:Verdana, sans-serif;\" xml:lang=\"pt\"><\/span><\/p>\n<\/p>\n<p class=\"MsoNormal\" style=\"margin-left:36pt;text-indent:-18pt;\"><!-- [if !supportLists]--><span style=\"font-size:8.5pt;line-height:115%;font-family:Arial, sans-serif;\">\u2022<span style=\"font-size:7pt;line-height:normal;font-family:'Times New Roman';\">\u00a0\u00a0\u00a0\u00a0\u00a0\u00a0 <\/span><\/span><!--[endif]--><span lang=\"pt-br\" style=\"font-size:8.5pt;line-height:115%;font-family:Verdana, sans-serif;\" xml:lang=\"pt-br\">5 pa\u00e7ocas (100 g)<\/span><span style=\"font-size:8.5pt;line-height:115%;font-family:Verdana, sans-serif;\"><\/span><\/p>\n<\/p>\n<p class=\"MsoNormal\" style=\"margin-left:36pt;text-indent:-18pt;\"><!-- [if !supportLists]--><span style=\"font-size:8.5pt;line-height:115%;font-family:Arial, sans-serif;\">\u2022<span style=\"font-size:7pt;line-height:normal;font-family:'Times New Roman';\">\u00a0\u00a0\u00a0\u00a0\u00a0\u00a0 <\/span><\/span><!--[endif]--><span lang=\"pt-br\" style=\"font-size:8.5pt;line-height:115%;font-family:Verdana, sans-serif;\" xml:lang=\"pt-br\">Cachaca (200 a 300 ml)<\/span><span style=\"font-size:8.5pt;line-height:115%;font-family:Verdana, sans-serif;\"><\/span><\/p><\/p>\n","protected":false},"excerpt":{"rendered":"<p style=\"background:#FFFFFF;margin:0cm 0cm 11.25pt 0cm;\"><span style=\"font-size:11pt;font-family:Calibri, sans-serif;color:#000000;\">. Recipe at the Table<\/span><span style=\"font-size:11pt;font-family:Calibri, sans-serif;\"><\/span><\/p>\n<p style=\"background:#FFFFFF;margin:0cm 0cm 11.25pt 0cm;\"><span style=\"font-size:11pt;font-family:Calibri, sans-serif;color:#000000;\">. Batida<\/span><span style=\"font-family:Calibri, sans-serif;font-size:11pt;\"><span style=\"font-family:Calibri, sans-serif;\"><span style=\"font-size:14.6667px;\">\u00a0Pacoca<\/span><span style=\"font-size:11pt;\">\u00a0recipe<\/span><\/span><\/span><\/p>\n<p style=\"margin:0cm;background:#FFFFFF;\"><span style=\"font-size:11pt;font-family:Calibri, sans-serif;color:#000000;background:#FFFFFF;\">. Tasty and Simple<\/span><span style=\"font-size:11pt;font-family:Calibri, sans-serif;background:#FFFFFF;\"><\/span><\/p><\/p>\n","protected":false},"author":43533,"featured_media":95896,"comment_status":"open","ping_status":"closed","template":"","meta":[],"pwb-brand":[],"product_brand":[],"product_cat":[8289,8445,8433,8429],"product_tag":[],"class_list":{"0":"post-217378","1":"product","2":"type-product","3":"status-publish","4":"has-post-thumbnail","6":"product_cat-inicio","7":"product_cat-receitas-a-mesa-pt-pt-produtos-portugueses","8":"product_cat-receitas-a-mesa-pt-pt","9":"product_cat-receitas-a-mesa","11":"first","12":"instock","13":"taxable","14":"shipping-taxable","15":"purchasable","16":"product-type-simple"},"aioseo_notices":[],"brands":[],"_links":{"self":[{"href":"https:\/\/www.delicias-uk.com\/pt-pt\/wp-json\/wp\/v2\/product\/217378","targetHints":{"allow":["GET"]}}],"collection":[{"href":"https:\/\/www.delicias-uk.com\/pt-pt\/wp-json\/wp\/v2\/product"}],"about":[{"href":"https:\/\/www.delicias-uk.com\/pt-pt\/wp-json\/wp\/v2\/types\/product"}],"author":[{"embeddable":true,"href":"https:\/\/www.delicias-uk.com\/pt-pt\/wp-json\/wp\/v2\/users\/43533"}],"replies":[{"embeddable":true,"href":"https:\/\/www.delicias-uk.com\/pt-pt\/wp-json\/wp\/v2\/comments?post=217378"}],"wp:featuredmedia":[{"embeddable":true,"href":"https:\/\/www.delicias-uk.com\/pt-pt\/wp-json\/wp\/v2\/media\/95896"}],"wp:attachment":[{"href":"https:\/\/www.delicias-uk.com\/pt-pt\/wp-json\/wp\/v2\/media?parent=217378"}],"wp:term":[{"taxonomy":"pwb-brand","embeddable":true,"href":"https:\/\/www.delicias-uk.com\/pt-pt\/wp-json\/wp\/v2\/pwb-brand?post=217378"},{"taxonomy":"product_brand","embeddable":true,"href":"https:\/\/www.delicias-uk.com\/pt-pt\/wp-json\/wp\/v2\/product_brand?post=217378"},{"taxonomy":"product_cat","embeddable":true,"href":"https:\/\/www.delicias-uk.com\/pt-pt\/wp-json\/wp\/v2\/product_cat?post=217378"},{"taxonomy":"product_tag","embeddable":true,"href":"https:\/\/www.delicias-uk.com\/pt-pt\/wp-json\/wp\/v2\/product_tag?post=217378"}],"curies":[{"name":"wp","href":"https:\/\/api.w.org\/{rel}","templated":true}]}}