{"id":217370,"date":"2024-05-28T11:04:53","date_gmt":"2024-05-28T10:04:53","guid":{"rendered":"https:\/\/www.delicias-uk.com\/product\/kit-para-bobo-de-camarao\/"},"modified":"2026-01-09T16:26:42","modified_gmt":"2026-01-09T16:26:42","slug":"kit-para-bobo-de-camarao","status":"publish","type":"product","link":"https:\/\/www.delicias-uk.com\/pt-pt\/produto\/kit-para-bobo-de-camarao\/","title":{"rendered":"Kit para Bob\u00f3 de Camarao"},"content":{"rendered":"<p class=\"MsoNormal\"><span lang=\"pt-br\" style=\"font-size:8.5pt;line-height:115%;font-family:Verdana, sans-serif;\" xml:lang=\"pt-br\">O bob\u00f3 de camar\u00e3o \u00e9 uma iguaria que encanta paladares com sua mistura \u00fanica de ingredientes e texturas. Esta receita \u00e9 uma combina\u00e7\u00e3o perfeita entre a cremosidade do pur\u00ea de mandioca e a sucul\u00eancia dos camar\u00f5es, temperada com um toque especial de ervas e especiarias.<\/span><\/p>\n<p class=\"MsoNormal\"><span lang=\"pt-br\" style=\"font-size:8.5pt;line-height:115%;font-family:Verdana, sans-serif;\" xml:lang=\"pt-br\"><\/span><\/p>\n<p class=\"MsoNormal\"><span lang=\"pt\" style=\"font-size:8.5pt;line-height:115%;font-family:Verdana, sans-serif;\" xml:lang=\"pt\">FRZS-PRW3771\u00a0 Camarao B.Tigre S\/Cabeca (16-20) 750g<\/span><\/p>\n<\/p>\n<p class=\"MsoNormal\"><span lang=\"pt\" style=\"font-size:8.5pt;line-height:115%;font-family:Verdana, sans-serif;\" xml:lang=\"pt\">FRZV-VGT3878\u00a0\u00a0 Mandioca Yuca Trozo Congelada 1kg<\/span><\/p>\n<\/p>\n<p class=\"MsoNormal\"><span lang=\"pt\" style=\"font-size:8.5pt;line-height:115%;font-family:Verdana, sans-serif;\" xml:lang=\"pt\">OIL-VEG5944\u00a0 \u00a0\u00a0 Azeite De Dende Cepera 200ml<\/span><\/p>\n<\/p>\n<p class=\"MsoNormal\"><span lang=\"pt\" style=\"font-size:8.5pt;line-height:115%;font-family:Verdana, sans-serif;\" xml:lang=\"pt\">DAIR-MCO2005\u00a0 Leite De Coco Sococo 500ml<\/span><\/p>\n<\/p>\n<p class=\"MsoNormal\"><span lang=\"pt\" style=\"font-size:8.5pt;line-height:115%;font-family:Verdana, sans-serif;\" xml:lang=\"pt\">VEG-TOM8250\u00a0\u00a0\u00a0 Tomate Polpa Compal 500g<\/span><\/p>\n<\/p>\n<p class=\"MsoNormal\"><span lang=\"pt\" style=\"font-size:8.5pt;line-height:115%;font-family:Verdana, sans-serif;\" xml:lang=\"pt\">\u00a0<\/span><\/p>\n<p class=\"MsoNormal\"><b><span lang=\"pt\" style=\"font-size:8.5pt;line-height:115%;font-family:Verdana, sans-serif;\" xml:lang=\"pt\">Prepara\u00e7\u00e3o<\/span><\/b><\/p>\n<p><b><\/b><\/p>\n<p><b><\/b><\/p>\n<p class=\"MsoNormal\" style=\"margin-left:36pt;text-indent:-18pt;\"><!-- [if !supportLists]--><span lang=\"pt\" style=\"font-size:8.5pt;line-height:115%;font-family:Verdana, sans-serif;\" xml:lang=\"pt\">1.<span style=\"font-size:7pt;line-height:normal;font-family:'Times New Roman';\">\u00a0\u00a0\u00a0\u00a0 <\/span><\/span><!--[endif]--><span lang=\"pt-br\" style=\"font-size:8.5pt;line-height:115%;font-family:Verdana, sans-serif;\" xml:lang=\"pt-br\">Lave os camar\u00f5es e tempere com sal, alho, pimenta e lim\u00e3o, deixe marinar.Reserve<\/span><span lang=\"pt\" style=\"font-size:8.5pt;line-height:115%;font-family:Verdana, sans-serif;\" xml:lang=\"pt\"><\/span><\/p>\n<\/p>\n<p class=\"MsoNormal\" style=\"margin-left:36pt;text-indent:-18pt;\"><!-- [if !supportLists]--><span lang=\"pt\" style=\"font-size:8.5pt;line-height:115%;font-family:Verdana, sans-serif;\" xml:lang=\"pt\">2.<span style=\"font-size:7pt;line-height:normal;font-family:'Times New Roman';\">\u00a0\u00a0\u00a0\u00a0 <\/span><\/span><!--[endif]--><span lang=\"pt-br\" style=\"font-size:8.5pt;line-height:115%;font-family:Verdana, sans-serif;\" xml:lang=\"pt-br\">Pegue uma panela com \u00e1gua e cozinhe a mandioca em pedacinhos, com louro e a cebola em rodelas.<\/span><span lang=\"pt\" style=\"font-size:8.5pt;line-height:115%;font-family:Verdana, sans-serif;\" xml:lang=\"pt\"><\/span><\/p>\n<\/p>\n<p class=\"MsoNormal\" style=\"margin-left:36pt;text-indent:-18pt;\"><!-- [if !supportLists]--><span lang=\"pt\" style=\"font-size:8.5pt;line-height:115%;font-family:Verdana, sans-serif;\" xml:lang=\"pt\">3.<span style=\"font-size:7pt;line-height:normal;font-family:'Times New Roman';\">\u00a0\u00a0\u00a0\u00a0 <\/span><\/span><!--[endif]--><span lang=\"pt-br\" style=\"font-size:8.5pt;line-height:115%;font-family:Verdana, sans-serif;\" xml:lang=\"pt-br\">Quando estiver mole, acrescente um vidro de leite de coco.<\/span><span lang=\"pt\" style=\"font-size:8.5pt;line-height:115%;font-family:Verdana, sans-serif;\" xml:lang=\"pt\"><\/span><\/p>\n<\/p>\n<p class=\"MsoNormal\" style=\"margin-left:36pt;text-indent:-18pt;\"><!-- [if !supportLists]--><span lang=\"pt\" style=\"font-size:8.5pt;line-height:115%;font-family:Verdana, sans-serif;\" xml:lang=\"pt\">4.<span style=\"font-size:7pt;line-height:normal;font-family:'Times New Roman';\">\u00a0\u00a0\u00a0\u00a0 <\/span><\/span><!--[endif]--><span lang=\"pt-br\" style=\"font-size:8.5pt;line-height:115%;font-family:Verdana, sans-serif;\" xml:lang=\"pt-br\">Deixe esfriar um pouco e bata no liquidificador.<\/span><span lang=\"pt\" style=\"font-size:8.5pt;line-height:115%;font-family:Verdana, sans-serif;\" xml:lang=\"pt\"><\/span><\/p>\n<\/p>\n<p class=\"MsoNormal\" style=\"margin-left:36pt;text-indent:-18pt;\"><!-- [if !supportLists]--><span lang=\"pt\" style=\"font-size:8.5pt;line-height:115%;font-family:Verdana, sans-serif;\" xml:lang=\"pt\">5.<span style=\"font-size:7pt;line-height:normal;font-family:'Times New Roman';\">\u00a0\u00a0\u00a0\u00a0 <\/span><\/span><!--[endif]--><span lang=\"pt-br\" style=\"font-size:8.5pt;line-height:115%;font-family:Verdana, sans-serif;\" xml:lang=\"pt-br\">Esquente o azeite de oliva, junte a cebola ralada e deixe dourar.<\/span><span lang=\"pt\" style=\"font-size:8.5pt;line-height:115%;font-family:Verdana, sans-serif;\" xml:lang=\"pt\"><\/span><\/p>\n<\/p>\n<p class=\"MsoNormal\" style=\"margin-left:36pt;text-indent:-18pt;\"><!-- [if !supportLists]--><span lang=\"pt\" style=\"font-size:8.5pt;line-height:115%;font-family:Verdana, sans-serif;\" xml:lang=\"pt\">6.<span style=\"font-size:7pt;line-height:normal;font-family:'Times New Roman';\">\u00a0\u00a0\u00a0\u00a0 <\/span><\/span><!--[endif]--><span lang=\"pt-br\" style=\"font-size:8.5pt;line-height:115%;font-family:Verdana, sans-serif;\" xml:lang=\"pt-br\">Acrescente os camar\u00f5es e frite.<\/span><span lang=\"pt\" style=\"font-size:8.5pt;line-height:115%;font-family:Verdana, sans-serif;\" xml:lang=\"pt\"><\/span><\/p>\n<\/p>\n<p class=\"MsoNormal\" style=\"margin-left:36pt;text-indent:-18pt;\"><!-- [if !supportLists]--><span lang=\"pt\" style=\"font-size:8.5pt;line-height:115%;font-family:Verdana, sans-serif;\" xml:lang=\"pt\">7.<span style=\"font-size:7pt;line-height:normal;font-family:'Times New Roman';\">\u00a0\u00a0\u00a0\u00a0 <\/span><\/span><!--[endif]--><span lang=\"pt-br\" style=\"font-size:8.5pt;line-height:115%;font-family:Verdana, sans-serif;\" xml:lang=\"pt-br\">Adicione as 2 latas de pomarola, o cheiro-verde, o piment\u00e3o e deixe cozinhar por alguns minutos.<\/span><span lang=\"pt\" style=\"font-size:8.5pt;line-height:115%;font-family:Verdana, sans-serif;\" xml:lang=\"pt\"><\/span><\/p>\n<\/p>\n<p class=\"MsoNormal\" style=\"margin-left:36pt;text-indent:-18pt;\"><!-- [if !supportLists]--><span lang=\"pt\" style=\"font-size:8.5pt;line-height:115%;font-family:Verdana, sans-serif;\" xml:lang=\"pt\">8.<span style=\"font-size:7pt;line-height:normal;font-family:'Times New Roman';\">\u00a0\u00a0\u00a0\u00a0 <\/span><\/span><!--[endif]--><span lang=\"pt-br\" style=\"font-size:8.5pt;line-height:115%;font-family:Verdana, sans-serif;\" xml:lang=\"pt-br\">Junte na mesma panela, a mandioca batida no liquidificador, outro vidro de leite de coco e o azeite de dend\u00ea.<\/span><span lang=\"pt\" style=\"font-size:8.5pt;line-height:115%;font-family:Verdana, sans-serif;\" xml:lang=\"pt\"><\/span><\/p>\n<\/p>\n<p class=\"MsoNormal\" style=\"margin-left:36pt;text-indent:-18pt;\"><!-- [if !supportLists]--><span lang=\"pt\" style=\"font-size:8.5pt;line-height:115%;font-family:Verdana, sans-serif;\" xml:lang=\"pt\">9.<span style=\"font-size:7pt;line-height:normal;font-family:'Times New Roman';\">\u00a0\u00a0\u00a0\u00a0 <\/span><\/span><!--[endif]--><span lang=\"pt-br\" style=\"font-size:8.5pt;line-height:115%;font-family:Verdana, sans-serif;\" xml:lang=\"pt-br\">Deixe levantar fervura e est\u00e1 pronto.<\/span><span lang=\"pt\" style=\"font-size:8.5pt;line-height:115%;font-family:Verdana, sans-serif;\" xml:lang=\"pt\"><\/span><\/p>\n<\/p>\n<p class=\"MsoNormal\" style=\"margin-left:36pt;text-indent:-18pt;\"><span lang=\"pt-br\" style=\"font-size:8.5pt;line-height:115%;font-family:Verdana, sans-serif;\" xml:lang=\"pt-br\"><\/span><\/p>\n<p class=\"MsoNormal\"><b><span lang=\"pt\" style=\"font-size:8.5pt;line-height:115%;font-family:Verdana, sans-serif;\" xml:lang=\"pt\">Ingredientes<\/span><\/b><\/p>\n<p><b><\/b><\/p>\n<p><b><\/b><\/p>\n<p class=\"MsoNormal\"><b><span lang=\"pt-br\" style=\"font-size:8.5pt;line-height:115%;font-family:Verdana, sans-serif;\" xml:lang=\"pt-br\">. <\/span><\/b><span lang=\"pt-br\" style=\"font-size:8.5pt;line-height:115%;font-family:Verdana, sans-serif;\" xml:lang=\"pt-br\">1 kg de camar\u00e3o fresco<\/span><span lang=\"pt\" style=\"font-size:8.5pt;line-height:115%;font-family:Verdana, sans-serif;\" xml:lang=\"pt\"><\/span><\/p>\n<\/p>\n<p class=\"MsoNormal\"><span lang=\"pt-br\" style=\"font-size:8.5pt;line-height:115%;font-family:Verdana, sans-serif;\" xml:lang=\"pt-br\">. 3 dentes de alho picados e amassados<\/span><span lang=\"pt\" style=\"font-size:8.5pt;line-height:115%;font-family:Verdana, sans-serif;\" xml:lang=\"pt\"><\/span><\/p>\n<\/p>\n<p class=\"MsoNormal\"><span lang=\"pt\" style=\"font-size:8.5pt;line-height:115%;font-family:Verdana, sans-serif;\" xml:lang=\"pt\">. pimenta-do-reino<\/span><\/p>\n<\/p>\n<p class=\"MsoNormal\"><span lang=\"pt-br\" style=\"font-size:8.5pt;line-height:115%;font-family:Verdana, sans-serif;\" xml:lang=\"pt-br\">. 3 cebolas (1 cortada em rodelas e 2 raladas)<\/span><span lang=\"pt\" style=\"font-size:8.5pt;line-height:115%;font-family:Verdana, sans-serif;\" xml:lang=\"pt\"><\/span><\/p>\n<\/p>\n<p class=\"MsoNormal\"><span lang=\"pt\" style=\"font-size:8.5pt;line-height:115%;font-family:Verdana, sans-serif;\" xml:lang=\"pt\">. <\/span><span lang=\"pt-br\" style=\"font-size:8.5pt;line-height:115%;font-family:Verdana, sans-serif;\" xml:lang=\"pt-br\">6 colheres (sopa) de azeite de oliva<\/span><span lang=\"pt\" style=\"font-size:8.5pt;line-height:115%;font-family:Verdana, sans-serif;\" xml:lang=\"pt\"><\/span><\/p>\n<\/p>\n<p class=\"MsoNormal\"><span lang=\"pt-br\" style=\"font-size:8.5pt;line-height:115%;font-family:Verdana, sans-serif;\" xml:lang=\"pt-br\">. 1 ma\u00e7o de cheiro-verde picado<\/span><span lang=\"pt\" style=\"font-size:8.5pt;line-height:115%;font-family:Verdana, sans-serif;\" xml:lang=\"pt\"><\/span><\/p>\n<\/p>\n<p class=\"MsoNormal\"><span lang=\"pt-br\" style=\"font-size:8.5pt;line-height:115%;font-family:Verdana, sans-serif;\" xml:lang=\"pt-br\">. 2 piment\u00f5es verdes bem picadinhos<\/span><span lang=\"pt\" style=\"font-size:8.5pt;line-height:115%;font-family:Verdana, sans-serif;\" xml:lang=\"pt\"><\/span><\/p>\n<\/p>\n<p class=\"MsoNormal\"><span lang=\"pt\" style=\"font-size:8.5pt;line-height:115%;font-family:Verdana, sans-serif;\" xml:lang=\"pt\">. Sal<\/span><\/p>\n<\/p>\n<p class=\"MsoNormal\"><span lang=\"pt\" style=\"font-size:8.5pt;line-height:115%;font-family:Verdana, sans-serif;\" xml:lang=\"pt\">. suco de 1 lim\u00e3o<\/span><\/p>\n<\/p>\n<p class=\"MsoNormal\"><span lang=\"pt-br\" style=\"font-size:8.5pt;line-height:115%;font-family:Verdana, sans-serif;\" xml:lang=\"pt-br\">. 1 kg de mandioca (prefira as que j\u00e1 vem embaladas e descascadas, \u00e9 mais pr\u00e1tico)<\/span><span lang=\"pt\" style=\"font-size:8.5pt;line-height:115%;font-family:Verdana, sans-serif;\" xml:lang=\"pt\"><\/span><\/p>\n<\/p>\n<p class=\"MsoNormal\"><span lang=\"pt\" style=\"font-size:8.5pt;line-height:115%;font-family:Verdana, sans-serif;\" xml:lang=\"pt\">. 1 folha de louro<\/span><\/p>\n<\/p>\n<p class=\"MsoNormal\"><span lang=\"pt\" style=\"font-size:8.5pt;line-height:115%;font-family:Verdana, sans-serif;\" xml:lang=\"pt\">. 2 vidros de leite de coco<\/span><\/p>\n<\/p>\n<p class=\"MsoNormal\"><span lang=\"pt-br\" style=\"font-size:8.5pt;line-height:115%;font-family:Verdana, sans-serif;\" xml:lang=\"pt-br\">. 2 latas de molho pront no de tomate<\/span><span lang=\"pt\" style=\"font-size:8.5pt;line-height:115%;font-family:Verdana, sans-serif;\" xml:lang=\"pt\"><\/span><\/p>\n<\/p>\n<p class=\"MsoNormal\"><span lang=\"pt-br\" style=\"font-size:8.5pt;line-height:115%;font-family:Verdana, sans-serif;\" xml:lang=\"pt-br\">. 2 colheres (sopa) de azeite de dend\u00ea<\/span><span lang=\"pt\" style=\"font-size:8.5pt;line-height:115%;font-family:Verdana, sans-serif;\" xml:lang=\"pt\"><\/span><\/p>\n<\/p>\n<p class=\"MsoNormal\"><span lang=\"pt\" style=\"font-size:8.5pt;line-height:115%;font-family:Verdana, sans-serif;\" xml:lang=\"pt\">\u00a0<\/span><\/p>\n<p class=\"MsoNormal\">\n<p class=\"MsoNormal\"><span lang=\"pt\" style=\"font-size:8.5pt;line-height:115%;font-family:Verdana, sans-serif;\" xml:lang=\"pt\">\u00a0<\/span><\/p>\n<\/p>\n<p><span lang=\"pt\" xml:lang=\"pt\">\u00a0<\/span><\/p>\n","protected":false},"excerpt":{"rendered":"<p style=\"background:#FFFFFF;margin:0cm 0cm 11.25pt 0cm;\"><span style=\"font-family:Calibri, sans-serif;\"><span style=\"font-size:14.6667px;\">. Recipe at the Table<\/span><\/span><\/p>\n<p style=\"background:#FFFFFF;margin:0cm 0cm 11.25pt 0cm;\"><span style=\"font-family:Calibri, sans-serif;\"><span style=\"font-size:14.6667px;\">. Bob\u00f3 de Camar\u00e3o recipe<\/span><\/span><\/p>\n<p style=\"background:#FFFFFF;margin:0cm 0cm 11.25pt 0cm;\"><span style=\"font-family:Calibri, sans-serif;\"><span style=\"font-size:14.6667px;\">. Tasty and Simple<\/span><\/span><\/p><\/p>\n","protected":false},"author":43533,"featured_media":95872,"comment_status":"open","ping_status":"closed","template":"","meta":[],"pwb-brand":[],"product_brand":[],"product_cat":[8289,8445,8433,8429],"product_tag":[],"class_list":{"0":"post-217370","1":"product","2":"type-product","3":"status-publish","4":"has-post-thumbnail","6":"product_cat-inicio","7":"product_cat-receitas-a-mesa-pt-pt-produtos-portugueses","8":"product_cat-receitas-a-mesa-pt-pt","9":"product_cat-receitas-a-mesa","11":"first","12":"instock","13":"taxable","14":"shipping-taxable","15":"purchasable","16":"product-type-simple"},"aioseo_notices":[],"brands":[],"_links":{"self":[{"href":"https:\/\/www.delicias-uk.com\/pt-pt\/wp-json\/wp\/v2\/product\/217370","targetHints":{"allow":["GET"]}}],"collection":[{"href":"https:\/\/www.delicias-uk.com\/pt-pt\/wp-json\/wp\/v2\/product"}],"about":[{"href":"https:\/\/www.delicias-uk.com\/pt-pt\/wp-json\/wp\/v2\/types\/product"}],"author":[{"embeddable":true,"href":"https:\/\/www.delicias-uk.com\/pt-pt\/wp-json\/wp\/v2\/users\/43533"}],"replies":[{"embeddable":true,"href":"https:\/\/www.delicias-uk.com\/pt-pt\/wp-json\/wp\/v2\/comments?post=217370"}],"wp:featuredmedia":[{"embeddable":true,"href":"https:\/\/www.delicias-uk.com\/pt-pt\/wp-json\/wp\/v2\/media\/95872"}],"wp:attachment":[{"href":"https:\/\/www.delicias-uk.com\/pt-pt\/wp-json\/wp\/v2\/media?parent=217370"}],"wp:term":[{"taxonomy":"pwb-brand","embeddable":true,"href":"https:\/\/www.delicias-uk.com\/pt-pt\/wp-json\/wp\/v2\/pwb-brand?post=217370"},{"taxonomy":"product_brand","embeddable":true,"href":"https:\/\/www.delicias-uk.com\/pt-pt\/wp-json\/wp\/v2\/product_brand?post=217370"},{"taxonomy":"product_cat","embeddable":true,"href":"https:\/\/www.delicias-uk.com\/pt-pt\/wp-json\/wp\/v2\/product_cat?post=217370"},{"taxonomy":"product_tag","embeddable":true,"href":"https:\/\/www.delicias-uk.com\/pt-pt\/wp-json\/wp\/v2\/product_tag?post=217370"}],"curies":[{"name":"wp","href":"https:\/\/api.w.org\/{rel}","templated":true}]}}