{"id":217368,"date":"2024-05-28T10:57:11","date_gmt":"2024-05-28T09:57:11","guid":{"rendered":"https:\/\/www.delicias-uk.com\/product\/kit-para-arroz-carreteiro\/"},"modified":"2026-01-09T16:26:14","modified_gmt":"2026-01-09T16:26:14","slug":"kit-para-arroz-carreteiro","status":"publish","type":"product","link":"https:\/\/www.delicias-uk.com\/pt-pt\/produto\/kit-para-arroz-carreteiro\/","title":{"rendered":"Kit para Arroz Carreteiro"},"content":{"rendered":"<p class=\"MsoNormal\" style=\"margin-bottom:0cm;line-height:normal;\"><span lang=\"pt\" style=\"font-size:8.5pt;font-family:Verdana, sans-serif;background:#FFFFFF;\" xml:lang=\"pt\">A mistura de arroz, carne seca, lingui\u00e7a, bacon, tomate e temperos tem origem com os carreteiros: homens que levavam mercadorias em carretas puxadas por bois pelo interior do pa\u00eds no in\u00edcio do s\u00e9culo passado. Esse \u00e9 um prato tradicional do sul do pa\u00eds, mas que j\u00e1 \u00e9 amado em todas as regi\u00f5es: confira como fazer arroz carreteiro simples! Uma receita perfeita para aquele almo\u00e7o em fam\u00edlia no final de semana, com muito sabor!<\/span><span lang=\"pt\" style=\"font-size:8.5pt;font-family:Verdana, sans-serif;\" xml:lang=\"pt\"><\/span><\/p>\n<\/p>\n<p class=\"MsoNormal\" style=\"line-height:normal;\"><span lang=\"pt\" style=\"font-size:8.5pt;font-family:Verdana, sans-serif;\" xml:lang=\"pt\">GRO-RIC4921\u00a0\u00a0\u00a0 Arroz Camil Branco Tipo 1 1kg<\/span><\/p>\n<\/p>\n<p class=\"MsoNormal\" style=\"line-height:normal;\"><span lang=\"pt\" style=\"font-size:8.5pt;font-family:Verdana, sans-serif;\" xml:lang=\"pt\">CHA-BCN0213\u00a0\u00a0\u00a0 Bacon Fumado Extra Prisca 1\/2 200g<\/span><\/p>\n<\/p>\n<p class=\"MsoNormal\" style=\"line-height:normal;\"><span lang=\"pt\" style=\"font-size:8.5pt;font-family:Verdana, sans-serif;\" xml:lang=\"pt\">SPL-BEE7653\u00a0\u00a0\u00a0\u00a0 Carne Seca Traseiro Pedacos Prisca 450g<\/span><\/p>\n<\/p>\n<p class=\"MsoNormal\" style=\"line-height:normal;\"><span lang=\"pt\" style=\"font-size:8.5pt;font-family:Verdana, sans-serif;\" xml:lang=\"pt\">CHA-SLS0532\u00a0\u00a0\u00a0 Linguica Calabresa Defumada Prisca Sq. 280g<\/span><\/p>\n<\/p>\n<p class=\"MsoNormal\" style=\"line-height:normal;\"><span lang=\"pt\" style=\"font-size:8.5pt;font-family:Verdana, sans-serif;\" xml:lang=\"pt\">\u00a0<\/span><\/p>\n<p class=\"MsoNormal\" style=\"line-height:normal;\"><b><span lang=\"pt\" style=\"font-size:8.5pt;font-family:Verdana, sans-serif;\" xml:lang=\"pt\">Prepara\u00e7\u00e3o<\/span><\/b><span lang=\"pt\" style=\"font-size:8.5pt;font-family:Verdana, sans-serif;\" xml:lang=\"pt\"><\/span><\/p>\n<\/p>\n<p class=\"MsoListParagraphCxSpFirst\" style=\"text-indent:-18pt;line-height:normal;\"><!-- [if !supportLists]--><span lang=\"pt\" style=\"font-size:8.5pt;font-family:Verdana, sans-serif;\" xml:lang=\"pt\">1.<span style=\"font-size:7pt;line-height:normal;font-family:'Times New Roman';\">\u00a0\u00a0\u00a0\u00a0 <\/span><\/span><!--[endif]--><span lang=\"pt\" style=\"font-size:8.5pt;font-family:Verdana, sans-serif;\" xml:lang=\"pt\">Cozinhe a carne seca em panela de press\u00e3o, retire, espera esfriar e desfie.<\/span><\/p>\n<\/p>\n<p class=\"MsoListParagraphCxSpMiddle\" style=\"text-indent:-18pt;line-height:normal;\"><!-- [if !supportLists]--><span lang=\"pt\" style=\"font-size:8.5pt;font-family:Verdana, sans-serif;\" xml:lang=\"pt\">2.<span style=\"font-size:7pt;line-height:normal;font-family:'Times New Roman';\">\u00a0\u00a0\u00a0\u00a0 <\/span><\/span><!--[endif]--><span lang=\"pt\" style=\"font-size:8.5pt;font-family:Verdana, sans-serif;\" xml:lang=\"pt\">Reserve<\/span><\/p>\n<\/p>\n<p class=\"MsoListParagraphCxSpMiddle\" style=\"text-indent:-18pt;line-height:normal;\"><!-- [if !supportLists]--><span lang=\"pt\" style=\"font-size:8.5pt;font-family:Verdana, sans-serif;\" xml:lang=\"pt\">3.<span style=\"font-size:7pt;line-height:normal;font-family:'Times New Roman';\">\u00a0\u00a0\u00a0\u00a0 <\/span><\/span><!--[endif]--><span lang=\"pt\" style=\"font-size:8.5pt;font-family:Verdana, sans-serif;\" xml:lang=\"pt\">Retire a pele da calabresa e corte em cubos juntamente com o bacon<\/span><\/p>\n<\/p>\n<p class=\"MsoListParagraphCxSpMiddle\" style=\"text-indent:-18pt;line-height:normal;\"><!-- [if !supportLists]--><span lang=\"pt\" style=\"font-size:8.5pt;font-family:Verdana, sans-serif;\" xml:lang=\"pt\">4.<span style=\"font-size:7pt;line-height:normal;font-family:'Times New Roman';\">\u00a0\u00a0\u00a0\u00a0 <\/span><\/span><!--[endif]--><span lang=\"pt\" style=\"font-size:8.5pt;font-family:Verdana, sans-serif;\" xml:lang=\"pt\">Corte o tomate em cubos pequenos sem as sementes bem como a cebola<\/span><\/p>\n<\/p>\n<p class=\"MsoListParagraphCxSpMiddle\" style=\"text-indent:-18pt;line-height:normal;\"><!-- [if !supportLists]--><span lang=\"pt\" style=\"font-size:8.5pt;font-family:Verdana, sans-serif;\" xml:lang=\"pt\">5.<span style=\"font-size:7pt;line-height:normal;font-family:'Times New Roman';\">\u00a0\u00a0\u00a0\u00a0 <\/span><\/span><!--[endif]--><span lang=\"pt\" style=\"font-size:8.5pt;font-family:Verdana, sans-serif;\" xml:lang=\"pt\">Reserve.<\/span><\/p>\n<\/p>\n<p class=\"MsoListParagraphCxSpMiddle\" style=\"text-indent:-18pt;line-height:normal;\"><!-- [if !supportLists]--><span lang=\"pt\" style=\"font-size:8.5pt;font-family:Verdana, sans-serif;\" xml:lang=\"pt\">6.<span style=\"font-size:7pt;line-height:normal;font-family:'Times New Roman';\">\u00a0\u00a0\u00a0\u00a0 <\/span><\/span><!--[endif]--><span lang=\"pt\" style=\"font-size:8.5pt;font-family:Verdana, sans-serif;\" xml:lang=\"pt\">Refogue o bacon e a calabresa at\u00e9 ficar bem dourada, acrescentando depois a cebola, tomate, pimenta calabresa e a carne desfiada.<\/span><\/p>\n<\/p>\n<p class=\"MsoListParagraphCxSpMiddle\" style=\"text-indent:-18pt;line-height:normal;\"><!-- [if !supportLists]--><span lang=\"pt\" style=\"font-size:8.5pt;font-family:Verdana, sans-serif;\" xml:lang=\"pt\">7.<span style=\"font-size:7pt;line-height:normal;font-family:'Times New Roman';\">\u00a0\u00a0\u00a0\u00a0 <\/span><\/span><!--[endif]--><span lang=\"pt\" style=\"font-size:8.5pt;font-family:Verdana, sans-serif;\" xml:lang=\"pt\">Ap\u00f3s acrescente o arroz, afogue bem, adicione a \u00e1gua corrigindo o sal se necess\u00e1rio e abaixe o fogo aguardando secar.<\/span><\/p>\n<\/p>\n<p class=\"MsoListParagraphCxSpLast\" style=\"text-indent:-18pt;line-height:normal;\"><!-- [if !supportLists]--><span lang=\"pt\" style=\"font-size:8.5pt;font-family:Verdana, sans-serif;\" xml:lang=\"pt\">8.<span style=\"font-size:7pt;line-height:normal;font-family:'Times New Roman';\">\u00a0\u00a0\u00a0\u00a0 <\/span><\/span><!--[endif]--><span lang=\"pt\" style=\"font-size:8.5pt;font-family:Verdana, sans-serif;\" xml:lang=\"pt\">Quando pronto, colocar a salsa em cima.\u00a0<\/span><\/p>\n<\/p>\n<p class=\"MsoNormal\" style=\"line-height:normal;\"><b><span lang=\"pt\" style=\"font-size:8.5pt;font-family:Verdana, sans-serif;\" xml:lang=\"pt\">Ingredientes<\/span><\/b><span lang=\"pt\" style=\"font-size:8.5pt;font-family:Verdana, sans-serif;\" xml:lang=\"pt\"><\/span><\/p>\n<\/p>\n<p class=\"MsoNormal\"><span lang=\"pt\" style=\"font-size:8.5pt;line-height:115%;font-family:Verdana, sans-serif;\" xml:lang=\"pt\">3 copos de arroz<\/span><\/p>\n<\/p>\n<p class=\"MsoNormal\"><span lang=\"pt\" style=\"font-size:8.5pt;line-height:115%;font-family:Verdana, sans-serif;\" xml:lang=\"pt\">\u00a0200 g de bacon fatiado<\/span><\/p>\n<\/p>\n<p class=\"MsoNormal\"><span lang=\"pt\" style=\"font-size:8.5pt;line-height:115%;font-family:Verdana, sans-serif;\" xml:lang=\"pt\">\u00a0500 g de carne seca<\/span><\/p>\n<\/p>\n<p class=\"MsoNormal\"><span lang=\"pt\" style=\"font-size:8.5pt;line-height:115%;font-family:Verdana, sans-serif;\" xml:lang=\"pt\">\u00a0200 g de calabresa<\/span><\/p>\n<\/p>\n<p class=\"MsoNormal\"><span lang=\"pt\" style=\"font-size:8.5pt;line-height:115%;font-family:Verdana, sans-serif;\" xml:lang=\"pt\">\u00a01 tomate grande bem maduro<\/span><\/p>\n<\/p>\n<p class=\"MsoNormal\"><span lang=\"pt\" style=\"font-size:8.5pt;line-height:115%;font-family:Verdana, sans-serif;\" xml:lang=\"pt\">\u00a01 cebola grande<\/span><\/p>\n<\/p>\n<p class=\"MsoNormal\"><span lang=\"pt\" style=\"font-size:8.5pt;line-height:115%;font-family:Verdana, sans-serif;\" xml:lang=\"pt\">\u00a0Pimenta calabresa<\/span><\/p>\n<\/p>\n<p class=\"MsoNormal\"><span lang=\"pt\" style=\"font-size:8.5pt;line-height:115%;font-family:Verdana, sans-serif;\" xml:lang=\"pt\">\u00a0Salsa<\/span><\/p>\n<\/p>\n<p class=\"MsoNormal\"><span lang=\"pt\" style=\"font-size:8.5pt;line-height:115%;font-family:Verdana, sans-serif;\" xml:lang=\"pt\">\u00a0Sal<\/span><span lang=\"pt\" style=\"font-size:8.5pt;line-height:115%;font-family:Verdana, sans-serif;\" xml:lang=\"pt\"><\/span><\/p>\n<\/p>\n<p class=\"MsoNormal\">\n<p class=\"MsoNormal\"><span lang=\"pt\" style=\"font-size:8.5pt;line-height:115%;font-family:Verdana, sans-serif;\" xml:lang=\"pt\">\u00a0<\/span><\/p>\n<\/p>\n<p><span lang=\"pt\" xml:lang=\"pt\">\u00a0<\/span><\/p>\n","protected":false},"excerpt":{"rendered":"<p style=\"background:#FFFFFF;margin:0cm 0cm 11.25pt 0cm;\"><span style=\"font-size:11pt;font-family:Calibri, sans-serif;color:#000000;\">. Recipe at the Table<\/span><span style=\"font-size:11pt;font-family:Calibri, sans-serif;\"><\/span><\/p>\n<p style=\"background:#FFFFFF;margin:0cm 0cm 11.25pt 0cm;\"><span style=\"font-size:11pt;font-family:Calibri, sans-serif;color:#000000;\">. <span style=\"background:#FFFFFF;\">Arroz de Carreteiro recipe<\/span><\/span><span style=\"font-size:11pt;font-family:Calibri, sans-serif;\"><\/span><\/p>\n<p style=\"margin:0cm;background:#FFFFFF;\"><span style=\"font-size:11pt;font-family:Calibri, sans-serif;color:#000000;background:#FFFFFF;\">. Tasty and Simple<\/span><span style=\"font-size:11pt;font-family:Calibri, sans-serif;background:#FFFFFF;\"><\/span><\/p><\/p>\n","protected":false},"author":43533,"featured_media":95865,"comment_status":"open","ping_status":"closed","template":"","meta":[],"pwb-brand":[],"product_brand":[],"product_cat":[8289,8445,8433,8429],"product_tag":[],"class_list":{"0":"post-217368","1":"product","2":"type-product","3":"status-publish","4":"has-post-thumbnail","6":"product_cat-inicio","7":"product_cat-receitas-a-mesa-pt-pt-produtos-portugueses","8":"product_cat-receitas-a-mesa-pt-pt","9":"product_cat-receitas-a-mesa","11":"first","12":"instock","13":"taxable","14":"shipping-taxable","15":"purchasable","16":"product-type-simple"},"aioseo_notices":[],"brands":[],"_links":{"self":[{"href":"https:\/\/www.delicias-uk.com\/pt-pt\/wp-json\/wp\/v2\/product\/217368","targetHints":{"allow":["GET"]}}],"collection":[{"href":"https:\/\/www.delicias-uk.com\/pt-pt\/wp-json\/wp\/v2\/product"}],"about":[{"href":"https:\/\/www.delicias-uk.com\/pt-pt\/wp-json\/wp\/v2\/types\/product"}],"author":[{"embeddable":true,"href":"https:\/\/www.delicias-uk.com\/pt-pt\/wp-json\/wp\/v2\/users\/43533"}],"replies":[{"embeddable":true,"href":"https:\/\/www.delicias-uk.com\/pt-pt\/wp-json\/wp\/v2\/comments?post=217368"}],"wp:featuredmedia":[{"embeddable":true,"href":"https:\/\/www.delicias-uk.com\/pt-pt\/wp-json\/wp\/v2\/media\/95865"}],"wp:attachment":[{"href":"https:\/\/www.delicias-uk.com\/pt-pt\/wp-json\/wp\/v2\/media?parent=217368"}],"wp:term":[{"taxonomy":"pwb-brand","embeddable":true,"href":"https:\/\/www.delicias-uk.com\/pt-pt\/wp-json\/wp\/v2\/pwb-brand?post=217368"},{"taxonomy":"product_brand","embeddable":true,"href":"https:\/\/www.delicias-uk.com\/pt-pt\/wp-json\/wp\/v2\/product_brand?post=217368"},{"taxonomy":"product_cat","embeddable":true,"href":"https:\/\/www.delicias-uk.com\/pt-pt\/wp-json\/wp\/v2\/product_cat?post=217368"},{"taxonomy":"product_tag","embeddable":true,"href":"https:\/\/www.delicias-uk.com\/pt-pt\/wp-json\/wp\/v2\/product_tag?post=217368"}],"curies":[{"name":"wp","href":"https:\/\/api.w.org\/{rel}","templated":true}]}}