{"id":217356,"date":"2024-05-20T16:17:26","date_gmt":"2024-05-20T16:17:26","guid":{"rendered":"https:\/\/www.delicias-uk.com\/product\/sardinhas-em-azeite-picante-minerva-edicao-limitada-lata-120g\/"},"modified":"2025-02-06T17:14:50","modified_gmt":"2025-02-06T17:14:50","slug":"sardinhas-em-azeite-picante-minerva-edicao-limitada-lata-120g","status":"publish","type":"product","link":"https:\/\/www.delicias-uk.com\/pt-pt\/produto\/sardinhas-em-azeite-picante-minerva-edicao-limitada-lata-120g\/","title":{"rendered":"Sardinhas em Azeite Picante Minerva Edi\u00e7\u00e3o Limitada Lata 120g"},"content":{"rendered":"<p>Sardinhas do Atl\u00e2ntico, capturadas durante os meses de campanha. Feitas \u00e0 m\u00e3o, segundo o m\u00e9todo tradicional portugu\u00eas e acompanhadas por azeite picante com pickles frescos.<\/p>\n<p>Aos processos de produ\u00e7\u00e3o artesanais e \u00fanicos de conservas de peixe, acrescentamos um toque de inova\u00e7\u00e3o, ao servi\u00e7o dos paladares mais exigentes. Trabalhamos com o ambiente e a pesca sustent\u00e1vel, garantida pelos certificados Open to Sea, Certified Sustainable Fishing e Friend of the Sea. Assim \u00e9 A Poveira.<\/p>\n","protected":false},"excerpt":{"rendered":"<ul style=\"list-style-type:disc;\">\n<li>Peso l\u00edquido 120g<\/li>\n<li>Fonte de Omega3<\/li>\n<li>Produto Portugu\u00eas<\/li>\n<\/ul>\n","protected":false},"author":43533,"featured_media":95839,"comment_status":"open","ping_status":"closed","template":"","meta":[],"pwb-brand":[],"product_brand":[],"product_cat":[9325,8289,8291,8411,8479],"product_tag":[],"class_list":{"0":"post-217356","1":"product","2":"type-product","3":"status-publish","4":"has-post-thumbnail","6":"product_cat-pickles-conservas","7":"product_cat-inicio","8":"product_cat-produtos-portugueses","9":"product_cat-conservas","10":"product_cat-sardinha","12":"first","13":"outofstock","14":"taxable","15":"shipping-taxable","16":"purchasable","17":"product-type-simple"},"aioseo_notices":[],"brands":[],"_links":{"self":[{"href":"https:\/\/www.delicias-uk.com\/pt-pt\/wp-json\/wp\/v2\/product\/217356","targetHints":{"allow":["GET"]}}],"collection":[{"href":"https:\/\/www.delicias-uk.com\/pt-pt\/wp-json\/wp\/v2\/product"}],"about":[{"href":"https:\/\/www.delicias-uk.com\/pt-pt\/wp-json\/wp\/v2\/types\/product"}],"author":[{"embeddable":true,"href":"https:\/\/www.delicias-uk.com\/pt-pt\/wp-json\/wp\/v2\/users\/43533"}],"replies":[{"embeddable":true,"href":"https:\/\/www.delicias-uk.com\/pt-pt\/wp-json\/wp\/v2\/comments?post=217356"}],"wp:featuredmedia":[{"embeddable":true,"href":"https:\/\/www.delicias-uk.com\/pt-pt\/wp-json\/wp\/v2\/media\/95839"}],"wp:attachment":[{"href":"https:\/\/www.delicias-uk.com\/pt-pt\/wp-json\/wp\/v2\/media?parent=217356"}],"wp:term":[{"taxonomy":"pwb-brand","embeddable":true,"href":"https:\/\/www.delicias-uk.com\/pt-pt\/wp-json\/wp\/v2\/pwb-brand?post=217356"},{"taxonomy":"product_brand","embeddable":true,"href":"https:\/\/www.delicias-uk.com\/pt-pt\/wp-json\/wp\/v2\/product_brand?post=217356"},{"taxonomy":"product_cat","embeddable":true,"href":"https:\/\/www.delicias-uk.com\/pt-pt\/wp-json\/wp\/v2\/product_cat?post=217356"},{"taxonomy":"product_tag","embeddable":true,"href":"https:\/\/www.delicias-uk.com\/pt-pt\/wp-json\/wp\/v2\/product_tag?post=217356"}],"curies":[{"name":"wp","href":"https:\/\/api.w.org\/{rel}","templated":true}]}}