{"id":217344,"date":"2024-05-20T15:35:51","date_gmt":"2024-05-20T15:35:51","guid":{"rendered":"https:\/\/www.delicias-uk.com\/product\/sardinhas-em-azeite-minerva-lata-120g\/"},"modified":"2025-06-23T00:02:56","modified_gmt":"2025-06-22T23:02:56","slug":"sardinhas-em-azeite-minerva-lata-120g","status":"publish","type":"product","link":"https:\/\/www.delicias-uk.com\/pt-pt\/produto\/sardinhas-em-azeite-minerva-lata-120g\/","title":{"rendered":"Sardinhas em Azeite Minerva Lata 120g"},"content":{"rendered":"<p>Produto fabricado com Sardinha fresca, do Atl\u00e2ntico, capturada nos melhores meses de campanha e produzidas de acordo com o m\u00e9todo tradicional portugu\u00eas. As sardinhas s\u00e3o selecionadas e preparadas \u00e0 m\u00e3o, uma a uma, s\u00e3o pr\u00e9-cozidas a vapor, sendo enlatadas apenas ap\u00f3s este processo. O m\u00e9todo tradicional confere qualidade superior e sabor incompar\u00e1vel ao produto final.<\/p>\n<p>Aos processos de produ\u00e7\u00e3o artesanais e \u00fanicos de conservas de peixe, acrescentamos um toque de inova\u00e7\u00e3o, ao servi\u00e7o dos paladares mais exigentes. Trabalhamos com o ambiente e a pesca sustent\u00e1vel, garantida pelos certificados Open to Sea, Certified Sustainable Fishing e Friend of the Sea. Assim \u00e9 A Poveira.<\/p>\n","protected":false},"excerpt":{"rendered":"<ul style=\"list-style-type:disc;\">\n<li>Peso l\u00edquido 120g<\/li>\n<li>Fonte de Omega3<\/li>\n<li>Produto Portugu\u00eas<\/li>\n<\/ul>\n","protected":false},"author":43533,"featured_media":95807,"comment_status":"open","ping_status":"closed","template":"","meta":[],"pwb-brand":[],"product_brand":[],"product_cat":[9325,8289,8291,8411,8479],"product_tag":[],"class_list":{"0":"post-217344","1":"product","2":"type-product","3":"status-publish","4":"has-post-thumbnail","6":"product_cat-pickles-conservas","7":"product_cat-inicio","8":"product_cat-produtos-portugueses","9":"product_cat-conservas","10":"product_cat-sardinha","12":"first","13":"outofstock","14":"taxable","15":"shipping-taxable","16":"purchasable","17":"product-type-simple"},"aioseo_notices":[],"brands":[],"_links":{"self":[{"href":"https:\/\/www.delicias-uk.com\/pt-pt\/wp-json\/wp\/v2\/product\/217344","targetHints":{"allow":["GET"]}}],"collection":[{"href":"https:\/\/www.delicias-uk.com\/pt-pt\/wp-json\/wp\/v2\/product"}],"about":[{"href":"https:\/\/www.delicias-uk.com\/pt-pt\/wp-json\/wp\/v2\/types\/product"}],"author":[{"embeddable":true,"href":"https:\/\/www.delicias-uk.com\/pt-pt\/wp-json\/wp\/v2\/users\/43533"}],"replies":[{"embeddable":true,"href":"https:\/\/www.delicias-uk.com\/pt-pt\/wp-json\/wp\/v2\/comments?post=217344"}],"wp:featuredmedia":[{"embeddable":true,"href":"https:\/\/www.delicias-uk.com\/pt-pt\/wp-json\/wp\/v2\/media\/95807"}],"wp:attachment":[{"href":"https:\/\/www.delicias-uk.com\/pt-pt\/wp-json\/wp\/v2\/media?parent=217344"}],"wp:term":[{"taxonomy":"pwb-brand","embeddable":true,"href":"https:\/\/www.delicias-uk.com\/pt-pt\/wp-json\/wp\/v2\/pwb-brand?post=217344"},{"taxonomy":"product_brand","embeddable":true,"href":"https:\/\/www.delicias-uk.com\/pt-pt\/wp-json\/wp\/v2\/product_brand?post=217344"},{"taxonomy":"product_cat","embeddable":true,"href":"https:\/\/www.delicias-uk.com\/pt-pt\/wp-json\/wp\/v2\/product_cat?post=217344"},{"taxonomy":"product_tag","embeddable":true,"href":"https:\/\/www.delicias-uk.com\/pt-pt\/wp-json\/wp\/v2\/product_tag?post=217344"}],"curies":[{"name":"wp","href":"https:\/\/api.w.org\/{rel}","templated":true}]}}