{"id":217338,"date":"2024-05-20T14:01:43","date_gmt":"2024-05-20T13:01:43","guid":{"rendered":"https:\/\/www.delicias-uk.com\/product\/arroz-longo-fino-tipo-1-brasil-louro-1kg\/"},"modified":"2025-02-06T17:12:55","modified_gmt":"2025-02-06T17:12:55","slug":"arroz-longo-fino-tipo-1-brasil-louro-1kg","status":"publish","type":"product","link":"https:\/\/www.delicias-uk.com\/pt-pt\/produto\/arroz-longo-fino-tipo-1-brasil-louro-1kg\/","title":{"rendered":"Arroz Longo Brasil Fino Tipo 1 Louro 1kg"},"content":{"rendered":"<p>O Brasil tem uma gastronomia variada e apaixonante! Se as combina\u00e7\u00f5es de cores e sabores nos permitem experimentar diferentes sensa\u00e7\u00f5es, a mistura de culturas consegue trazer-nos aromas \u00fanicos. Os historiadores dizem-nos que o Brasil foi o primeiro pa\u00eds a cultivar o arroz no continente americano. Hoje, \u00e9 um dos alimentos mais consumidos pela sua popula\u00e7\u00e3o, porque um arroz soltinho fica t\u00e3o bem ao lado do feij\u00e3o.<\/p>\n","protected":false},"excerpt":{"rendered":"<ul style=\"list-style-type:disc;\">\n<li>Peso l\u00edquido 1kg<\/li>\n<li>Arroz longo fino<\/li>\n<li>Pronto em 12-17 minutos<\/li>\n<\/ul>\n","protected":false},"author":43533,"featured_media":95791,"comment_status":"open","ping_status":"closed","template":"","meta":[],"pwb-brand":[],"product_brand":[],"product_cat":[8701],"product_tag":[],"class_list":{"0":"post-217338","1":"product","2":"type-product","3":"status-publish","4":"has-post-thumbnail","6":"product_cat-arroz","8":"first","9":"outofstock","10":"taxable","11":"shipping-taxable","12":"purchasable","13":"product-type-simple"},"aioseo_notices":[],"brands":[],"_links":{"self":[{"href":"https:\/\/www.delicias-uk.com\/pt-pt\/wp-json\/wp\/v2\/product\/217338","targetHints":{"allow":["GET"]}}],"collection":[{"href":"https:\/\/www.delicias-uk.com\/pt-pt\/wp-json\/wp\/v2\/product"}],"about":[{"href":"https:\/\/www.delicias-uk.com\/pt-pt\/wp-json\/wp\/v2\/types\/product"}],"author":[{"embeddable":true,"href":"https:\/\/www.delicias-uk.com\/pt-pt\/wp-json\/wp\/v2\/users\/43533"}],"replies":[{"embeddable":true,"href":"https:\/\/www.delicias-uk.com\/pt-pt\/wp-json\/wp\/v2\/comments?post=217338"}],"wp:featuredmedia":[{"embeddable":true,"href":"https:\/\/www.delicias-uk.com\/pt-pt\/wp-json\/wp\/v2\/media\/95791"}],"wp:attachment":[{"href":"https:\/\/www.delicias-uk.com\/pt-pt\/wp-json\/wp\/v2\/media?parent=217338"}],"wp:term":[{"taxonomy":"pwb-brand","embeddable":true,"href":"https:\/\/www.delicias-uk.com\/pt-pt\/wp-json\/wp\/v2\/pwb-brand?post=217338"},{"taxonomy":"product_brand","embeddable":true,"href":"https:\/\/www.delicias-uk.com\/pt-pt\/wp-json\/wp\/v2\/product_brand?post=217338"},{"taxonomy":"product_cat","embeddable":true,"href":"https:\/\/www.delicias-uk.com\/pt-pt\/wp-json\/wp\/v2\/product_cat?post=217338"},{"taxonomy":"product_tag","embeddable":true,"href":"https:\/\/www.delicias-uk.com\/pt-pt\/wp-json\/wp\/v2\/product_tag?post=217338"}],"curies":[{"name":"wp","href":"https:\/\/api.w.org\/{rel}","templated":true}]}}