{"id":217336,"date":"2024-05-20T13:53:18","date_gmt":"2024-05-20T12:53:18","guid":{"rendered":"https:\/\/www.delicias-uk.com\/product\/arroz-p-paella-oriente-1kg\/"},"modified":"2026-01-05T16:23:40","modified_gmt":"2026-01-05T16:23:40","slug":"arroz-p-paella-oriente-1kg","status":"publish","type":"product","link":"https:\/\/www.delicias-uk.com\/pt-pt\/produto\/arroz-p-paella-oriente-1kg\/","title":{"rendered":"Arroz Para Paella Oriente 1kg"},"content":{"rendered":"<p>Arroz de gr\u00e3o redondo. Perfeito para absorver os sabores e aromas das especiarias. Ap\u00f3s a cozedura os gr\u00e3os ficam macios, h\u00famidos e cremosos.<\/p>\n","protected":false},"excerpt":{"rendered":"<ul style=\"list-style-type:disc;\">\n<li>Peso l\u00edquido 1kg<\/li>\n<li>Arroz redondo p\/ paella<\/li>\n<li>Pronto em 14-19 minutos<\/li>\n<\/ul>\n","protected":false},"author":43533,"featured_media":246409,"comment_status":"open","ping_status":"closed","template":"","meta":[],"pwb-brand":[],"product_brand":[],"product_cat":[8701],"product_tag":[],"class_list":{"0":"post-217336","1":"product","2":"type-product","3":"status-publish","4":"has-post-thumbnail","6":"product_cat-arroz","8":"first","9":"instock","10":"taxable","11":"shipping-taxable","12":"purchasable","13":"product-type-simple"},"aioseo_notices":[],"brands":[],"_links":{"self":[{"href":"https:\/\/www.delicias-uk.com\/pt-pt\/wp-json\/wp\/v2\/product\/217336","targetHints":{"allow":["GET"]}}],"collection":[{"href":"https:\/\/www.delicias-uk.com\/pt-pt\/wp-json\/wp\/v2\/product"}],"about":[{"href":"https:\/\/www.delicias-uk.com\/pt-pt\/wp-json\/wp\/v2\/types\/product"}],"author":[{"embeddable":true,"href":"https:\/\/www.delicias-uk.com\/pt-pt\/wp-json\/wp\/v2\/users\/43533"}],"replies":[{"embeddable":true,"href":"https:\/\/www.delicias-uk.com\/pt-pt\/wp-json\/wp\/v2\/comments?post=217336"}],"wp:featuredmedia":[{"embeddable":true,"href":"https:\/\/www.delicias-uk.com\/pt-pt\/wp-json\/wp\/v2\/media\/246409"}],"wp:attachment":[{"href":"https:\/\/www.delicias-uk.com\/pt-pt\/wp-json\/wp\/v2\/media?parent=217336"}],"wp:term":[{"taxonomy":"pwb-brand","embeddable":true,"href":"https:\/\/www.delicias-uk.com\/pt-pt\/wp-json\/wp\/v2\/pwb-brand?post=217336"},{"taxonomy":"product_brand","embeddable":true,"href":"https:\/\/www.delicias-uk.com\/pt-pt\/wp-json\/wp\/v2\/product_brand?post=217336"},{"taxonomy":"product_cat","embeddable":true,"href":"https:\/\/www.delicias-uk.com\/pt-pt\/wp-json\/wp\/v2\/product_cat?post=217336"},{"taxonomy":"product_tag","embeddable":true,"href":"https:\/\/www.delicias-uk.com\/pt-pt\/wp-json\/wp\/v2\/product_tag?post=217336"}],"curies":[{"name":"wp","href":"https:\/\/api.w.org\/{rel}","templated":true}]}}