{"id":217296,"date":"2024-05-17T11:32:00","date_gmt":"2024-05-17T11:32:00","guid":{"rendered":"https:\/\/www.delicias-uk.com\/product\/vale-presente-de-aniversario\/"},"modified":"2025-02-06T17:26:23","modified_gmt":"2025-02-06T17:26:23","slug":"vale-presente-de-aniversario","status":"publish","type":"product","link":"https:\/\/www.delicias-uk.com\/pt-pt\/produto\/vale-presente-de-aniversario\/","title":{"rendered":"Vale-Presente Delicias UK"},"content":{"rendered":"<p><strong>Termos de uso:<\/strong>\u00a0<i>Seu vale-presente pode ser resgatado apenas no Delicias UK Online. O cart\u00e3o n\u00e3o pode ser trocado por dinheiro, \u00e9 intransfer\u00edvel e n\u00e3o pode ser usado em conjunto com qualquer outro cupom ou desconto. Entrega em todo o Reino Unido, mas a taxa de envio n\u00e3o est\u00e1 inclu\u00edda no vale-presente. A pessoa que receber o vale-presente ser\u00e1 cobrada \u00a3 7,50 em pedidos abaixo de \u00a3 75. Para encomendas superiores a \u00a375 e limitadas a 25kg, n\u00e3o se aplicam taxas adicionais. V\u00e1lido por um per\u00edodo de 12 meses. O cr\u00e9dito do cart\u00e3o-presente \u00e9 para apenas uma compra.<\/i><\/p>\n","protected":false},"excerpt":{"rendered":"<p><strong>Envie muito amor a um amigo ou familiar que est\u00e1 comemorando anivers\u00e1rio!<\/strong><\/p>\n<ul style=\"list-style-type:disc;\">\n<li>Escolha um valor de \u00a325 a \u00a3150<\/li>\n<li>Dispon\u00edvel para todos os produtos em nosso site<\/li>\n<\/ul>\n","protected":false},"author":43533,"featured_media":95704,"comment_status":"open","ping_status":"closed","template":"","meta":[],"pwb-brand":[],"product_brand":[],"product_cat":[8289,8297],"product_tag":[],"class_list":{"0":"post-217296","1":"product","2":"type-product","3":"status-publish","4":"has-post-thumbnail","6":"product_cat-inicio","7":"product_cat-gift-cards-pt-pt","9":"first","10":"instock","11":"taxable","12":"shipping-taxable","13":"purchasable","14":"product-type-pw-gift-card"},"aioseo_notices":[],"brands":[],"_links":{"self":[{"href":"https:\/\/www.delicias-uk.com\/pt-pt\/wp-json\/wp\/v2\/product\/217296","targetHints":{"allow":["GET"]}}],"collection":[{"href":"https:\/\/www.delicias-uk.com\/pt-pt\/wp-json\/wp\/v2\/product"}],"about":[{"href":"https:\/\/www.delicias-uk.com\/pt-pt\/wp-json\/wp\/v2\/types\/product"}],"author":[{"embeddable":true,"href":"https:\/\/www.delicias-uk.com\/pt-pt\/wp-json\/wp\/v2\/users\/43533"}],"replies":[{"embeddable":true,"href":"https:\/\/www.delicias-uk.com\/pt-pt\/wp-json\/wp\/v2\/comments?post=217296"}],"wp:featuredmedia":[{"embeddable":true,"href":"https:\/\/www.delicias-uk.com\/pt-pt\/wp-json\/wp\/v2\/media\/95704"}],"wp:attachment":[{"href":"https:\/\/www.delicias-uk.com\/pt-pt\/wp-json\/wp\/v2\/media?parent=217296"}],"wp:term":[{"taxonomy":"pwb-brand","embeddable":true,"href":"https:\/\/www.delicias-uk.com\/pt-pt\/wp-json\/wp\/v2\/pwb-brand?post=217296"},{"taxonomy":"product_brand","embeddable":true,"href":"https:\/\/www.delicias-uk.com\/pt-pt\/wp-json\/wp\/v2\/product_brand?post=217296"},{"taxonomy":"product_cat","embeddable":true,"href":"https:\/\/www.delicias-uk.com\/pt-pt\/wp-json\/wp\/v2\/product_cat?post=217296"},{"taxonomy":"product_tag","embeddable":true,"href":"https:\/\/www.delicias-uk.com\/pt-pt\/wp-json\/wp\/v2\/product_tag?post=217296"}],"curies":[{"name":"wp","href":"https:\/\/api.w.org\/{rel}","templated":true}]}}