{"id":217292,"date":"2024-05-14T11:22:23","date_gmt":"2024-05-14T10:22:23","guid":{"rendered":"https:\/\/www.delicias-uk.com\/product\/fuet-de-porco-preto-do-campo-sel-170g\/"},"modified":"2025-11-18T10:03:19","modified_gmt":"2025-11-18T10:03:19","slug":"fuet-de-porco-preto-do-campo-sel-170g","status":"publish","type":"product","link":"https:\/\/www.delicias-uk.com\/pt-pt\/produto\/fuet-de-porco-preto-do-campo-sel-170g\/","title":{"rendered":"Fuet de Porco Preto do Campo SEL 170g"},"content":{"rendered":"<p>Produto elaborado a partir de uma mistura de carne de Porco Preto do Campo cortada e picada e entremeadas, com adi\u00e7\u00e3o de sal, especiarias, misturada e enchida em tripa natural, produto submetido a um processo de Matura\u00e7\u00e3o.<\/p>\n<p>De textura tenra e suculenta derivada do seu duplo esmagamento, preparado de forma tradicional. Sabor delicado com leves notas apimentadas. Sensa\u00e7\u00e3o de fluidez e maciez em contacto com a boca. O FUET SEL caracteriza-se pela sua delicadeza, conferida pela sele\u00e7\u00e3o picada da carne e pelo aporte de gordura infiltrada nos m\u00fasculos do Porco Alentejano, que d\u00e1 origem a um sabor muito harmonioso, intenso e com aroma \u00fanico.<\/p>\n<p><strong>Ingredientes<\/strong>: Porco Preto do Campo (Origem: UE) (93,5%) sal, lactose, a\u00e7\u00facar, dextrose, aroma natural, pimenta, antioxidantes: (ascorbato de s\u00f3dio). Conservantes: (nitrito de s\u00f3dio). Corante: (\u00e1cido carm\u00ednico). Na superf\u00edcie: esporos de Penicillium. Espessante: (carboximetilcelulose de s\u00f3dio), suportado com dextrose. Recheado em tripa natural.<\/p>\n<p><strong>Al\u00e9rgenos<\/strong>: nenhum<\/p>\n<p><strong>Informa\u00e7\u00f5es nutricionais por 100g<\/strong><\/p>\n<ul style=\"list-style-type:disc\">\n<li>Energia 2325 kJ \/ 562 Kcal<\/li>\n<li>Lip\u00eddios 52 g<\/li>\n<li>dos quais saturados 20 g<\/li>\n<li>Carboidratos 1,7 g<\/li>\n<li>dos quais a\u00e7\u00facares 1,7 g<\/li>\n<li>Fibra 0 g<\/li>\n<li>Prote\u00edna 23 g<\/li>\n<li>Sal 5,6 g<\/li>\n<\/ul>\n<p><strong>Pa\u00eds de origem<\/strong>: UE<\/p>\n","protected":false},"excerpt":{"rendered":"<ul style=\"list-style-type:disc\">\n<li>Peso l\u00edquido 170g<\/li>\n<li>Feito a partir de porco preto do campo<\/li>\n<li>Fonte de prote\u00edna<\/li>\n<\/ul>\n","protected":false},"author":43533,"featured_media":95692,"comment_status":"open","ping_status":"closed","template":"","meta":[],"pwb-brand":[],"product_brand":[],"product_cat":[8289,8291,8337,8663],"product_tag":[],"class_list":{"0":"post-217292","1":"product","2":"type-product","3":"status-publish","4":"has-post-thumbnail","6":"product_cat-inicio","7":"product_cat-produtos-portugueses","8":"product_cat-charcutaria","9":"product_cat-chourico-e-salsicha","11":"first","12":"outofstock","13":"taxable","14":"shipping-taxable","15":"purchasable","16":"product-type-simple"},"aioseo_notices":[],"brands":[],"_links":{"self":[{"href":"https:\/\/www.delicias-uk.com\/pt-pt\/wp-json\/wp\/v2\/product\/217292","targetHints":{"allow":["GET"]}}],"collection":[{"href":"https:\/\/www.delicias-uk.com\/pt-pt\/wp-json\/wp\/v2\/product"}],"about":[{"href":"https:\/\/www.delicias-uk.com\/pt-pt\/wp-json\/wp\/v2\/types\/product"}],"author":[{"embeddable":true,"href":"https:\/\/www.delicias-uk.com\/pt-pt\/wp-json\/wp\/v2\/users\/43533"}],"replies":[{"embeddable":true,"href":"https:\/\/www.delicias-uk.com\/pt-pt\/wp-json\/wp\/v2\/comments?post=217292"}],"wp:featuredmedia":[{"embeddable":true,"href":"https:\/\/www.delicias-uk.com\/pt-pt\/wp-json\/wp\/v2\/media\/95692"}],"wp:attachment":[{"href":"https:\/\/www.delicias-uk.com\/pt-pt\/wp-json\/wp\/v2\/media?parent=217292"}],"wp:term":[{"taxonomy":"pwb-brand","embeddable":true,"href":"https:\/\/www.delicias-uk.com\/pt-pt\/wp-json\/wp\/v2\/pwb-brand?post=217292"},{"taxonomy":"product_brand","embeddable":true,"href":"https:\/\/www.delicias-uk.com\/pt-pt\/wp-json\/wp\/v2\/product_brand?post=217292"},{"taxonomy":"product_cat","embeddable":true,"href":"https:\/\/www.delicias-uk.com\/pt-pt\/wp-json\/wp\/v2\/product_cat?post=217292"},{"taxonomy":"product_tag","embeddable":true,"href":"https:\/\/www.delicias-uk.com\/pt-pt\/wp-json\/wp\/v2\/product_tag?post=217292"}],"curies":[{"name":"wp","href":"https:\/\/api.w.org\/{rel}","templated":true}]}}