{"id":217286,"date":"2024-05-14T10:38:24","date_gmt":"2024-05-14T10:38:24","guid":{"rendered":"https:\/\/www.delicias-uk.com\/product\/batatas-fritas-de-caviar-snackgold-125g\/"},"modified":"2025-02-06T17:17:13","modified_gmt":"2025-02-06T17:17:13","slug":"batatas-fritas-de-caviar-snackgold-125g","status":"publish","type":"product","link":"https:\/\/www.delicias-uk.com\/pt-pt\/produto\/batatas-fritas-de-caviar-snackgold-125g\/","title":{"rendered":"Batata Frita Gourmet de Caviar SnackGold 125g"},"content":{"rendered":"<p>As batatas fritas caseiras Snackgold Caviar s\u00e3o totalmente fabricadas e produzidas em Espanha, utilizando ingredientes da melhor qualidade. A espessura e o tamanho dos chips Snackgold est\u00e3o acima dos chips cl\u00e1ssicos.<\/p>\n<p>Selecionamos as batatas espanholas da melhor qualidade do mercado para obter o melhor sabor. Seguimos um processo artesanal para preservar os valores da nossa marca e oferecer aos nossos clientes os melhores Crisps do mercado.<\/p>\n<p>Nossas batatas fritas caseiras de caviar vermelho s\u00e3o ideais para os paladares mais requintados. O caviar vermelho acrescenta como ingrediente \u00e0s nossas batatas fritas gourmet caseiras o toque sublime que as transforma num produto gastron\u00f3mico de luxo.<\/p>\n<p>Selecionamos as batatas espanholas da melhor qualidade do mercado para obter o melhor sabor. Seguimos um processo artesanal para preservar os valores da nossa marca e oferecer aos nossos clientes os melhores Crisps do mercado. Perfeito para compartilhar com amigos em momentos especiais.<\/p>\n<p><b>INGREDIENTES:\u00a0<\/b>Batata, \u00f3leo de girassol, azeite, sal e aroma de caviar.<\/p>\n","protected":false},"excerpt":{"rendered":"<ul style=\"list-style-type:disc;\">\n<li>Peso l\u00edquido 125g<\/li>\n<li>Feito com sal marinho e caviar<\/li>\n<li>Produto da Espanha<\/li>\n<\/ul>\n","protected":false},"author":43533,"featured_media":95673,"comment_status":"open","ping_status":"closed","template":"","meta":[],"pwb-brand":[],"product_brand":[],"product_cat":[8289,8295],"product_tag":[],"class_list":{"0":"post-217286","1":"product","2":"type-product","3":"status-publish","4":"has-post-thumbnail","6":"product_cat-inicio","7":"product_cat-produtos-espanhois","9":"first","10":"outofstock","11":"taxable","12":"shipping-taxable","13":"purchasable","14":"product-type-simple"},"aioseo_notices":[],"brands":[],"_links":{"self":[{"href":"https:\/\/www.delicias-uk.com\/pt-pt\/wp-json\/wp\/v2\/product\/217286","targetHints":{"allow":["GET"]}}],"collection":[{"href":"https:\/\/www.delicias-uk.com\/pt-pt\/wp-json\/wp\/v2\/product"}],"about":[{"href":"https:\/\/www.delicias-uk.com\/pt-pt\/wp-json\/wp\/v2\/types\/product"}],"author":[{"embeddable":true,"href":"https:\/\/www.delicias-uk.com\/pt-pt\/wp-json\/wp\/v2\/users\/43533"}],"replies":[{"embeddable":true,"href":"https:\/\/www.delicias-uk.com\/pt-pt\/wp-json\/wp\/v2\/comments?post=217286"}],"wp:featuredmedia":[{"embeddable":true,"href":"https:\/\/www.delicias-uk.com\/pt-pt\/wp-json\/wp\/v2\/media\/95673"}],"wp:attachment":[{"href":"https:\/\/www.delicias-uk.com\/pt-pt\/wp-json\/wp\/v2\/media?parent=217286"}],"wp:term":[{"taxonomy":"pwb-brand","embeddable":true,"href":"https:\/\/www.delicias-uk.com\/pt-pt\/wp-json\/wp\/v2\/pwb-brand?post=217286"},{"taxonomy":"product_brand","embeddable":true,"href":"https:\/\/www.delicias-uk.com\/pt-pt\/wp-json\/wp\/v2\/product_brand?post=217286"},{"taxonomy":"product_cat","embeddable":true,"href":"https:\/\/www.delicias-uk.com\/pt-pt\/wp-json\/wp\/v2\/product_cat?post=217286"},{"taxonomy":"product_tag","embeddable":true,"href":"https:\/\/www.delicias-uk.com\/pt-pt\/wp-json\/wp\/v2\/product_tag?post=217286"}],"curies":[{"name":"wp","href":"https:\/\/api.w.org\/{rel}","templated":true}]}}